{"id":1556,"date":"2020-08-03T13:17:52","date_gmt":"2020-08-03T16:17:52","guid":{"rendered":"https:\/\/www.oestepizzaparty.com.ar\/?post_type=product&#038;p=1556"},"modified":"2026-03-04T14:24:45","modified_gmt":"2026-03-04T17:24:45","slug":"mozzarella-mozzari-en-perlas","status":"publish","type":"product","link":"https:\/\/www.oestepizzaparty.com.ar\/?product=mozzarella-mozzari-en-perlas","title":{"rendered":"Mozzarella \u00abMozzari\u00bb en perlas x 500gs"},"content":{"rendered":"<p>Esferas de mozzarella fior di latte de la familia de los bocconcinos, pero en este caso su peso por unidad es de 10g. El tener este tama\u00f1o lo hace una opci\u00f3n para acompa\u00f1amientos de piezas de otros productos peque\u00f1os y asi mantener una armon\u00eda en la presentaci\u00f3n. Es solamente una diferenciaci\u00f3n de tama\u00f1o para un uso mas indicado. Queda muy bien en un brochette junto a tomate cherry, albahaca y jamon crudo, el cl\u00e1sico mas usado y llamativo.<\/p>\n","protected":false},"excerpt":{"rendered":"<p>Esferas de mozzarella fior di latte de la familia de los bocconcinos, pero en este caso su peso por unidad es de 10g. El tener este tama\u00f1o lo hace una opci\u00f3n para acompa\u00f1amientos de piezas de otros productos peque\u00f1os y asi mantener una armon\u00eda en la presentaci\u00f3n. Es solamente una diferenciaci\u00f3n de tama\u00f1o para un [&hellip;]<\/p>\n","protected":false},"featured_media":1560,"comment_status":"open","ping_status":"closed","template":"","meta":{"_et_pb_use_builder":"","_et_pb_old_content":"","_et_gb_content_width":"","om_disable_all_campaigns":false,"_monsterinsights_skip_tracking":false,"_monsterinsights_sitenote_active":false,"_monsterinsights_sitenote_note":"","_monsterinsights_sitenote_category":0,"_joinchat":[]},"product_brand":[],"product_cat":[759],"product_tag":[119,94,93,95],"class_list":{"0":"post-1556","1":"product","2":"type-product","3":"status-publish","4":"has-post-thumbnail","6":"product_cat-lacteos-muzzarellas-mozzari","7":"product_tag-muzzarella","8":"product_tag-muzzarella-bocconcino","9":"product_tag-muzzari","10":"product_tag-quesos-bocconcino","12":"first","13":"outofstock","14":"taxable","15":"shipping-taxable","16":"product-type-simple"},"aioseo_notices":[],"_links":{"self":[{"href":"https:\/\/www.oestepizzaparty.com.ar\/index.php?rest_route=\/wp\/v2\/product\/1556","targetHints":{"allow":["GET"]}}],"collection":[{"href":"https:\/\/www.oestepizzaparty.com.ar\/index.php?rest_route=\/wp\/v2\/product"}],"about":[{"href":"https:\/\/www.oestepizzaparty.com.ar\/index.php?rest_route=\/wp\/v2\/types\/product"}],"replies":[{"embeddable":true,"href":"https:\/\/www.oestepizzaparty.com.ar\/index.php?rest_route=%2Fwp%2Fv2%2Fcomments&post=1556"}],"wp:featuredmedia":[{"embeddable":true,"href":"https:\/\/www.oestepizzaparty.com.ar\/index.php?rest_route=\/wp\/v2\/media\/1560"}],"wp:attachment":[{"href":"https:\/\/www.oestepizzaparty.com.ar\/index.php?rest_route=%2Fwp%2Fv2%2Fmedia&parent=1556"}],"wp:term":[{"taxonomy":"product_brand","embeddable":true,"href":"https:\/\/www.oestepizzaparty.com.ar\/index.php?rest_route=%2Fwp%2Fv2%2Fproduct_brand&post=1556"},{"taxonomy":"product_cat","embeddable":true,"href":"https:\/\/www.oestepizzaparty.com.ar\/index.php?rest_route=%2Fwp%2Fv2%2Fproduct_cat&post=1556"},{"taxonomy":"product_tag","embeddable":true,"href":"https:\/\/www.oestepizzaparty.com.ar\/index.php?rest_route=%2Fwp%2Fv2%2Fproduct_tag&post=1556"}],"curies":[{"name":"wp","href":"https:\/\/api.w.org\/{rel}","templated":true}]}}