{"id":15562,"date":"2024-07-24T10:05:28","date_gmt":"2024-07-24T13:05:28","guid":{"rendered":"https:\/\/www.oestepizzaparty.com.ar\/?post_type=product&#038;p=15562"},"modified":"2026-04-22T09:45:01","modified_gmt":"2026-04-22T12:45:01","slug":"harina-de-trigo-00-italiana-polselli-classica-pack-10-x-1kg","status":"publish","type":"product","link":"https:\/\/www.oestepizzaparty.com.ar\/?product=harina-de-trigo-00-italiana-polselli-classica-pack-10-x-1kg","title":{"rendered":"PACK 10 x 1kg Harina de Trigo 00 Italiana Classica &#8211; Polselli"},"content":{"rendered":"<p>Harina de trigo blando \u201c00\u201d para uso profesional espec\u00edfico para<br \/>\npizzer\u00edas (bolsa azul).<br \/>\nSe posiciona con un tiempo de fermentaci\u00f3n y maduraci\u00f3n entre<br \/>\n24H-36H con una W265\/280 y un valor proteico del 12,50%<\/p>\n<p>La harina Classica acompa\u00f1a a los antiguos maestros de la pizza<br \/>\nnapolitana desde hace m\u00e1s de 60 a\u00f1os. Fue elegida y certificada por<br \/>\nla asociaci\u00f3n AVPN, para proteger la aut\u00e9ntica pizza napolitana, por<br \/>\nlas propiedades t\u00e9cnicas, organol\u00e9pticas, arom\u00e1ticas y perfumadas que confiere al producto<br \/>\nfinal.<\/p>\n<p style=\"text-align: center;\"><strong>W: 270<\/strong><br \/>\n<strong>Abs. max.: 70%<\/strong><br \/>\n<strong>Estabilidad: 12\u2019<\/strong><br \/>\n<strong>Prote\u00edna%: 12<\/strong><br \/>\n<strong>Maduraci\u00f3n recom.: 24h<\/strong><\/p>\n","protected":false},"excerpt":{"rendered":"<p>Harina de trigo blando \u201c00\u201d para uso profesional espec\u00edfico para pizzer\u00edas (bolsa azul). Se posiciona con un tiempo de fermentaci\u00f3n y maduraci\u00f3n entre 24H-36H con una W265\/280 y un valor proteico del 12,50% La harina Classica acompa\u00f1a a los antiguos maestros de la pizza napolitana desde hace m\u00e1s de 60 a\u00f1os. Fue elegida y certificada [&hellip;]<\/p>\n","protected":false},"featured_media":15534,"comment_status":"open","ping_status":"closed","template":"","meta":{"_et_pb_use_builder":"","_et_pb_old_content":"","_et_gb_content_width":"","om_disable_all_campaigns":false,"_monsterinsights_skip_tracking":false,"_monsterinsights_sitenote_active":false,"_monsterinsights_sitenote_note":"","_monsterinsights_sitenote_category":0,"_joinchat":[]},"product_brand":[],"product_cat":[693],"product_tag":[],"class_list":{"0":"post-15562","1":"product","2":"type-product","3":"status-publish","4":"has-post-thumbnail","6":"product_cat-harinas-importadas","8":"first","9":"outofstock","10":"taxable","11":"shipping-taxable","12":"product-type-simple"},"aioseo_notices":[],"_links":{"self":[{"href":"https:\/\/www.oestepizzaparty.com.ar\/index.php?rest_route=\/wp\/v2\/product\/15562","targetHints":{"allow":["GET"]}}],"collection":[{"href":"https:\/\/www.oestepizzaparty.com.ar\/index.php?rest_route=\/wp\/v2\/product"}],"about":[{"href":"https:\/\/www.oestepizzaparty.com.ar\/index.php?rest_route=\/wp\/v2\/types\/product"}],"replies":[{"embeddable":true,"href":"https:\/\/www.oestepizzaparty.com.ar\/index.php?rest_route=%2Fwp%2Fv2%2Fcomments&post=15562"}],"wp:featuredmedia":[{"embeddable":true,"href":"https:\/\/www.oestepizzaparty.com.ar\/index.php?rest_route=\/wp\/v2\/media\/15534"}],"wp:attachment":[{"href":"https:\/\/www.oestepizzaparty.com.ar\/index.php?rest_route=%2Fwp%2Fv2%2Fmedia&parent=15562"}],"wp:term":[{"taxonomy":"product_brand","embeddable":true,"href":"https:\/\/www.oestepizzaparty.com.ar\/index.php?rest_route=%2Fwp%2Fv2%2Fproduct_brand&post=15562"},{"taxonomy":"product_cat","embeddable":true,"href":"https:\/\/www.oestepizzaparty.com.ar\/index.php?rest_route=%2Fwp%2Fv2%2Fproduct_cat&post=15562"},{"taxonomy":"product_tag","embeddable":true,"href":"https:\/\/www.oestepizzaparty.com.ar\/index.php?rest_route=%2Fwp%2Fv2%2Fproduct_tag&post=15562"}],"curies":[{"name":"wp","href":"https:\/\/api.w.org\/{rel}","templated":true}]}}