{"id":15584,"date":"2024-07-26T14:47:25","date_gmt":"2024-07-26T17:47:25","guid":{"rendered":"https:\/\/www.oestepizzaparty.com.ar\/?post_type=product&#038;p=15584"},"modified":"2026-03-17T17:39:42","modified_gmt":"2026-03-17T20:39:42","slug":"tinta-de-sepia-contenido-2-dosis-de-4gr-c-u","status":"publish","type":"product","link":"https:\/\/www.oestepizzaparty.com.ar\/?product=tinta-de-sepia-contenido-2-dosis-de-4gr-c-u","title":{"rendered":"Tinta de sepia contenido 2 dosis de 4gr c\/u (ESPA\u00d1A)- San Giorgio"},"content":{"rendered":"<div><strong>Es un producto de origen espa\u00f1ol que suma innovaci\u00f3n en la mesa gourmet.<\/strong><\/div>\n<div>La tinta de calamar es el l\u00edquido que el molusco usa para defenderse cuando se siente amenazado. Durante a\u00f1os, el uso de esta tinta natural fue casi un secreto de los chefs de tradici\u00f3n europea para colorear pastas o risottos. Su\u00a0 \u00a0olor es imponente a la hora de vestir un plato y, en el caso de las pastas, m\u00e1s todav\u00eda. De la gama de tonalidades posibles, el negro distingue en la mesa gourmet.<\/div>\n<div>Le da a los preparados un tenue y especial sabor cuando se usa tinta para cocer calamares, preparar salsas, hacer pan de harina de trigo o ma\u00edz con sabor a mar y otras deliciosas innovaciones.<\/div>\n<div>(SIN TACC)<\/div>\n","protected":false},"excerpt":{"rendered":"<p>Es un producto de origen espa\u00f1ol que suma innovaci\u00f3n en la mesa gourmet. La tinta de calamar es el l\u00edquido que el molusco usa para defenderse cuando se siente amenazado. Durante a\u00f1os, el uso de esta tinta natural fue casi un secreto de los chefs de tradici\u00f3n europea para colorear pastas o risottos. Su\u00a0 \u00a0olor [&hellip;]<\/p>\n","protected":false},"featured_media":15586,"comment_status":"open","ping_status":"closed","template":"","meta":{"_et_pb_use_builder":"","_et_pb_old_content":"","_et_gb_content_width":"","om_disable_all_campaigns":false,"_monsterinsights_skip_tracking":false,"_monsterinsights_sitenote_active":false,"_monsterinsights_sitenote_note":"","_monsterinsights_sitenote_category":0,"_joinchat":[]},"product_brand":[],"product_cat":[719],"product_tag":[],"class_list":{"0":"post-15584","1":"product","2":"type-product","3":"status-publish","4":"has-post-thumbnail","6":"product_cat-condimentos-especias","8":"first","9":"instock","10":"taxable","11":"shipping-taxable","12":"purchasable","13":"product-type-simple"},"aioseo_notices":[],"_links":{"self":[{"href":"https:\/\/www.oestepizzaparty.com.ar\/index.php?rest_route=\/wp\/v2\/product\/15584","targetHints":{"allow":["GET"]}}],"collection":[{"href":"https:\/\/www.oestepizzaparty.com.ar\/index.php?rest_route=\/wp\/v2\/product"}],"about":[{"href":"https:\/\/www.oestepizzaparty.com.ar\/index.php?rest_route=\/wp\/v2\/types\/product"}],"replies":[{"embeddable":true,"href":"https:\/\/www.oestepizzaparty.com.ar\/index.php?rest_route=%2Fwp%2Fv2%2Fcomments&post=15584"}],"wp:featuredmedia":[{"embeddable":true,"href":"https:\/\/www.oestepizzaparty.com.ar\/index.php?rest_route=\/wp\/v2\/media\/15586"}],"wp:attachment":[{"href":"https:\/\/www.oestepizzaparty.com.ar\/index.php?rest_route=%2Fwp%2Fv2%2Fmedia&parent=15584"}],"wp:term":[{"taxonomy":"product_brand","embeddable":true,"href":"https:\/\/www.oestepizzaparty.com.ar\/index.php?rest_route=%2Fwp%2Fv2%2Fproduct_brand&post=15584"},{"taxonomy":"product_cat","embeddable":true,"href":"https:\/\/www.oestepizzaparty.com.ar\/index.php?rest_route=%2Fwp%2Fv2%2Fproduct_cat&post=15584"},{"taxonomy":"product_tag","embeddable":true,"href":"https:\/\/www.oestepizzaparty.com.ar\/index.php?rest_route=%2Fwp%2Fv2%2Fproduct_tag&post=15584"}],"curies":[{"name":"wp","href":"https:\/\/api.w.org\/{rel}","templated":true}]}}