{"id":15590,"date":"2024-07-26T15:06:32","date_gmt":"2024-07-26T18:06:32","guid":{"rendered":"https:\/\/www.oestepizzaparty.com.ar\/?post_type=product&#038;p=15590"},"modified":"2026-01-03T09:57:00","modified_gmt":"2026-01-03T12:57:00","slug":"chimichurri-clasico-argentino-x-220gr","status":"publish","type":"product","link":"https:\/\/www.oestepizzaparty.com.ar\/?product=chimichurri-clasico-argentino-x-220gr","title":{"rendered":"OFERTA!!!!Chimichurri Clasico Argentino x 220gr"},"content":{"rendered":"<div>El Chimichurri Cl\u00e1sico Argentino Puntocuc, con calidad de exportaci\u00f3n y creado con el respaldo de San Giorgio, es una reversi\u00f3n de la salsa r\u00fastica m\u00e1s rica, interesante y popular de la cocina rioplatense, elaborada con materia prima de primera calidad.<\/div>\n<div><\/div>\n<div>Si su sabor se caracteriza por ser intenso y especiado, su aroma es fuerte y atractivo. Dentro de sus ingredientes, encontramos especias seleccionadas tales como ajo, aj\u00ed molido, or\u00e9gano, perejil, sal y pimienta negra. Dichas especias son balanceadas en sus justas proporciones y mezcladas bajo un procedimiento manual que mantiene el equilibrio entre todas.<\/div>\n","protected":false},"excerpt":{"rendered":"<p>El Chimichurri Cl\u00e1sico Argentino Puntocuc, con calidad de exportaci\u00f3n y creado con el respaldo de San Giorgio, es una reversi\u00f3n de la salsa r\u00fastica m\u00e1s rica, interesante y popular de la cocina rioplatense, elaborada con materia prima de primera calidad. Si su sabor se caracteriza por ser intenso y especiado, su aroma es fuerte y [&hellip;]<\/p>\n","protected":false},"featured_media":15591,"comment_status":"open","ping_status":"closed","template":"","meta":{"_et_pb_use_builder":"","_et_pb_old_content":"","_et_gb_content_width":"","om_disable_all_campaigns":false,"_monsterinsights_skip_tracking":false,"_monsterinsights_sitenote_active":false,"_monsterinsights_sitenote_note":"","_monsterinsights_sitenote_category":0,"_joinchat":[]},"product_brand":[],"product_cat":[713,720],"product_tag":[],"class_list":{"0":"post-15590","1":"product","2":"type-product","3":"status-publish","4":"has-post-thumbnail","6":"product_cat-aderezos-salsas","7":"product_cat-ofertas-especiales","9":"first","10":"instock","11":"sale","12":"taxable","13":"shipping-taxable","14":"purchasable","15":"product-type-simple"},"aioseo_notices":[],"_links":{"self":[{"href":"https:\/\/www.oestepizzaparty.com.ar\/index.php?rest_route=\/wp\/v2\/product\/15590","targetHints":{"allow":["GET"]}}],"collection":[{"href":"https:\/\/www.oestepizzaparty.com.ar\/index.php?rest_route=\/wp\/v2\/product"}],"about":[{"href":"https:\/\/www.oestepizzaparty.com.ar\/index.php?rest_route=\/wp\/v2\/types\/product"}],"replies":[{"embeddable":true,"href":"https:\/\/www.oestepizzaparty.com.ar\/index.php?rest_route=%2Fwp%2Fv2%2Fcomments&post=15590"}],"wp:featuredmedia":[{"embeddable":true,"href":"https:\/\/www.oestepizzaparty.com.ar\/index.php?rest_route=\/wp\/v2\/media\/15591"}],"wp:attachment":[{"href":"https:\/\/www.oestepizzaparty.com.ar\/index.php?rest_route=%2Fwp%2Fv2%2Fmedia&parent=15590"}],"wp:term":[{"taxonomy":"product_brand","embeddable":true,"href":"https:\/\/www.oestepizzaparty.com.ar\/index.php?rest_route=%2Fwp%2Fv2%2Fproduct_brand&post=15590"},{"taxonomy":"product_cat","embeddable":true,"href":"https:\/\/www.oestepizzaparty.com.ar\/index.php?rest_route=%2Fwp%2Fv2%2Fproduct_cat&post=15590"},{"taxonomy":"product_tag","embeddable":true,"href":"https:\/\/www.oestepizzaparty.com.ar\/index.php?rest_route=%2Fwp%2Fv2%2Fproduct_tag&post=15590"}],"curies":[{"name":"wp","href":"https:\/\/api.w.org\/{rel}","templated":true}]}}