{"id":15592,"date":"2024-07-26T15:32:46","date_gmt":"2024-07-26T18:32:46","guid":{"rendered":"https:\/\/www.oestepizzaparty.com.ar\/?post_type=product&#038;p=15592"},"modified":"2026-04-17T15:18:28","modified_gmt":"2026-04-17T18:18:28","slug":"arroz-carnaroli-x-500gr-san-giorgio","status":"publish","type":"product","link":"https:\/\/www.oestepizzaparty.com.ar\/?product=arroz-carnaroli-x-500gr-san-giorgio","title":{"rendered":"Arroz Carnaroli x 500gr-San Giorgio  Venc 4\/06\/27"},"content":{"rendered":"<p><strong>Es una variedad muy apreciada de arroz superfino. La excepcional compactibilidad de sus granos, grandes y alargados con una peque\u00f1a perla central, logran el \u00f3ptimo equilibrio para una buena capacidad de absorci\u00f3n de l\u00edquidos que lo mantiene perdurablemente a punto, convirti\u00e9ndolo en el \u201crey de los arroces\u201d italianos.<\/strong><\/p>\n","protected":false},"excerpt":{"rendered":"<p>Es una variedad muy apreciada de arroz superfino. La excepcional compactibilidad de sus granos, grandes y alargados con una peque\u00f1a perla central, logran el \u00f3ptimo equilibrio para una buena capacidad de absorci\u00f3n de l\u00edquidos que lo mantiene perdurablemente a punto, convirti\u00e9ndolo en el \u201crey de los arroces\u201d italianos.<\/p>\n","protected":false},"featured_media":15593,"comment_status":"open","ping_status":"closed","template":"","meta":{"_et_pb_use_builder":"","_et_pb_old_content":"","_et_gb_content_width":"","om_disable_all_campaigns":false,"_monsterinsights_skip_tracking":false,"_monsterinsights_sitenote_active":false,"_monsterinsights_sitenote_note":"","_monsterinsights_sitenote_category":0,"_joinchat":[]},"product_brand":[],"product_cat":[711],"product_tag":[],"class_list":{"0":"post-15592","1":"product","2":"type-product","3":"status-publish","4":"has-post-thumbnail","6":"product_cat-pastas-arroces-importados","8":"first","9":"instock","10":"taxable","11":"shipping-taxable","12":"purchasable","13":"product-type-simple"},"aioseo_notices":[],"_links":{"self":[{"href":"https:\/\/www.oestepizzaparty.com.ar\/index.php?rest_route=\/wp\/v2\/product\/15592","targetHints":{"allow":["GET"]}}],"collection":[{"href":"https:\/\/www.oestepizzaparty.com.ar\/index.php?rest_route=\/wp\/v2\/product"}],"about":[{"href":"https:\/\/www.oestepizzaparty.com.ar\/index.php?rest_route=\/wp\/v2\/types\/product"}],"replies":[{"embeddable":true,"href":"https:\/\/www.oestepizzaparty.com.ar\/index.php?rest_route=%2Fwp%2Fv2%2Fcomments&post=15592"}],"wp:featuredmedia":[{"embeddable":true,"href":"https:\/\/www.oestepizzaparty.com.ar\/index.php?rest_route=\/wp\/v2\/media\/15593"}],"wp:attachment":[{"href":"https:\/\/www.oestepizzaparty.com.ar\/index.php?rest_route=%2Fwp%2Fv2%2Fmedia&parent=15592"}],"wp:term":[{"taxonomy":"product_brand","embeddable":true,"href":"https:\/\/www.oestepizzaparty.com.ar\/index.php?rest_route=%2Fwp%2Fv2%2Fproduct_brand&post=15592"},{"taxonomy":"product_cat","embeddable":true,"href":"https:\/\/www.oestepizzaparty.com.ar\/index.php?rest_route=%2Fwp%2Fv2%2Fproduct_cat&post=15592"},{"taxonomy":"product_tag","embeddable":true,"href":"https:\/\/www.oestepizzaparty.com.ar\/index.php?rest_route=%2Fwp%2Fv2%2Fproduct_tag&post=15592"}],"curies":[{"name":"wp","href":"https:\/\/api.w.org\/{rel}","templated":true}]}}