{"id":15627,"date":"2024-07-30T11:47:48","date_gmt":"2024-07-30T14:47:48","guid":{"rendered":"https:\/\/www.oestepizzaparty.com.ar\/?post_type=product&#038;p=15627"},"modified":"2026-03-23T12:55:23","modified_gmt":"2026-03-23T15:55:23","slug":"zuelo-aceite-de-oliva-virgen-koroneiki-750ml","status":"publish","type":"product","link":"https:\/\/www.oestepizzaparty.com.ar\/?product=zuelo-aceite-de-oliva-virgen-koroneiki-750ml","title":{"rendered":"Zuelo Aceite de Oliva Virgen Koroneiki 750ml"},"content":{"rendered":"<p><strong>Zuelo Koroneiki<\/strong> es un nuevo, especial, limitado y \u00fanico aceite de oliva virgen extra producido a partir de la variedad de aceituna m\u00e1s emblem\u00e1tica de Grecia.<\/p>\n<p>Zuelo Koroneiki es un aceite con alto frutado, de aromas frescos a manzana, pl\u00e1tano verde, piel de lim\u00f3n y una marcada nota verde a hierbas frescas como or\u00e9gano y tomillo. En boca es muy sabroso, delicado, con baja intensidad de amargos y un leve picante final. \u00a1Un aceite muy especial!<\/p>\n","protected":false},"excerpt":{"rendered":"<p>Zuelo Koroneiki es un nuevo, especial, limitado y \u00fanico aceite de oliva virgen extra producido a partir de la variedad de aceituna m\u00e1s emblem\u00e1tica de Grecia. Zuelo Koroneiki es un aceite con alto frutado, de aromas frescos a manzana, pl\u00e1tano verde, piel de lim\u00f3n y una marcada nota verde a hierbas frescas como or\u00e9gano y [&hellip;]<\/p>\n","protected":false},"featured_media":15628,"comment_status":"open","ping_status":"closed","template":"","meta":{"_et_pb_use_builder":"","_et_pb_old_content":"","_et_gb_content_width":"","om_disable_all_campaigns":false,"_monsterinsights_skip_tracking":false,"_monsterinsights_sitenote_active":false,"_monsterinsights_sitenote_note":"","_monsterinsights_sitenote_category":0,"_joinchat":[]},"product_brand":[],"product_cat":[753],"product_tag":[],"class_list":{"0":"post-15627","1":"product","2":"type-product","3":"status-publish","4":"has-post-thumbnail","6":"product_cat-aceites-vinagres-nacionales","8":"first","9":"instock","10":"taxable","11":"shipping-taxable","12":"purchasable","13":"product-type-simple"},"aioseo_notices":[],"_links":{"self":[{"href":"https:\/\/www.oestepizzaparty.com.ar\/index.php?rest_route=\/wp\/v2\/product\/15627","targetHints":{"allow":["GET"]}}],"collection":[{"href":"https:\/\/www.oestepizzaparty.com.ar\/index.php?rest_route=\/wp\/v2\/product"}],"about":[{"href":"https:\/\/www.oestepizzaparty.com.ar\/index.php?rest_route=\/wp\/v2\/types\/product"}],"replies":[{"embeddable":true,"href":"https:\/\/www.oestepizzaparty.com.ar\/index.php?rest_route=%2Fwp%2Fv2%2Fcomments&post=15627"}],"wp:featuredmedia":[{"embeddable":true,"href":"https:\/\/www.oestepizzaparty.com.ar\/index.php?rest_route=\/wp\/v2\/media\/15628"}],"wp:attachment":[{"href":"https:\/\/www.oestepizzaparty.com.ar\/index.php?rest_route=%2Fwp%2Fv2%2Fmedia&parent=15627"}],"wp:term":[{"taxonomy":"product_brand","embeddable":true,"href":"https:\/\/www.oestepizzaparty.com.ar\/index.php?rest_route=%2Fwp%2Fv2%2Fproduct_brand&post=15627"},{"taxonomy":"product_cat","embeddable":true,"href":"https:\/\/www.oestepizzaparty.com.ar\/index.php?rest_route=%2Fwp%2Fv2%2Fproduct_cat&post=15627"},{"taxonomy":"product_tag","embeddable":true,"href":"https:\/\/www.oestepizzaparty.com.ar\/index.php?rest_route=%2Fwp%2Fv2%2Fproduct_tag&post=15627"}],"curies":[{"name":"wp","href":"https:\/\/api.w.org\/{rel}","templated":true}]}}