{"id":15633,"date":"2024-07-30T13:48:13","date_gmt":"2024-07-30T16:48:13","guid":{"rendered":"https:\/\/www.oestepizzaparty.com.ar\/?post_type=product&#038;p=15633"},"modified":"2025-06-09T09:30:58","modified_gmt":"2025-06-09T12:30:58","slug":"aditivo-taxopan-concentrado-x-500gr","status":"publish","type":"product","link":"https:\/\/www.oestepizzaparty.com.ar\/?product=aditivo-taxopan-concentrado-x-500gr","title":{"rendered":"Aditivo TAXOPAN Concentrado x 500gr VENC"},"content":{"rendered":"<p>Ideal para productos de panader\u00eda que se sometan a fermentaci\u00f3n. Se obtienen productos con muy buen volumen en poco tiempo de levado. Mejorador de las caracter\u00edsticas organol\u00e9pticas de los productos panificados<\/p>\n<p><strong>FORMA DE USO<\/strong><br \/>\nIncorporar 4 gramos por bolsa de harina de 50 kg.<\/p>\n","protected":false},"excerpt":{"rendered":"<p>Ideal para productos de panader\u00eda que se sometan a fermentaci\u00f3n. Se obtienen productos con muy buen volumen en poco tiempo de levado. Mejorador de las caracter\u00edsticas organol\u00e9pticas de los productos panificados FORMA DE USO Incorporar 4 gramos por bolsa de harina de 50 kg.<\/p>\n","protected":false},"featured_media":15634,"comment_status":"open","ping_status":"closed","template":"","meta":{"_et_pb_use_builder":"","_et_pb_old_content":"","_et_gb_content_width":"","om_disable_all_campaigns":false,"_monsterinsights_skip_tracking":false,"_monsterinsights_sitenote_active":false,"_monsterinsights_sitenote_note":"","_monsterinsights_sitenote_category":0,"_joinchat":[]},"product_brand":[],"product_cat":[691],"product_tag":[],"class_list":{"0":"post-15633","1":"product","2":"type-product","3":"status-publish","4":"has-post-thumbnail","6":"product_cat-aditivos-extractos-polvos-para-hornear","8":"first","9":"outofstock","10":"taxable","11":"shipping-taxable","12":"purchasable","13":"product-type-simple"},"aioseo_notices":[],"_links":{"self":[{"href":"https:\/\/www.oestepizzaparty.com.ar\/index.php?rest_route=\/wp\/v2\/product\/15633","targetHints":{"allow":["GET"]}}],"collection":[{"href":"https:\/\/www.oestepizzaparty.com.ar\/index.php?rest_route=\/wp\/v2\/product"}],"about":[{"href":"https:\/\/www.oestepizzaparty.com.ar\/index.php?rest_route=\/wp\/v2\/types\/product"}],"replies":[{"embeddable":true,"href":"https:\/\/www.oestepizzaparty.com.ar\/index.php?rest_route=%2Fwp%2Fv2%2Fcomments&post=15633"}],"wp:featuredmedia":[{"embeddable":true,"href":"https:\/\/www.oestepizzaparty.com.ar\/index.php?rest_route=\/wp\/v2\/media\/15634"}],"wp:attachment":[{"href":"https:\/\/www.oestepizzaparty.com.ar\/index.php?rest_route=%2Fwp%2Fv2%2Fmedia&parent=15633"}],"wp:term":[{"taxonomy":"product_brand","embeddable":true,"href":"https:\/\/www.oestepizzaparty.com.ar\/index.php?rest_route=%2Fwp%2Fv2%2Fproduct_brand&post=15633"},{"taxonomy":"product_cat","embeddable":true,"href":"https:\/\/www.oestepizzaparty.com.ar\/index.php?rest_route=%2Fwp%2Fv2%2Fproduct_cat&post=15633"},{"taxonomy":"product_tag","embeddable":true,"href":"https:\/\/www.oestepizzaparty.com.ar\/index.php?rest_route=%2Fwp%2Fv2%2Fproduct_tag&post=15633"}],"curies":[{"name":"wp","href":"https:\/\/api.w.org\/{rel}","templated":true}]}}