{"id":15635,"date":"2024-07-30T14:01:06","date_gmt":"2024-07-30T17:01:06","guid":{"rendered":"https:\/\/www.oestepizzaparty.com.ar\/?post_type=product&#038;p=15635"},"modified":"2025-11-12T13:38:07","modified_gmt":"2025-11-12T16:38:07","slug":"emeth-extracto-de-malta-diastasico-x-6kg","status":"publish","type":"product","link":"https:\/\/www.oestepizzaparty.com.ar\/?product=emeth-extracto-de-malta-diastasico-x-6kg","title":{"rendered":"Emeth Extracto de Malta Diastasico x 6kg Venc"},"content":{"rendered":"<p>La malta diast\u00e1sica o malta\u00a0<em>enzim\u00e1tica<\/em>\u00a0es malta que tiene una\u00a0<em>alta concentraci\u00f3n de estas enzimas<\/em>\u00a0y, por lo tanto, es capaz de descomponer los almidones y producir az\u00facares simples (<em>maltosa<\/em>\u00a0y\u00a0<em>maltodextrinas<\/em>). Este tipo de malta se utiliza particularmente para productos con levadura madre y para fermentaciones largas.<br \/>\nPor el contrario, la malta no diast\u00e1sica es una malta que tiene una cantidad reducida de enzimas y por lo tanto aporta principalmente az\u00facares simples. Esto se debe a que durante la fermentaci\u00f3n, este tipo de malta no puede descomponer los almidones para producir az\u00facares adicionales para las levaduras.<\/p>\n","protected":false},"excerpt":{"rendered":"<p>La malta diast\u00e1sica o malta\u00a0enzim\u00e1tica\u00a0es malta que tiene una\u00a0alta concentraci\u00f3n de estas enzimas\u00a0y, por lo tanto, es capaz de descomponer los almidones y producir az\u00facares simples (maltosa\u00a0y\u00a0maltodextrinas). Este tipo de malta se utiliza particularmente para productos con levadura madre y para fermentaciones largas. Por el contrario, la malta no diast\u00e1sica es una malta que tiene [&hellip;]<\/p>\n","protected":false},"featured_media":15637,"comment_status":"open","ping_status":"closed","template":"","meta":{"_et_pb_use_builder":"","_et_pb_old_content":"","_et_gb_content_width":"","om_disable_all_campaigns":false,"_monsterinsights_skip_tracking":false,"_monsterinsights_sitenote_active":false,"_monsterinsights_sitenote_note":"","_monsterinsights_sitenote_category":0,"_joinchat":[]},"product_brand":[],"product_cat":[691],"product_tag":[],"class_list":{"0":"post-15635","1":"product","2":"type-product","3":"status-publish","4":"has-post-thumbnail","6":"product_cat-aditivos-extractos-polvos-para-hornear","8":"first","9":"outofstock","10":"taxable","11":"shipping-taxable","12":"purchasable","13":"product-type-simple"},"aioseo_notices":[],"_links":{"self":[{"href":"https:\/\/www.oestepizzaparty.com.ar\/index.php?rest_route=\/wp\/v2\/product\/15635","targetHints":{"allow":["GET"]}}],"collection":[{"href":"https:\/\/www.oestepizzaparty.com.ar\/index.php?rest_route=\/wp\/v2\/product"}],"about":[{"href":"https:\/\/www.oestepizzaparty.com.ar\/index.php?rest_route=\/wp\/v2\/types\/product"}],"replies":[{"embeddable":true,"href":"https:\/\/www.oestepizzaparty.com.ar\/index.php?rest_route=%2Fwp%2Fv2%2Fcomments&post=15635"}],"wp:featuredmedia":[{"embeddable":true,"href":"https:\/\/www.oestepizzaparty.com.ar\/index.php?rest_route=\/wp\/v2\/media\/15637"}],"wp:attachment":[{"href":"https:\/\/www.oestepizzaparty.com.ar\/index.php?rest_route=%2Fwp%2Fv2%2Fmedia&parent=15635"}],"wp:term":[{"taxonomy":"product_brand","embeddable":true,"href":"https:\/\/www.oestepizzaparty.com.ar\/index.php?rest_route=%2Fwp%2Fv2%2Fproduct_brand&post=15635"},{"taxonomy":"product_cat","embeddable":true,"href":"https:\/\/www.oestepizzaparty.com.ar\/index.php?rest_route=%2Fwp%2Fv2%2Fproduct_cat&post=15635"},{"taxonomy":"product_tag","embeddable":true,"href":"https:\/\/www.oestepizzaparty.com.ar\/index.php?rest_route=%2Fwp%2Fv2%2Fproduct_tag&post=15635"}],"curies":[{"name":"wp","href":"https:\/\/api.w.org\/{rel}","templated":true}]}}