{"id":15829,"date":"2024-08-07T12:36:27","date_gmt":"2024-08-07T15:36:27","guid":{"rendered":"https:\/\/www.oestepizzaparty.com.ar\/?post_type=product&#038;p=15829"},"modified":"2025-10-21T11:01:22","modified_gmt":"2025-10-21T14:01:22","slug":"arla-queso-havarti-x-150gr","status":"publish","type":"product","link":"https:\/\/www.oestepizzaparty.com.ar\/?product=arla-queso-havarti-x-150gr","title":{"rendered":"Arla Queso Havarti Feteado x 150gr Venc"},"content":{"rendered":"<p>Queso cremoso en lonchas Arla\u00ae Havarti, el tradicional Havarti dan\u00e9s, suave y cremoso, perfecto para s\u00e1ndwiches y bocadillos, fr\u00edos o calientes. ARLA\u00ae Havarti en lonchas se vende en un pr\u00e1ctico envase con auto-cierre, y con una fina l\u00e1mina de papel entre las lonchas para evitar que se peguen. ARLA\u00ae Havarti resulta ideal para toda la familia por su sabor suave. ARLA\u00ae Havarti es el queso dan\u00e9s m\u00e1s reconocido. Los amantes del queso aprecian su caracter\u00edstico aroma y consistencia, propios de la naturaleza.<\/p>\n<ul>\n<li>Pa\u00eds de origen: Dinamarca<\/li>\n<\/ul>\n","protected":false},"excerpt":{"rendered":"<p>Queso cremoso en lonchas Arla\u00ae Havarti, el tradicional Havarti dan\u00e9s, suave y cremoso, perfecto para s\u00e1ndwiches y bocadillos, fr\u00edos o calientes. ARLA\u00ae Havarti en lonchas se vende en un pr\u00e1ctico envase con auto-cierre, y con una fina l\u00e1mina de papel entre las lonchas para evitar que se peguen. ARLA\u00ae Havarti resulta ideal para toda la [&hellip;]<\/p>\n","protected":false},"featured_media":15831,"comment_status":"open","ping_status":"closed","template":"","meta":{"_et_pb_use_builder":"","_et_pb_old_content":"","_et_gb_content_width":"","om_disable_all_campaigns":false,"_monsterinsights_skip_tracking":false,"_monsterinsights_sitenote_active":false,"_monsterinsights_sitenote_note":"","_monsterinsights_sitenote_category":0,"_joinchat":[]},"product_brand":[],"product_cat":[699],"product_tag":[],"class_list":{"0":"post-15829","1":"product","2":"type-product","3":"status-publish","4":"has-post-thumbnail","6":"product_cat-quesos-importados","8":"first","9":"outofstock","10":"taxable","11":"shipping-taxable","12":"purchasable","13":"product-type-simple"},"aioseo_notices":[],"_links":{"self":[{"href":"https:\/\/www.oestepizzaparty.com.ar\/index.php?rest_route=\/wp\/v2\/product\/15829","targetHints":{"allow":["GET"]}}],"collection":[{"href":"https:\/\/www.oestepizzaparty.com.ar\/index.php?rest_route=\/wp\/v2\/product"}],"about":[{"href":"https:\/\/www.oestepizzaparty.com.ar\/index.php?rest_route=\/wp\/v2\/types\/product"}],"replies":[{"embeddable":true,"href":"https:\/\/www.oestepizzaparty.com.ar\/index.php?rest_route=%2Fwp%2Fv2%2Fcomments&post=15829"}],"wp:featuredmedia":[{"embeddable":true,"href":"https:\/\/www.oestepizzaparty.com.ar\/index.php?rest_route=\/wp\/v2\/media\/15831"}],"wp:attachment":[{"href":"https:\/\/www.oestepizzaparty.com.ar\/index.php?rest_route=%2Fwp%2Fv2%2Fmedia&parent=15829"}],"wp:term":[{"taxonomy":"product_brand","embeddable":true,"href":"https:\/\/www.oestepizzaparty.com.ar\/index.php?rest_route=%2Fwp%2Fv2%2Fproduct_brand&post=15829"},{"taxonomy":"product_cat","embeddable":true,"href":"https:\/\/www.oestepizzaparty.com.ar\/index.php?rest_route=%2Fwp%2Fv2%2Fproduct_cat&post=15829"},{"taxonomy":"product_tag","embeddable":true,"href":"https:\/\/www.oestepizzaparty.com.ar\/index.php?rest_route=%2Fwp%2Fv2%2Fproduct_tag&post=15829"}],"curies":[{"name":"wp","href":"https:\/\/api.w.org\/{rel}","templated":true}]}}