{"id":15872,"date":"2024-08-08T12:39:23","date_gmt":"2024-08-08T15:39:23","guid":{"rendered":"https:\/\/www.oestepizzaparty.com.ar\/?post_type=product&#038;p=15872"},"modified":"2026-04-01T15:41:38","modified_gmt":"2026-04-01T18:41:38","slug":"queso-azul-el-emperador-por-horma-de-2-260-grs-aprox","status":"publish","type":"product","link":"https:\/\/www.oestepizzaparty.com.ar\/?product=queso-azul-el-emperador-por-horma-de-2-260-grs-aprox","title":{"rendered":"Queso Azul El Emperador Horma de 2,000 kg Aprox PRECIO $20.510 x kg"},"content":{"rendered":"<h2>Precio final por horma cerrada. Peso estimado<\/h2>\n<h2>Informaci\u00f3n Nutricional Queso Azul<\/h2>\n<table class=\"table\">\n<caption class=\"text-center\">Por porci\u00f3n de 30 g ( una rebanada )<\/caption>\n<thead>\n<tr>\n<th><\/th>\n<th>\n<div class=\"text-center\">Cantidad por porci\u00f3n<\/div>\n<\/th>\n<th>\n<div class=\"text-center\">% V.D (*)<\/div>\n<\/th>\n<\/tr>\n<\/thead>\n<tbody>\n<tr>\n<td>Valor Energ\u00e9tico<\/td>\n<td>91 Kcal = 381 Kj<\/td>\n<td>5 %<\/td>\n<\/tr>\n<tr>\n<td>Carbohidratos<\/td>\n<td>1.0 g<\/td>\n<td>0.5 %<\/td>\n<\/tr>\n<tr>\n<td>Prote\u00ednas<\/td>\n<td>6.1 g<\/td>\n<td>8 %<\/td>\n<\/tr>\n<tr>\n<td>Grasas Totales<\/td>\n<td>7.2 g<\/td>\n<td>113 %11<\/td>\n<\/tr>\n<tr>\n<td>Grasas Saturadas<\/td>\n<td>4.7 g<\/td>\n<td>21 %<\/td>\n<\/tr>\n<tr>\n<td>S\u00f3dio<\/td>\n<td>502 mg<\/td>\n<td>21 %<\/td>\n<\/tr>\n<tr>\n<td>Calcio<\/td>\n<td>188 mg<\/td>\n<td>19%<\/td>\n<\/tr>\n<\/tbody>\n<\/table>\n<p>No aporta cantidades significativas de grasas trans y fibra alimentaria<\/p>\n<p>*V.D: Valores diarios con base a una dieta de 2000 Kcal u 8400 Kj. Sus valores diarios pueden ser mayores o menores dependiendo de sus necesidades energ\u00e9ticas.<\/p>\n<p>&nbsp;<\/p>\n<p><strong>Ingredientes<\/strong><br \/>\nLeche Entera fluida pasteurizada, fermentos l\u00e1cticos, Penicillium Roquefortti, cuajo enzim\u00e1tico, decolorante clorofila, cloruro de calcio y cloruro de sodio.<\/p>\n<p>El producto es libre de gluten y tambi\u00e9n es apto para celiaco.<\/p>\n<p>Presentaci\u00f3n Comercial; Horma entera peso aproximado 2.4 Kg, Media horma 1.2 kg,<\/p>\n<p><strong>Envase Primario:\u00a0<\/strong>Hoja de papel aluminio calidad sanitaria.<br \/>\n<strong>Envase Secundario:\u00a0<\/strong>bolsa protectora de polietileno cristal para protecci\u00f3n del alumino.<\/p>\n","protected":false},"excerpt":{"rendered":"<p>Precio final por horma cerrada. Peso estimado Informaci\u00f3n Nutricional Queso Azul Por porci\u00f3n de 30 g ( una rebanada ) Cantidad por porci\u00f3n % V.D (*) Valor Energ\u00e9tico 91 Kcal = 381 Kj 5 % Carbohidratos 1.0 g 0.5 % Prote\u00ednas 6.1 g 8 % Grasas Totales 7.2 g 113 %11 Grasas Saturadas 4.7 g [&hellip;]<\/p>\n","protected":false},"featured_media":15876,"comment_status":"open","ping_status":"closed","template":"","meta":{"_et_pb_use_builder":"","_et_pb_old_content":"","_et_gb_content_width":"","om_disable_all_campaigns":false,"_monsterinsights_skip_tracking":false,"_monsterinsights_sitenote_active":false,"_monsterinsights_sitenote_note":"","_monsterinsights_sitenote_category":0,"_joinchat":[]},"product_brand":[],"product_cat":[698],"product_tag":[],"class_list":{"0":"post-15872","1":"product","2":"type-product","3":"status-publish","4":"has-post-thumbnail","6":"product_cat-quesos-nacionales","8":"first","9":"instock","10":"taxable","11":"shipping-taxable","12":"purchasable","13":"product-type-simple"},"aioseo_notices":[],"_links":{"self":[{"href":"https:\/\/www.oestepizzaparty.com.ar\/index.php?rest_route=\/wp\/v2\/product\/15872","targetHints":{"allow":["GET"]}}],"collection":[{"href":"https:\/\/www.oestepizzaparty.com.ar\/index.php?rest_route=\/wp\/v2\/product"}],"about":[{"href":"https:\/\/www.oestepizzaparty.com.ar\/index.php?rest_route=\/wp\/v2\/types\/product"}],"replies":[{"embeddable":true,"href":"https:\/\/www.oestepizzaparty.com.ar\/index.php?rest_route=%2Fwp%2Fv2%2Fcomments&post=15872"}],"wp:featuredmedia":[{"embeddable":true,"href":"https:\/\/www.oestepizzaparty.com.ar\/index.php?rest_route=\/wp\/v2\/media\/15876"}],"wp:attachment":[{"href":"https:\/\/www.oestepizzaparty.com.ar\/index.php?rest_route=%2Fwp%2Fv2%2Fmedia&parent=15872"}],"wp:term":[{"taxonomy":"product_brand","embeddable":true,"href":"https:\/\/www.oestepizzaparty.com.ar\/index.php?rest_route=%2Fwp%2Fv2%2Fproduct_brand&post=15872"},{"taxonomy":"product_cat","embeddable":true,"href":"https:\/\/www.oestepizzaparty.com.ar\/index.php?rest_route=%2Fwp%2Fv2%2Fproduct_cat&post=15872"},{"taxonomy":"product_tag","embeddable":true,"href":"https:\/\/www.oestepizzaparty.com.ar\/index.php?rest_route=%2Fwp%2Fv2%2Fproduct_tag&post=15872"}],"curies":[{"name":"wp","href":"https:\/\/api.w.org\/{rel}","templated":true}]}}