{"id":15961,"date":"2024-08-15T09:41:41","date_gmt":"2024-08-15T12:41:41","guid":{"rendered":"https:\/\/www.oestepizzaparty.com.ar\/?post_type=product&#038;p=15961"},"modified":"2026-03-25T15:00:29","modified_gmt":"2026-03-25T18:00:29","slug":"grano-de-centeno-x-1kg-fincas-el-paraiso","status":"publish","type":"product","link":"https:\/\/www.oestepizzaparty.com.ar\/?product=grano-de-centeno-x-1kg-fincas-el-paraiso","title":{"rendered":"GRANO DE CENTENO X 1KG-FINCAS EL PARAISO"},"content":{"rendered":"<p>Elaborada con CENTENO cosechado en nuestra finca y procesada en nuestra planta de molienda a piedra, ambas con Certificaci\u00f3n Org\u00e1nica y Agroecol\u00f3gica.<\/p>\n<p>Fincas el Para\u00edso molienda a piedras, aporta todos los nutrientes, fibras y vitaminas necesarios para una alimentaci\u00f3n sana y saludable.<\/p>\n","protected":false},"excerpt":{"rendered":"<p>Elaborada con CENTENO cosechado en nuestra finca y procesada en nuestra planta de molienda a piedra, ambas con Certificaci\u00f3n Org\u00e1nica y Agroecol\u00f3gica. Fincas el Para\u00edso molienda a piedras, aporta todos los nutrientes, fibras y vitaminas necesarios para una alimentaci\u00f3n sana y saludable.<\/p>\n","protected":false},"featured_media":15963,"comment_status":"open","ping_status":"closed","template":"","meta":{"_et_pb_use_builder":"","_et_pb_old_content":"","_et_gb_content_width":"","om_disable_all_campaigns":false,"_monsterinsights_skip_tracking":false,"_monsterinsights_sitenote_active":false,"_monsterinsights_sitenote_note":"","_monsterinsights_sitenote_category":0,"_joinchat":[]},"product_brand":[],"product_cat":[768],"product_tag":[],"class_list":{"0":"post-15961","1":"product","2":"type-product","3":"status-publish","4":"has-post-thumbnail","6":"product_cat-molino-fincas-el-paraiso-integrales-organicas","8":"first","9":"outofstock","10":"taxable","11":"shipping-taxable","12":"product-type-simple"},"aioseo_notices":[],"_links":{"self":[{"href":"https:\/\/www.oestepizzaparty.com.ar\/index.php?rest_route=\/wp\/v2\/product\/15961","targetHints":{"allow":["GET"]}}],"collection":[{"href":"https:\/\/www.oestepizzaparty.com.ar\/index.php?rest_route=\/wp\/v2\/product"}],"about":[{"href":"https:\/\/www.oestepizzaparty.com.ar\/index.php?rest_route=\/wp\/v2\/types\/product"}],"replies":[{"embeddable":true,"href":"https:\/\/www.oestepizzaparty.com.ar\/index.php?rest_route=%2Fwp%2Fv2%2Fcomments&post=15961"}],"wp:featuredmedia":[{"embeddable":true,"href":"https:\/\/www.oestepizzaparty.com.ar\/index.php?rest_route=\/wp\/v2\/media\/15963"}],"wp:attachment":[{"href":"https:\/\/www.oestepizzaparty.com.ar\/index.php?rest_route=%2Fwp%2Fv2%2Fmedia&parent=15961"}],"wp:term":[{"taxonomy":"product_brand","embeddable":true,"href":"https:\/\/www.oestepizzaparty.com.ar\/index.php?rest_route=%2Fwp%2Fv2%2Fproduct_brand&post=15961"},{"taxonomy":"product_cat","embeddable":true,"href":"https:\/\/www.oestepizzaparty.com.ar\/index.php?rest_route=%2Fwp%2Fv2%2Fproduct_cat&post=15961"},{"taxonomy":"product_tag","embeddable":true,"href":"https:\/\/www.oestepizzaparty.com.ar\/index.php?rest_route=%2Fwp%2Fv2%2Fproduct_tag&post=15961"}],"curies":[{"name":"wp","href":"https:\/\/api.w.org\/{rel}","templated":true}]}}