{"id":16030,"date":"2024-08-26T09:18:36","date_gmt":"2024-08-26T12:18:36","guid":{"rendered":"https:\/\/www.oestepizzaparty.com.ar\/?post_type=product&#038;p=16030"},"modified":"2026-03-30T07:50:37","modified_gmt":"2026-03-30T10:50:37","slug":"aceite-de-girasol-canuelas-4unid-x-5lt","status":"publish","type":"product","link":"https:\/\/www.oestepizzaparty.com.ar\/?product=aceite-de-girasol-canuelas-4unid-x-5lt","title":{"rendered":"ACEITE DE GIRASOL CA\u00d1UELAS 4 UNID. X 5LT"},"content":{"rendered":"<p>Aceite De Girasol Ca\u00f1uelas. Aceite De Cocci\u00f3n.\u00a0Ideal para rubro Gastron\u00f3mico para cocinar, fre\u00edr o como aceite crudo para ali\u00f1ar ensaladas o platos de verduras, para preparar salsas y salsas (mayonesa) y, por supuesto, tambi\u00e9n para preparar encurtidos de verduras mixtas.<\/p>\n","protected":false},"excerpt":{"rendered":"<p>Aceite De Girasol Ca\u00f1uelas. Aceite De Cocci\u00f3n.\u00a0Ideal para rubro Gastron\u00f3mico para cocinar, fre\u00edr o como aceite crudo para ali\u00f1ar ensaladas o platos de verduras, para preparar salsas y salsas (mayonesa) y, por supuesto, tambi\u00e9n para preparar encurtidos de verduras mixtas.<\/p>\n","protected":false},"featured_media":16029,"comment_status":"open","ping_status":"closed","template":"","meta":{"_et_pb_use_builder":"","_et_pb_old_content":"","_et_gb_content_width":"","om_disable_all_campaigns":false,"_monsterinsights_skip_tracking":false,"_monsterinsights_sitenote_active":false,"_monsterinsights_sitenote_note":"","_monsterinsights_sitenote_category":0,"_joinchat":[]},"product_brand":[],"product_cat":[753],"product_tag":[],"class_list":{"0":"post-16030","1":"product","2":"type-product","3":"status-publish","4":"has-post-thumbnail","6":"product_cat-aceites-vinagres-nacionales","8":"first","9":"outofstock","10":"taxable","11":"shipping-taxable","12":"purchasable","13":"product-type-simple"},"aioseo_notices":[],"_links":{"self":[{"href":"https:\/\/www.oestepizzaparty.com.ar\/index.php?rest_route=\/wp\/v2\/product\/16030","targetHints":{"allow":["GET"]}}],"collection":[{"href":"https:\/\/www.oestepizzaparty.com.ar\/index.php?rest_route=\/wp\/v2\/product"}],"about":[{"href":"https:\/\/www.oestepizzaparty.com.ar\/index.php?rest_route=\/wp\/v2\/types\/product"}],"replies":[{"embeddable":true,"href":"https:\/\/www.oestepizzaparty.com.ar\/index.php?rest_route=%2Fwp%2Fv2%2Fcomments&post=16030"}],"wp:featuredmedia":[{"embeddable":true,"href":"https:\/\/www.oestepizzaparty.com.ar\/index.php?rest_route=\/wp\/v2\/media\/16029"}],"wp:attachment":[{"href":"https:\/\/www.oestepizzaparty.com.ar\/index.php?rest_route=%2Fwp%2Fv2%2Fmedia&parent=16030"}],"wp:term":[{"taxonomy":"product_brand","embeddable":true,"href":"https:\/\/www.oestepizzaparty.com.ar\/index.php?rest_route=%2Fwp%2Fv2%2Fproduct_brand&post=16030"},{"taxonomy":"product_cat","embeddable":true,"href":"https:\/\/www.oestepizzaparty.com.ar\/index.php?rest_route=%2Fwp%2Fv2%2Fproduct_cat&post=16030"},{"taxonomy":"product_tag","embeddable":true,"href":"https:\/\/www.oestepizzaparty.com.ar\/index.php?rest_route=%2Fwp%2Fv2%2Fproduct_tag&post=16030"}],"curies":[{"name":"wp","href":"https:\/\/api.w.org\/{rel}","templated":true}]}}