{"id":16094,"date":"2024-08-28T18:03:48","date_gmt":"2024-08-28T21:03:48","guid":{"rendered":"https:\/\/www.oestepizzaparty.com.ar\/?post_type=product&#038;p=16094"},"modified":"2025-09-23T10:28:15","modified_gmt":"2025-09-23T13:28:15","slug":"cerveza-erdinger-rubia-x-500ml","status":"publish","type":"product","link":"https:\/\/www.oestepizzaparty.com.ar\/?product=cerveza-erdinger-rubia-x-500ml","title":{"rendered":"Cerveza Erdinger Rubia x 500ml"},"content":{"rendered":"<p>La de Erdinger es la mayor f\u00e1brica de cerveza de trigo del mundo. Tanto su cerveza cl\u00e1sica, la rubia Erdinger Weissbier, como las variedades Dunke (cerveza negra), Pikantus (con un ligero toque picante) y Alcoholfrei (sin alcohol) conjugan la tecnolog\u00eda de \u00faltima generaci\u00f3n con la aut\u00e9ntica tradici\u00f3n cervecera alemana para convertirla en un producto de clase superior.<\/p>\n<p>ORIGEN: ALEMANIA<\/p>\n","protected":false},"excerpt":{"rendered":"<p>La de Erdinger es la mayor f\u00e1brica de cerveza de trigo del mundo. Tanto su cerveza cl\u00e1sica, la rubia Erdinger Weissbier, como las variedades Dunke (cerveza negra), Pikantus (con un ligero toque picante) y Alcoholfrei (sin alcohol) conjugan la tecnolog\u00eda de \u00faltima generaci\u00f3n con la aut\u00e9ntica tradici\u00f3n cervecera alemana para convertirla en un producto de [&hellip;]<\/p>\n","protected":false},"featured_media":16095,"comment_status":"open","ping_status":"closed","template":"","meta":{"_et_pb_use_builder":"","_et_pb_old_content":"","_et_gb_content_width":"","om_disable_all_campaigns":false,"_monsterinsights_skip_tracking":false,"_monsterinsights_sitenote_active":false,"_monsterinsights_sitenote_note":"","_monsterinsights_sitenote_category":0,"_joinchat":[]},"product_brand":[],"product_cat":[761],"product_tag":[],"class_list":{"0":"post-16094","1":"product","2":"type-product","3":"status-publish","4":"has-post-thumbnail","6":"product_cat-bebidas-con-alcohol","8":"first","9":"outofstock","10":"taxable","11":"shipping-taxable","12":"purchasable","13":"product-type-simple"},"aioseo_notices":[],"_links":{"self":[{"href":"https:\/\/www.oestepizzaparty.com.ar\/index.php?rest_route=\/wp\/v2\/product\/16094","targetHints":{"allow":["GET"]}}],"collection":[{"href":"https:\/\/www.oestepizzaparty.com.ar\/index.php?rest_route=\/wp\/v2\/product"}],"about":[{"href":"https:\/\/www.oestepizzaparty.com.ar\/index.php?rest_route=\/wp\/v2\/types\/product"}],"replies":[{"embeddable":true,"href":"https:\/\/www.oestepizzaparty.com.ar\/index.php?rest_route=%2Fwp%2Fv2%2Fcomments&post=16094"}],"wp:featuredmedia":[{"embeddable":true,"href":"https:\/\/www.oestepizzaparty.com.ar\/index.php?rest_route=\/wp\/v2\/media\/16095"}],"wp:attachment":[{"href":"https:\/\/www.oestepizzaparty.com.ar\/index.php?rest_route=%2Fwp%2Fv2%2Fmedia&parent=16094"}],"wp:term":[{"taxonomy":"product_brand","embeddable":true,"href":"https:\/\/www.oestepizzaparty.com.ar\/index.php?rest_route=%2Fwp%2Fv2%2Fproduct_brand&post=16094"},{"taxonomy":"product_cat","embeddable":true,"href":"https:\/\/www.oestepizzaparty.com.ar\/index.php?rest_route=%2Fwp%2Fv2%2Fproduct_cat&post=16094"},{"taxonomy":"product_tag","embeddable":true,"href":"https:\/\/www.oestepizzaparty.com.ar\/index.php?rest_route=%2Fwp%2Fv2%2Fproduct_tag&post=16094"}],"curies":[{"name":"wp","href":"https:\/\/api.w.org\/{rel}","templated":true}]}}