{"id":16141,"date":"2024-09-03T18:13:44","date_gmt":"2024-09-03T21:13:44","guid":{"rendered":"https:\/\/www.oestepizzaparty.com.ar\/?post_type=product&#038;p=16141"},"modified":"2025-09-23T10:26:34","modified_gmt":"2025-09-23T13:26:34","slug":"dulce-de-leche-stabz-x-450gr","status":"publish","type":"product","link":"https:\/\/www.oestepizzaparty.com.ar\/?product=dulce-de-leche-stabz-x-450gr","title":{"rendered":"Dulce de Leche Stabz x 450gr"},"content":{"rendered":"<p>En\u00a0<strong>St\u00e4bz<\/strong>, nuestra pasi\u00f3n por el sabor llega a su m\u00e1xima expresi\u00f3n en el dulce de leche. Honrando la filosof\u00eda del fundador de nuestra compa\u00f1\u00eda,\u00a0<strong>Henry Stabholz<\/strong>, de manufacturar los mejores productos t\u00edpicos de cada pa\u00eds, hemos desarrollado un producto de la m\u00e1s alta calidad y de sabor insuperable. Tras a\u00f1os de investigaci\u00f3n y experiencia, combinando tradici\u00f3n repostera e innovaci\u00f3n tecnol\u00f3gica, logramos un dulce de leche \u00fanico y exquisito. Manufacturado con las mejores leches de las pampas argentinas, nuestro dulce de leche posee una textura brillosa, es blando, sedoso, de sabor intenso, con el dulzor exacto, sin llegar a empalagar. Es el acompa\u00f1amiento ideal para desayunos, meriendas, postres, facturas, tortas, panqueques\u2026 Es un manjar que va con todo! De un sabor tan atrapante que dan ganas de comerlo a cucharadas! Te invitamos a descubrir nuestro secreto y deleitarte con nuestra pasi\u00f3n!<\/p>\n","protected":false},"excerpt":{"rendered":"<p>En\u00a0St\u00e4bz, nuestra pasi\u00f3n por el sabor llega a su m\u00e1xima expresi\u00f3n en el dulce de leche. Honrando la filosof\u00eda del fundador de nuestra compa\u00f1\u00eda,\u00a0Henry Stabholz, de manufacturar los mejores productos t\u00edpicos de cada pa\u00eds, hemos desarrollado un producto de la m\u00e1s alta calidad y de sabor insuperable. Tras a\u00f1os de investigaci\u00f3n y experiencia, combinando tradici\u00f3n [&hellip;]<\/p>\n","protected":false},"featured_media":16142,"comment_status":"open","ping_status":"closed","template":"","meta":{"_et_pb_use_builder":"","_et_pb_old_content":"","_et_gb_content_width":"","om_disable_all_campaigns":false,"_monsterinsights_skip_tracking":false,"_monsterinsights_sitenote_active":false,"_monsterinsights_sitenote_note":"","_monsterinsights_sitenote_category":0,"_joinchat":[]},"product_brand":[],"product_cat":[712],"product_tag":[],"class_list":{"0":"post-16141","1":"product","2":"type-product","3":"status-publish","4":"has-post-thumbnail","6":"product_cat-mermeladas-confituras","8":"first","9":"outofstock","10":"taxable","11":"shipping-taxable","12":"product-type-simple"},"aioseo_notices":[],"_links":{"self":[{"href":"https:\/\/www.oestepizzaparty.com.ar\/index.php?rest_route=\/wp\/v2\/product\/16141","targetHints":{"allow":["GET"]}}],"collection":[{"href":"https:\/\/www.oestepizzaparty.com.ar\/index.php?rest_route=\/wp\/v2\/product"}],"about":[{"href":"https:\/\/www.oestepizzaparty.com.ar\/index.php?rest_route=\/wp\/v2\/types\/product"}],"replies":[{"embeddable":true,"href":"https:\/\/www.oestepizzaparty.com.ar\/index.php?rest_route=%2Fwp%2Fv2%2Fcomments&post=16141"}],"wp:featuredmedia":[{"embeddable":true,"href":"https:\/\/www.oestepizzaparty.com.ar\/index.php?rest_route=\/wp\/v2\/media\/16142"}],"wp:attachment":[{"href":"https:\/\/www.oestepizzaparty.com.ar\/index.php?rest_route=%2Fwp%2Fv2%2Fmedia&parent=16141"}],"wp:term":[{"taxonomy":"product_brand","embeddable":true,"href":"https:\/\/www.oestepizzaparty.com.ar\/index.php?rest_route=%2Fwp%2Fv2%2Fproduct_brand&post=16141"},{"taxonomy":"product_cat","embeddable":true,"href":"https:\/\/www.oestepizzaparty.com.ar\/index.php?rest_route=%2Fwp%2Fv2%2Fproduct_cat&post=16141"},{"taxonomy":"product_tag","embeddable":true,"href":"https:\/\/www.oestepizzaparty.com.ar\/index.php?rest_route=%2Fwp%2Fv2%2Fproduct_tag&post=16141"}],"curies":[{"name":"wp","href":"https:\/\/api.w.org\/{rel}","templated":true}]}}