{"id":16146,"date":"2024-09-05T10:38:22","date_gmt":"2024-09-05T13:38:22","guid":{"rendered":"https:\/\/www.oestepizzaparty.com.ar\/?post_type=product&#038;p=16146"},"modified":"2026-04-08T13:52:48","modified_gmt":"2026-04-08T16:52:48","slug":"harinisima-salvado-x-25kg","status":"publish","type":"product","link":"https:\/\/www.oestepizzaparty.com.ar\/?product=harinisima-salvado-x-25kg","title":{"rendered":"HARINISIMA SALVADO x 20kg"},"content":{"rendered":"<p>Est\u00e1 compuesto por l\u00e1minas de diferente tama\u00f1o del pericarpio, exento de part\u00edculas de harina, es utilizado para la elaboraci\u00f3n de panes especiales, con alto contenido en fibras.<\/p>\n","protected":false},"excerpt":{"rendered":"<p>Est\u00e1 compuesto por l\u00e1minas de diferente tama\u00f1o del pericarpio, exento de part\u00edculas de harina, es utilizado para la elaboraci\u00f3n de panes especiales, con alto contenido en fibras.<\/p>\n","protected":false},"featured_media":16147,"comment_status":"open","ping_status":"closed","template":"","meta":{"_et_pb_use_builder":"","_et_pb_old_content":"","_et_gb_content_width":"","om_disable_all_campaigns":false,"_monsterinsights_skip_tracking":false,"_monsterinsights_sitenote_active":false,"_monsterinsights_sitenote_note":"","_monsterinsights_sitenote_category":0,"_joinchat":[]},"product_brand":[],"product_cat":[735],"product_tag":[100,194,160,161,138,212,202],"class_list":{"0":"post-16146","1":"product","2":"type-product","3":"status-publish","4":"has-post-thumbnail","6":"product_cat-molino-campodonico","7":"product_tag-gastronomia","8":"product_tag-harinas","9":"product_tag-insumos","10":"product_tag-insumos-gastronomia","11":"product_tag-molino-campodonico","12":"product_tag-semolin","13":"product_tag-venta-de-insumos","15":"first","16":"outofstock","17":"taxable","18":"shipping-taxable","19":"purchasable","20":"product-type-simple"},"aioseo_notices":[],"_links":{"self":[{"href":"https:\/\/www.oestepizzaparty.com.ar\/index.php?rest_route=\/wp\/v2\/product\/16146","targetHints":{"allow":["GET"]}}],"collection":[{"href":"https:\/\/www.oestepizzaparty.com.ar\/index.php?rest_route=\/wp\/v2\/product"}],"about":[{"href":"https:\/\/www.oestepizzaparty.com.ar\/index.php?rest_route=\/wp\/v2\/types\/product"}],"replies":[{"embeddable":true,"href":"https:\/\/www.oestepizzaparty.com.ar\/index.php?rest_route=%2Fwp%2Fv2%2Fcomments&post=16146"}],"wp:featuredmedia":[{"embeddable":true,"href":"https:\/\/www.oestepizzaparty.com.ar\/index.php?rest_route=\/wp\/v2\/media\/16147"}],"wp:attachment":[{"href":"https:\/\/www.oestepizzaparty.com.ar\/index.php?rest_route=%2Fwp%2Fv2%2Fmedia&parent=16146"}],"wp:term":[{"taxonomy":"product_brand","embeddable":true,"href":"https:\/\/www.oestepizzaparty.com.ar\/index.php?rest_route=%2Fwp%2Fv2%2Fproduct_brand&post=16146"},{"taxonomy":"product_cat","embeddable":true,"href":"https:\/\/www.oestepizzaparty.com.ar\/index.php?rest_route=%2Fwp%2Fv2%2Fproduct_cat&post=16146"},{"taxonomy":"product_tag","embeddable":true,"href":"https:\/\/www.oestepizzaparty.com.ar\/index.php?rest_route=%2Fwp%2Fv2%2Fproduct_tag&post=16146"}],"curies":[{"name":"wp","href":"https:\/\/api.w.org\/{rel}","templated":true}]}}