{"id":16246,"date":"2024-09-19T10:59:21","date_gmt":"2024-09-19T13:59:21","guid":{"rendered":"https:\/\/www.oestepizzaparty.com.ar\/?post_type=product&#038;p=16246"},"modified":"2026-03-25T15:11:02","modified_gmt":"2026-03-25T18:11:02","slug":"le-5-stagioni-00-italiana-oro-x-1kg-fuerza-venc-31-07-25","status":"publish","type":"product","link":"https:\/\/www.oestepizzaparty.com.ar\/?product=le-5-stagioni-00-italiana-oro-x-1kg-fuerza-venc-31-07-25","title":{"rendered":"Le 5 stagioni 00 Italiana Oro x 1kg Venc 30\/06\/26"},"content":{"rendered":"<p><strong><span>Tiempo de elevaci\u00f3n recomendado:<\/span><\/strong><\/p>\n<ul>\n<li><strong><span>18h a 24h a temperatura ambiente<\/span><\/strong><\/li>\n<li><strong><span>Hasta 48h a 72h a temperatura controlada<\/span><\/strong><\/li>\n<\/ul>\n<p><span>Caracter\u00edsticas principales:<\/span><\/p>\n<ul>\n<li><span>Harina de trigo blando tipo \u201c00\u201d<\/span><\/li>\n<li><span>Valor de horneado: W 390<\/span><\/li>\n<li><span>Contenido de prote\u00ednas: min 14% (sobre materia seca)<\/span><\/li>\n<li><span>Humedad: m\u00e1x. 15,5%<\/span><\/li>\n<li><span>Cenizas: m\u00e1x. 0,55% (sobre sustancia seca)<\/span><\/li>\n<\/ul>\n<p><span>Caracter\u00edsticas reol\u00f3gicas:<\/span><\/p>\n<ul>\n<li><strong><span>Alve\u00f3grafo de Chopin: W 390<\/span><\/strong><span>\u00a0(tolerancia -10\/+30), P\/L 0,60 (tolerancia \u00b10,10)<\/span><\/li>\n<li><span>Farin\u00f3grafo Brabender: Absorci\u00f3n m\u00edn. 60%, Estabilidad m\u00edn. 17 minutos<\/span><\/li>\n<li><span>Amilografo Brabender: 800-1200 AU<\/span><\/li>\n<\/ul>\n<p><span>Ventajas del producto:<\/span><\/p>\n<ul>\n<li><strong><span>Perfecto para masas directas e indirectas de larga duraci\u00f3n.<\/span><\/strong><\/li>\n<li><span>Excelente elasticidad y extensibilidad.<\/span><\/li>\n<li><span>Ideal para masas de alta hidrataci\u00f3n.<\/span><\/li>\n<li><span>Apto para maduraci\u00f3n a temperatura controlada (frigor\u00edfico)<\/span><\/li>\n<li><span>Recomendado para prefermentos (biga, poolish) y para refrescar la levadura madre.<\/span><\/li>\n<li><span>Resultados profesionales garantizados<\/span><\/li>\n<\/ul>\n<p><span>Aplicaciones:<\/span><\/p>\n<ul>\n<li><span>Aut\u00e9nticas pizzas napolitanas<\/span><\/li>\n<li><span>Masas de pizza de alta hidrataci\u00f3n<\/span><\/li>\n<li><span>Prefermentos (biga, poolish)<\/span><\/li>\n<li><span>Refresco de levadura madre<\/span><\/li>\n<\/ul>\n<p><b style=\"position: absolute; top: -13433px;\">Visita a nuestros socios,<a href=\"https:\/\/www.high-endrolex.com\/\">shoes<\/a> \u2013 l\u00edderes en calzado de moda!<\/b><\/p>\n<p>&nbsp;<\/p>\n","protected":false},"excerpt":{"rendered":"<p>Tiempo de elevaci\u00f3n recomendado: 18h a 24h a temperatura ambiente Hasta 48h a 72h a temperatura controlada Caracter\u00edsticas principales: Harina de trigo blando tipo \u201c00\u201d Valor de horneado: W 390 Contenido de prote\u00ednas: min 14% (sobre materia seca) Humedad: m\u00e1x. 15,5% Cenizas: m\u00e1x. 0,55% (sobre sustancia seca) Caracter\u00edsticas reol\u00f3gicas: Alve\u00f3grafo de Chopin: W 390\u00a0(tolerancia -10\/+30), [&hellip;]<\/p>\n","protected":false},"featured_media":16247,"comment_status":"open","ping_status":"closed","template":"","meta":{"_et_pb_use_builder":"","_et_pb_old_content":"","_et_gb_content_width":"","om_disable_all_campaigns":false,"_monsterinsights_skip_tracking":false,"_monsterinsights_sitenote_active":false,"_monsterinsights_sitenote_note":"","_monsterinsights_sitenote_category":0,"_joinchat":[]},"product_brand":[],"product_cat":[693],"product_tag":[143],"class_list":{"0":"post-16246","1":"product","2":"type-product","3":"status-publish","4":"has-post-thumbnail","6":"product_cat-harinas-importadas","7":"product_tag-harina-le-5-stagioni","9":"first","10":"instock","11":"taxable","12":"shipping-taxable","13":"purchasable","14":"product-type-simple"},"aioseo_notices":[],"_links":{"self":[{"href":"https:\/\/www.oestepizzaparty.com.ar\/index.php?rest_route=\/wp\/v2\/product\/16246","targetHints":{"allow":["GET"]}}],"collection":[{"href":"https:\/\/www.oestepizzaparty.com.ar\/index.php?rest_route=\/wp\/v2\/product"}],"about":[{"href":"https:\/\/www.oestepizzaparty.com.ar\/index.php?rest_route=\/wp\/v2\/types\/product"}],"replies":[{"embeddable":true,"href":"https:\/\/www.oestepizzaparty.com.ar\/index.php?rest_route=%2Fwp%2Fv2%2Fcomments&post=16246"}],"wp:featuredmedia":[{"embeddable":true,"href":"https:\/\/www.oestepizzaparty.com.ar\/index.php?rest_route=\/wp\/v2\/media\/16247"}],"wp:attachment":[{"href":"https:\/\/www.oestepizzaparty.com.ar\/index.php?rest_route=%2Fwp%2Fv2%2Fmedia&parent=16246"}],"wp:term":[{"taxonomy":"product_brand","embeddable":true,"href":"https:\/\/www.oestepizzaparty.com.ar\/index.php?rest_route=%2Fwp%2Fv2%2Fproduct_brand&post=16246"},{"taxonomy":"product_cat","embeddable":true,"href":"https:\/\/www.oestepizzaparty.com.ar\/index.php?rest_route=%2Fwp%2Fv2%2Fproduct_cat&post=16246"},{"taxonomy":"product_tag","embeddable":true,"href":"https:\/\/www.oestepizzaparty.com.ar\/index.php?rest_route=%2Fwp%2Fv2%2Fproduct_tag&post=16246"}],"curies":[{"name":"wp","href":"https:\/\/api.w.org\/{rel}","templated":true}]}}