{"id":16326,"date":"2024-10-03T14:35:09","date_gmt":"2024-10-03T17:35:09","guid":{"rendered":"https:\/\/www.oestepizzaparty.com.ar\/?post_type=product&#038;p=16326"},"modified":"2026-04-29T12:27:20","modified_gmt":"2026-04-29T15:27:20","slug":"tomate-perita-italiano-6-x-25kg-victoria","status":"publish","type":"product","link":"https:\/\/www.oestepizzaparty.com.ar\/?product=tomate-perita-italiano-6-x-25kg-victoria","title":{"rendered":"Tomate Perita (italiano) 6 x 2,5kg &#8211; Victoria Venc 31\/07\/27"},"content":{"rendered":"<p>El tomate perita pelado marca Victoria es un producto enlatado elaborado con tomates seleccionados, que conserva su frescura y sabor aut\u00e9ntico. Su presentaci\u00f3n en lata asegura una larga vida \u00fatil, manteniendo la calidad y la textura del tomate.<\/p>\n","protected":false},"excerpt":{"rendered":"<p>El tomate perita pelado marca Victoria es un producto enlatado elaborado con tomates seleccionados, que conserva su frescura y sabor aut\u00e9ntico. Su presentaci\u00f3n en lata asegura una larga vida \u00fatil, manteniendo la calidad y la textura del tomate.<\/p>\n","protected":false},"featured_media":16324,"comment_status":"open","ping_status":"closed","template":"","meta":{"_et_pb_use_builder":"","_et_pb_old_content":"","_et_gb_content_width":"","om_disable_all_campaigns":false,"_monsterinsights_skip_tracking":false,"_monsterinsights_sitenote_active":false,"_monsterinsights_sitenote_note":"","_monsterinsights_sitenote_category":0,"_joinchat":[]},"product_brand":[],"product_cat":[718],"product_tag":[],"class_list":{"0":"post-16326","1":"product","2":"type-product","3":"status-publish","4":"has-post-thumbnail","6":"product_cat-tomates-importados-por-caja","8":"first","9":"instock","10":"taxable","11":"shipping-taxable","12":"purchasable","13":"product-type-simple"},"aioseo_notices":[],"_links":{"self":[{"href":"https:\/\/www.oestepizzaparty.com.ar\/index.php?rest_route=\/wp\/v2\/product\/16326","targetHints":{"allow":["GET"]}}],"collection":[{"href":"https:\/\/www.oestepizzaparty.com.ar\/index.php?rest_route=\/wp\/v2\/product"}],"about":[{"href":"https:\/\/www.oestepizzaparty.com.ar\/index.php?rest_route=\/wp\/v2\/types\/product"}],"replies":[{"embeddable":true,"href":"https:\/\/www.oestepizzaparty.com.ar\/index.php?rest_route=%2Fwp%2Fv2%2Fcomments&post=16326"}],"wp:featuredmedia":[{"embeddable":true,"href":"https:\/\/www.oestepizzaparty.com.ar\/index.php?rest_route=\/wp\/v2\/media\/16324"}],"wp:attachment":[{"href":"https:\/\/www.oestepizzaparty.com.ar\/index.php?rest_route=%2Fwp%2Fv2%2Fmedia&parent=16326"}],"wp:term":[{"taxonomy":"product_brand","embeddable":true,"href":"https:\/\/www.oestepizzaparty.com.ar\/index.php?rest_route=%2Fwp%2Fv2%2Fproduct_brand&post=16326"},{"taxonomy":"product_cat","embeddable":true,"href":"https:\/\/www.oestepizzaparty.com.ar\/index.php?rest_route=%2Fwp%2Fv2%2Fproduct_cat&post=16326"},{"taxonomy":"product_tag","embeddable":true,"href":"https:\/\/www.oestepizzaparty.com.ar\/index.php?rest_route=%2Fwp%2Fv2%2Fproduct_tag&post=16326"}],"curies":[{"name":"wp","href":"https:\/\/api.w.org\/{rel}","templated":true}]}}