{"id":16399,"date":"2024-10-18T13:55:12","date_gmt":"2024-10-18T16:55:12","guid":{"rendered":"https:\/\/www.oestepizzaparty.com.ar\/?post_type=product&#038;p=16399"},"modified":"2025-10-22T09:40:47","modified_gmt":"2025-10-22T12:40:47","slug":"curcuma-molida-x-1kg-el-peoncito","status":"publish","type":"product","link":"https:\/\/www.oestepizzaparty.com.ar\/?product=curcuma-molida-x-1kg-el-peoncito","title":{"rendered":"CURCUMA MOLIDA X 1KG-EL PEONCITO"},"content":{"rendered":"<p>Es una ra\u00edz muy utilizada en la cocina. Tiene un color intenso, dorado anaranjado. Tiene un sabor picante, c\u00e1lido y una fragancia suave. La c\u00farcuma es el ingrediente principal en el polvo de curry y puede usarse como un agente colorante.<\/p>\n","protected":false},"excerpt":{"rendered":"<p>Es una ra\u00edz muy utilizada en la cocina. Tiene un color intenso, dorado anaranjado. Tiene un sabor picante, c\u00e1lido y una fragancia suave. La c\u00farcuma es el ingrediente principal en el polvo de curry y puede usarse como un agente colorante.<\/p>\n","protected":false},"featured_media":16400,"comment_status":"open","ping_status":"closed","template":"","meta":{"_et_pb_use_builder":"","_et_pb_old_content":"","_et_gb_content_width":"","om_disable_all_campaigns":false,"_monsterinsights_skip_tracking":false,"_monsterinsights_sitenote_active":false,"_monsterinsights_sitenote_note":"","_monsterinsights_sitenote_category":0,"_joinchat":[]},"product_brand":[],"product_cat":[719],"product_tag":[],"class_list":{"0":"post-16399","1":"product","2":"type-product","3":"status-publish","4":"has-post-thumbnail","6":"product_cat-condimentos-especias","8":"first","9":"outofstock","10":"taxable","11":"shipping-taxable","12":"purchasable","13":"product-type-simple"},"aioseo_notices":[],"_links":{"self":[{"href":"https:\/\/www.oestepizzaparty.com.ar\/index.php?rest_route=\/wp\/v2\/product\/16399","targetHints":{"allow":["GET"]}}],"collection":[{"href":"https:\/\/www.oestepizzaparty.com.ar\/index.php?rest_route=\/wp\/v2\/product"}],"about":[{"href":"https:\/\/www.oestepizzaparty.com.ar\/index.php?rest_route=\/wp\/v2\/types\/product"}],"replies":[{"embeddable":true,"href":"https:\/\/www.oestepizzaparty.com.ar\/index.php?rest_route=%2Fwp%2Fv2%2Fcomments&post=16399"}],"wp:featuredmedia":[{"embeddable":true,"href":"https:\/\/www.oestepizzaparty.com.ar\/index.php?rest_route=\/wp\/v2\/media\/16400"}],"wp:attachment":[{"href":"https:\/\/www.oestepizzaparty.com.ar\/index.php?rest_route=%2Fwp%2Fv2%2Fmedia&parent=16399"}],"wp:term":[{"taxonomy":"product_brand","embeddable":true,"href":"https:\/\/www.oestepizzaparty.com.ar\/index.php?rest_route=%2Fwp%2Fv2%2Fproduct_brand&post=16399"},{"taxonomy":"product_cat","embeddable":true,"href":"https:\/\/www.oestepizzaparty.com.ar\/index.php?rest_route=%2Fwp%2Fv2%2Fproduct_cat&post=16399"},{"taxonomy":"product_tag","embeddable":true,"href":"https:\/\/www.oestepizzaparty.com.ar\/index.php?rest_route=%2Fwp%2Fv2%2Fproduct_tag&post=16399"}],"curies":[{"name":"wp","href":"https:\/\/api.w.org\/{rel}","templated":true}]}}