{"id":16402,"date":"2024-10-18T14:21:45","date_gmt":"2024-10-18T17:21:45","guid":{"rendered":"https:\/\/www.oestepizzaparty.com.ar\/?post_type=product&#038;p=16402"},"modified":"2026-04-16T10:51:25","modified_gmt":"2026-04-16T13:51:25","slug":"nuez-moscada-x-1kg-el-peoncito","status":"publish","type":"product","link":"https:\/\/www.oestepizzaparty.com.ar\/?product=nuez-moscada-x-1kg-el-peoncito","title":{"rendered":"NUEZ MOSCADA MOLIDA X 1KG-EL PEONCITO"},"content":{"rendered":"<h5><em>La nuez moscada molida se puede usar para Salsas, sopas, pollos, carnes, vegetales y postres. Tiene un sabor c\u00e1lido, dulce y arom\u00e1tico va bien tanto en platos dulces como salados. Agr\u00e9gala siempre al final de la cocci\u00f3n, ya que el calor disminuye su sabor. Es infaltable en la salsa blanca y tambi\u00e9n le da un toque especial a las verduritas salteadas con pollo.<\/em><\/h5>\n","protected":false},"excerpt":{"rendered":"<p>La nuez moscada molida se puede usar para Salsas, sopas, pollos, carnes, vegetales y postres. Tiene un sabor c\u00e1lido, dulce y arom\u00e1tico va bien tanto en platos dulces como salados. Agr\u00e9gala siempre al final de la cocci\u00f3n, ya que el calor disminuye su sabor. Es infaltable en la salsa blanca y tambi\u00e9n le da un [&hellip;]<\/p>\n","protected":false},"featured_media":16403,"comment_status":"open","ping_status":"closed","template":"","meta":{"_et_pb_use_builder":"","_et_pb_old_content":"","_et_gb_content_width":"","om_disable_all_campaigns":false,"_monsterinsights_skip_tracking":false,"_monsterinsights_sitenote_active":false,"_monsterinsights_sitenote_note":"","_monsterinsights_sitenote_category":0,"_joinchat":[]},"product_brand":[],"product_cat":[719],"product_tag":[],"class_list":{"0":"post-16402","1":"product","2":"type-product","3":"status-publish","4":"has-post-thumbnail","6":"product_cat-condimentos-especias","8":"first","9":"instock","10":"taxable","11":"shipping-taxable","12":"purchasable","13":"product-type-simple"},"aioseo_notices":[],"_links":{"self":[{"href":"https:\/\/www.oestepizzaparty.com.ar\/index.php?rest_route=\/wp\/v2\/product\/16402","targetHints":{"allow":["GET"]}}],"collection":[{"href":"https:\/\/www.oestepizzaparty.com.ar\/index.php?rest_route=\/wp\/v2\/product"}],"about":[{"href":"https:\/\/www.oestepizzaparty.com.ar\/index.php?rest_route=\/wp\/v2\/types\/product"}],"replies":[{"embeddable":true,"href":"https:\/\/www.oestepizzaparty.com.ar\/index.php?rest_route=%2Fwp%2Fv2%2Fcomments&post=16402"}],"wp:featuredmedia":[{"embeddable":true,"href":"https:\/\/www.oestepizzaparty.com.ar\/index.php?rest_route=\/wp\/v2\/media\/16403"}],"wp:attachment":[{"href":"https:\/\/www.oestepizzaparty.com.ar\/index.php?rest_route=%2Fwp%2Fv2%2Fmedia&parent=16402"}],"wp:term":[{"taxonomy":"product_brand","embeddable":true,"href":"https:\/\/www.oestepizzaparty.com.ar\/index.php?rest_route=%2Fwp%2Fv2%2Fproduct_brand&post=16402"},{"taxonomy":"product_cat","embeddable":true,"href":"https:\/\/www.oestepizzaparty.com.ar\/index.php?rest_route=%2Fwp%2Fv2%2Fproduct_cat&post=16402"},{"taxonomy":"product_tag","embeddable":true,"href":"https:\/\/www.oestepizzaparty.com.ar\/index.php?rest_route=%2Fwp%2Fv2%2Fproduct_tag&post=16402"}],"curies":[{"name":"wp","href":"https:\/\/api.w.org\/{rel}","templated":true}]}}