{"id":16689,"date":"2024-12-06T17:23:48","date_gmt":"2024-12-06T20:23:48","guid":{"rendered":"https:\/\/www.oestepizzaparty.com.ar\/?post_type=product&#038;p=16689"},"modified":"2026-04-01T15:43:58","modified_gmt":"2026-04-01T18:43:58","slug":"rejilla-de-aluminio-x-28cm-gi-metal","status":"publish","type":"product","link":"https:\/\/www.oestepizzaparty.com.ar\/?product=rejilla-de-aluminio-x-28cm-gi-metal","title":{"rendered":"Rejilla de Aluminio x 28cm &#8211; GIMETAL"},"content":{"rendered":"<p>Rejilla de aluminio, malla llana. La rejilla ofrece la ventaja de proteger la masa de la superficie radiante del horno durante la cocci\u00f3n y evita el abizcochado en el caso de cocci\u00f3n combinada, o bien, cuando la pizza se hornea en dos tiempos. La cocci\u00f3n sobre rejilla es una alternativa de cocci\u00f3n m\u00e1s r\u00e1pida que la realizada en un molde, permitiendo, adem\u00e1s, una mayor irradiaci\u00f3n directa del calor y una cocci\u00f3n m\u00e1s r\u00e1pida.<\/p>\n","protected":false},"excerpt":{"rendered":"<p>Rejilla de aluminio, malla llana. La rejilla ofrece la ventaja de proteger la masa de la superficie radiante del horno durante la cocci\u00f3n y evita el abizcochado en el caso de cocci\u00f3n combinada, o bien, cuando la pizza se hornea en dos tiempos. La cocci\u00f3n sobre rejilla es una alternativa de cocci\u00f3n m\u00e1s r\u00e1pida que [&hellip;]<\/p>\n","protected":false},"featured_media":16687,"comment_status":"open","ping_status":"closed","template":"","meta":{"_et_pb_use_builder":"","_et_pb_old_content":"","_et_gb_content_width":"","om_disable_all_campaigns":false,"_monsterinsights_skip_tracking":false,"_monsterinsights_sitenote_active":false,"_monsterinsights_sitenote_note":"","_monsterinsights_sitenote_category":0,"_joinchat":[]},"product_brand":[],"product_cat":[700,702],"product_tag":[],"class_list":{"0":"post-16689","1":"product","2":"type-product","3":"status-publish","4":"has-post-thumbnail","6":"product_cat-equipamiento","7":"product_cat-herramientas-de-trabajo","9":"first","10":"instock","11":"taxable","12":"shipping-taxable","13":"purchasable","14":"product-type-simple"},"aioseo_notices":[],"_links":{"self":[{"href":"https:\/\/www.oestepizzaparty.com.ar\/index.php?rest_route=\/wp\/v2\/product\/16689","targetHints":{"allow":["GET"]}}],"collection":[{"href":"https:\/\/www.oestepizzaparty.com.ar\/index.php?rest_route=\/wp\/v2\/product"}],"about":[{"href":"https:\/\/www.oestepizzaparty.com.ar\/index.php?rest_route=\/wp\/v2\/types\/product"}],"replies":[{"embeddable":true,"href":"https:\/\/www.oestepizzaparty.com.ar\/index.php?rest_route=%2Fwp%2Fv2%2Fcomments&post=16689"}],"wp:featuredmedia":[{"embeddable":true,"href":"https:\/\/www.oestepizzaparty.com.ar\/index.php?rest_route=\/wp\/v2\/media\/16687"}],"wp:attachment":[{"href":"https:\/\/www.oestepizzaparty.com.ar\/index.php?rest_route=%2Fwp%2Fv2%2Fmedia&parent=16689"}],"wp:term":[{"taxonomy":"product_brand","embeddable":true,"href":"https:\/\/www.oestepizzaparty.com.ar\/index.php?rest_route=%2Fwp%2Fv2%2Fproduct_brand&post=16689"},{"taxonomy":"product_cat","embeddable":true,"href":"https:\/\/www.oestepizzaparty.com.ar\/index.php?rest_route=%2Fwp%2Fv2%2Fproduct_cat&post=16689"},{"taxonomy":"product_tag","embeddable":true,"href":"https:\/\/www.oestepizzaparty.com.ar\/index.php?rest_route=%2Fwp%2Fv2%2Fproduct_tag&post=16689"}],"curies":[{"name":"wp","href":"https:\/\/api.w.org\/{rel}","templated":true}]}}