{"id":16880,"date":"2025-01-27T15:40:08","date_gmt":"2025-01-27T18:40:08","guid":{"rendered":"https:\/\/www.oestepizzaparty.com.ar\/?post_type=product&#038;p=16880"},"modified":"2025-12-13T11:16:49","modified_gmt":"2025-12-13T14:16:49","slug":"cous-cous-ferrero-x-500gr","status":"publish","type":"product","link":"https:\/\/www.oestepizzaparty.com.ar\/?product=cous-cous-ferrero-x-500gr","title":{"rendered":"Cous Cous Ferrero x 500gr Venc 1\/10\/26"},"content":{"rendered":"<p><em>El cous cous, conocido tambi\u00e9n como \u00abcusc\u00fas\u00bb, es un alimento tradicional del norte de \u00c1frica y un cl\u00e1sico de la gastronom\u00eda francesa. Rico en prote\u00ednas y bajo en grasas, es f\u00e1cil y r\u00e1pido de preparar, ideal para una comida nutritiva y deliciosa.\u00a0<\/em><\/p>\n<p>Ferrero Express es fruto de una refinada selecci\u00f3n de trigos duros y un proceso industrial que preserva las cualidades del grano. Su alta calidad los hace f\u00e1ciles de esparcir y su empaque en sobres permite una r\u00e1pida cocci\u00f3n: est\u00e1 listo en solo 1 minuto.<\/p>\n<p>La calidad del grano es id\u00e9ntica a la contenida en el envase de Ferrero medium, pero esta nueva presentaci\u00f3n permite una cocci\u00f3n m\u00e1s r\u00e1pida.<\/p>\n","protected":false},"excerpt":{"rendered":"<p>El cous cous, conocido tambi\u00e9n como \u00abcusc\u00fas\u00bb, es un alimento tradicional del norte de \u00c1frica y un cl\u00e1sico de la gastronom\u00eda francesa. Rico en prote\u00ednas y bajo en grasas, es f\u00e1cil y r\u00e1pido de preparar, ideal para una comida nutritiva y deliciosa.\u00a0 Ferrero Express es fruto de una refinada selecci\u00f3n de trigos duros y un [&hellip;]<\/p>\n","protected":false},"featured_media":16881,"comment_status":"open","ping_status":"closed","template":"","meta":{"_et_pb_use_builder":"","_et_pb_old_content":"","_et_gb_content_width":"","om_disable_all_campaigns":false,"_monsterinsights_skip_tracking":false,"_monsterinsights_sitenote_active":false,"_monsterinsights_sitenote_note":"","_monsterinsights_sitenote_category":0,"_joinchat":[]},"product_brand":[],"product_cat":[711],"product_tag":[],"class_list":{"0":"post-16880","1":"product","2":"type-product","3":"status-publish","4":"has-post-thumbnail","6":"product_cat-pastas-arroces-importados","8":"first","9":"instock","10":"taxable","11":"shipping-taxable","12":"purchasable","13":"product-type-simple"},"aioseo_notices":[],"_links":{"self":[{"href":"https:\/\/www.oestepizzaparty.com.ar\/index.php?rest_route=\/wp\/v2\/product\/16880","targetHints":{"allow":["GET"]}}],"collection":[{"href":"https:\/\/www.oestepizzaparty.com.ar\/index.php?rest_route=\/wp\/v2\/product"}],"about":[{"href":"https:\/\/www.oestepizzaparty.com.ar\/index.php?rest_route=\/wp\/v2\/types\/product"}],"replies":[{"embeddable":true,"href":"https:\/\/www.oestepizzaparty.com.ar\/index.php?rest_route=%2Fwp%2Fv2%2Fcomments&post=16880"}],"wp:featuredmedia":[{"embeddable":true,"href":"https:\/\/www.oestepizzaparty.com.ar\/index.php?rest_route=\/wp\/v2\/media\/16881"}],"wp:attachment":[{"href":"https:\/\/www.oestepizzaparty.com.ar\/index.php?rest_route=%2Fwp%2Fv2%2Fmedia&parent=16880"}],"wp:term":[{"taxonomy":"product_brand","embeddable":true,"href":"https:\/\/www.oestepizzaparty.com.ar\/index.php?rest_route=%2Fwp%2Fv2%2Fproduct_brand&post=16880"},{"taxonomy":"product_cat","embeddable":true,"href":"https:\/\/www.oestepizzaparty.com.ar\/index.php?rest_route=%2Fwp%2Fv2%2Fproduct_cat&post=16880"},{"taxonomy":"product_tag","embeddable":true,"href":"https:\/\/www.oestepizzaparty.com.ar\/index.php?rest_route=%2Fwp%2Fv2%2Fproduct_tag&post=16880"}],"curies":[{"name":"wp","href":"https:\/\/api.w.org\/{rel}","templated":true}]}}