{"id":16885,"date":"2025-01-27T15:53:18","date_gmt":"2025-01-27T18:53:18","guid":{"rendered":"https:\/\/www.oestepizzaparty.com.ar\/?post_type=product&#038;p=16885"},"modified":"2026-04-24T09:43:03","modified_gmt":"2026-04-24T12:43:03","slug":"aceto-balsamico-di-modena-i-g-p-x-250ml-san-giorgio","status":"publish","type":"product","link":"https:\/\/www.oestepizzaparty.com.ar\/?product=aceto-balsamico-di-modena-i-g-p-x-250ml-san-giorgio","title":{"rendered":"Aceto Balsamico di Modena I.G.P x 250ml &#8211; San Giorgio"},"content":{"rendered":"<p>El aceto bals\u00e1mico de M\u00f3dena IGP (certificaci\u00f3n por denominaci\u00f3n de origen) se extrae del mosto de uva cocido.<br \/>\nSus caracter\u00edsticas apreciables por todos los sentidos, se mantienen inalteradas gracias a la ausencia de aditivos.<br \/>\nLa concentraci\u00f3n de mosto le da a este aderezo una agradable densidad de 1.065.<\/p>\n","protected":false},"excerpt":{"rendered":"<p>El aceto bals\u00e1mico de M\u00f3dena IGP (certificaci\u00f3n por denominaci\u00f3n de origen) se extrae del mosto de uva cocido. Sus caracter\u00edsticas apreciables por todos los sentidos, se mantienen inalteradas gracias a la ausencia de aditivos. La concentraci\u00f3n de mosto le da a este aderezo una agradable densidad de 1.065.<\/p>\n","protected":false},"featured_media":16886,"comment_status":"open","ping_status":"closed","template":"","meta":{"_et_pb_use_builder":"","_et_pb_old_content":"","_et_gb_content_width":"","om_disable_all_campaigns":false,"_monsterinsights_skip_tracking":false,"_monsterinsights_sitenote_active":false,"_monsterinsights_sitenote_note":"","_monsterinsights_sitenote_category":0,"_joinchat":[]},"product_brand":[],"product_cat":[752,708],"product_tag":[],"class_list":{"0":"post-16885","1":"product","2":"type-product","3":"status-publish","4":"has-post-thumbnail","6":"product_cat-aceites-vinagres-importados","7":"product_cat-productos-de-almacen","9":"first","10":"instock","11":"taxable","12":"shipping-taxable","13":"purchasable","14":"product-type-simple"},"aioseo_notices":[],"_links":{"self":[{"href":"https:\/\/www.oestepizzaparty.com.ar\/index.php?rest_route=\/wp\/v2\/product\/16885","targetHints":{"allow":["GET"]}}],"collection":[{"href":"https:\/\/www.oestepizzaparty.com.ar\/index.php?rest_route=\/wp\/v2\/product"}],"about":[{"href":"https:\/\/www.oestepizzaparty.com.ar\/index.php?rest_route=\/wp\/v2\/types\/product"}],"replies":[{"embeddable":true,"href":"https:\/\/www.oestepizzaparty.com.ar\/index.php?rest_route=%2Fwp%2Fv2%2Fcomments&post=16885"}],"wp:featuredmedia":[{"embeddable":true,"href":"https:\/\/www.oestepizzaparty.com.ar\/index.php?rest_route=\/wp\/v2\/media\/16886"}],"wp:attachment":[{"href":"https:\/\/www.oestepizzaparty.com.ar\/index.php?rest_route=%2Fwp%2Fv2%2Fmedia&parent=16885"}],"wp:term":[{"taxonomy":"product_brand","embeddable":true,"href":"https:\/\/www.oestepizzaparty.com.ar\/index.php?rest_route=%2Fwp%2Fv2%2Fproduct_brand&post=16885"},{"taxonomy":"product_cat","embeddable":true,"href":"https:\/\/www.oestepizzaparty.com.ar\/index.php?rest_route=%2Fwp%2Fv2%2Fproduct_cat&post=16885"},{"taxonomy":"product_tag","embeddable":true,"href":"https:\/\/www.oestepizzaparty.com.ar\/index.php?rest_route=%2Fwp%2Fv2%2Fproduct_tag&post=16885"}],"curies":[{"name":"wp","href":"https:\/\/api.w.org\/{rel}","templated":true}]}}