{"id":16905,"date":"2025-01-28T07:57:17","date_gmt":"2025-01-28T10:57:17","guid":{"rendered":"https:\/\/www.oestepizzaparty.com.ar\/?post_type=product&#038;p=16905"},"modified":"2026-04-16T12:37:17","modified_gmt":"2026-04-16T15:37:17","slug":"badia-pimienta-limon-x-1843gr","status":"publish","type":"product","link":"https:\/\/www.oestepizzaparty.com.ar\/?product=badia-pimienta-limon-x-1843gr","title":{"rendered":"Badia Pimienta Limon x 184,3gr"},"content":{"rendered":"<p>Descubre\u00a0<strong>Pimienta Lim\u00f3n<\/strong>, un cl\u00e1sico de Badia que no puede faltar en tu cocina. Esta mezcla \u00fanica combina la intensidad de la\u00a0<em>pimienta negra<\/em>\u00a0con la frescura del\u00a0<em>sabor a lim\u00f3n<\/em>, creando un equilibrio perfecto que realza tus preparaciones.<\/p>\n","protected":false},"excerpt":{"rendered":"<p>Descubre\u00a0Pimienta Lim\u00f3n, un cl\u00e1sico de Badia que no puede faltar en tu cocina. Esta mezcla \u00fanica combina la intensidad de la\u00a0pimienta negra\u00a0con la frescura del\u00a0sabor a lim\u00f3n, creando un equilibrio perfecto que realza tus preparaciones.<\/p>\n","protected":false},"featured_media":16906,"comment_status":"open","ping_status":"closed","template":"","meta":{"_et_pb_use_builder":"","_et_pb_old_content":"","_et_gb_content_width":"","om_disable_all_campaigns":false,"_monsterinsights_skip_tracking":false,"_monsterinsights_sitenote_active":false,"_monsterinsights_sitenote_note":"","_monsterinsights_sitenote_category":0,"_joinchat":[]},"product_brand":[],"product_cat":[719],"product_tag":[],"class_list":{"0":"post-16905","1":"product","2":"type-product","3":"status-publish","4":"has-post-thumbnail","6":"product_cat-condimentos-especias","8":"first","9":"instock","10":"taxable","11":"shipping-taxable","12":"purchasable","13":"product-type-simple"},"aioseo_notices":[],"_links":{"self":[{"href":"https:\/\/www.oestepizzaparty.com.ar\/index.php?rest_route=\/wp\/v2\/product\/16905","targetHints":{"allow":["GET"]}}],"collection":[{"href":"https:\/\/www.oestepizzaparty.com.ar\/index.php?rest_route=\/wp\/v2\/product"}],"about":[{"href":"https:\/\/www.oestepizzaparty.com.ar\/index.php?rest_route=\/wp\/v2\/types\/product"}],"replies":[{"embeddable":true,"href":"https:\/\/www.oestepizzaparty.com.ar\/index.php?rest_route=%2Fwp%2Fv2%2Fcomments&post=16905"}],"wp:featuredmedia":[{"embeddable":true,"href":"https:\/\/www.oestepizzaparty.com.ar\/index.php?rest_route=\/wp\/v2\/media\/16906"}],"wp:attachment":[{"href":"https:\/\/www.oestepizzaparty.com.ar\/index.php?rest_route=%2Fwp%2Fv2%2Fmedia&parent=16905"}],"wp:term":[{"taxonomy":"product_brand","embeddable":true,"href":"https:\/\/www.oestepizzaparty.com.ar\/index.php?rest_route=%2Fwp%2Fv2%2Fproduct_brand&post=16905"},{"taxonomy":"product_cat","embeddable":true,"href":"https:\/\/www.oestepizzaparty.com.ar\/index.php?rest_route=%2Fwp%2Fv2%2Fproduct_cat&post=16905"},{"taxonomy":"product_tag","embeddable":true,"href":"https:\/\/www.oestepizzaparty.com.ar\/index.php?rest_route=%2Fwp%2Fv2%2Fproduct_tag&post=16905"}],"curies":[{"name":"wp","href":"https:\/\/api.w.org\/{rel}","templated":true}]}}