{"id":16912,"date":"2025-01-28T13:01:25","date_gmt":"2025-01-28T16:01:25","guid":{"rendered":"https:\/\/www.oestepizzaparty.com.ar\/?post_type=product&#038;p=16912"},"modified":"2025-12-14T09:43:53","modified_gmt":"2025-12-14T12:43:53","slug":"caputo-farina-00-pizzeria-x-1kg","status":"publish","type":"product","link":"https:\/\/www.oestepizzaparty.com.ar\/?product=caputo-farina-00-pizzeria-x-1kg","title":{"rendered":"Caputo Farina 00 Pizzeria x 1kg"},"content":{"rendered":"<p>Caputo Farina 00 Pizzeria x 1kg<\/p>\n<p>El gluten el\u00e1stico y el almid\u00f3n suave favorecen la formaci\u00f3n de masas con excelente hidrataci\u00f3n, ligera y perfecta levadura, satisfaciendo las necesidades de los mejores pizzeros. Ideal para la cl\u00e1sica pizza napolitana.<\/p>\n<p>&nbsp;<\/p>\n","protected":false},"excerpt":{"rendered":"<p>Caputo Farina 00 Pizzeria x 1kg El gluten el\u00e1stico y el almid\u00f3n suave favorecen la formaci\u00f3n de masas con excelente hidrataci\u00f3n, ligera y perfecta levadura, satisfaciendo las necesidades de los mejores pizzeros. Ideal para la cl\u00e1sica pizza napolitana. &nbsp;<\/p>\n","protected":false},"featured_media":16913,"comment_status":"open","ping_status":"closed","template":"","meta":{"_et_pb_use_builder":"","_et_pb_old_content":"","_et_gb_content_width":"","om_disable_all_campaigns":false,"_monsterinsights_skip_tracking":false,"_monsterinsights_sitenote_active":false,"_monsterinsights_sitenote_note":"","_monsterinsights_sitenote_category":0,"_joinchat":[]},"product_brand":[],"product_cat":[689,693],"product_tag":[],"class_list":{"0":"post-16912","1":"product","2":"type-product","3":"status-publish","4":"has-post-thumbnail","6":"product_cat-harinas","7":"product_cat-harinas-importadas","9":"first","10":"outofstock","11":"taxable","12":"shipping-taxable","13":"product-type-simple"},"aioseo_notices":[],"_links":{"self":[{"href":"https:\/\/www.oestepizzaparty.com.ar\/index.php?rest_route=\/wp\/v2\/product\/16912","targetHints":{"allow":["GET"]}}],"collection":[{"href":"https:\/\/www.oestepizzaparty.com.ar\/index.php?rest_route=\/wp\/v2\/product"}],"about":[{"href":"https:\/\/www.oestepizzaparty.com.ar\/index.php?rest_route=\/wp\/v2\/types\/product"}],"replies":[{"embeddable":true,"href":"https:\/\/www.oestepizzaparty.com.ar\/index.php?rest_route=%2Fwp%2Fv2%2Fcomments&post=16912"}],"wp:featuredmedia":[{"embeddable":true,"href":"https:\/\/www.oestepizzaparty.com.ar\/index.php?rest_route=\/wp\/v2\/media\/16913"}],"wp:attachment":[{"href":"https:\/\/www.oestepizzaparty.com.ar\/index.php?rest_route=%2Fwp%2Fv2%2Fmedia&parent=16912"}],"wp:term":[{"taxonomy":"product_brand","embeddable":true,"href":"https:\/\/www.oestepizzaparty.com.ar\/index.php?rest_route=%2Fwp%2Fv2%2Fproduct_brand&post=16912"},{"taxonomy":"product_cat","embeddable":true,"href":"https:\/\/www.oestepizzaparty.com.ar\/index.php?rest_route=%2Fwp%2Fv2%2Fproduct_cat&post=16912"},{"taxonomy":"product_tag","embeddable":true,"href":"https:\/\/www.oestepizzaparty.com.ar\/index.php?rest_route=%2Fwp%2Fv2%2Fproduct_tag&post=16912"}],"curies":[{"name":"wp","href":"https:\/\/api.w.org\/{rel}","templated":true}]}}