{"id":16915,"date":"2025-01-28T13:41:35","date_gmt":"2025-01-28T16:41:35","guid":{"rendered":"https:\/\/www.oestepizzaparty.com.ar\/?post_type=product&#038;p=16915"},"modified":"2025-10-02T13:05:55","modified_gmt":"2025-10-02T16:05:55","slug":"caputo-farina-0-manitoba-oro-x-1kg","status":"publish","type":"product","link":"https:\/\/www.oestepizzaparty.com.ar\/?product=caputo-farina-0-manitoba-oro-x-1kg","title":{"rendered":"Caputo Farina 0 Manitoba Oro x 1kg  Venc"},"content":{"rendered":"<p>La Manitoba Oro di Mulino es una harina fuerte, con alto valor proteico. Tartas, cremas y todos los productos fermentados estructurados, incluidos los caseros, son su uso m\u00e1s convencional. Sin embargo, tambi\u00e9n se puede utilizar en pizzer\u00edas como harina de corte para reforzar las mezclas.<\/p>\n","protected":false},"excerpt":{"rendered":"<p>La Manitoba Oro di Mulino es una harina fuerte, con alto valor proteico. Tartas, cremas y todos los productos fermentados estructurados, incluidos los caseros, son su uso m\u00e1s convencional. Sin embargo, tambi\u00e9n se puede utilizar en pizzer\u00edas como harina de corte para reforzar las mezclas.<\/p>\n","protected":false},"featured_media":16916,"comment_status":"open","ping_status":"closed","template":"","meta":{"_et_pb_use_builder":"","_et_pb_old_content":"","_et_gb_content_width":"","om_disable_all_campaigns":false,"_monsterinsights_skip_tracking":false,"_monsterinsights_sitenote_active":false,"_monsterinsights_sitenote_note":"","_monsterinsights_sitenote_category":0,"_joinchat":[]},"product_brand":[],"product_cat":[689,693],"product_tag":[],"class_list":{"0":"post-16915","1":"product","2":"type-product","3":"status-publish","4":"has-post-thumbnail","6":"product_cat-harinas","7":"product_cat-harinas-importadas","9":"first","10":"outofstock","11":"taxable","12":"shipping-taxable","13":"product-type-simple"},"aioseo_notices":[],"_links":{"self":[{"href":"https:\/\/www.oestepizzaparty.com.ar\/index.php?rest_route=\/wp\/v2\/product\/16915","targetHints":{"allow":["GET"]}}],"collection":[{"href":"https:\/\/www.oestepizzaparty.com.ar\/index.php?rest_route=\/wp\/v2\/product"}],"about":[{"href":"https:\/\/www.oestepizzaparty.com.ar\/index.php?rest_route=\/wp\/v2\/types\/product"}],"replies":[{"embeddable":true,"href":"https:\/\/www.oestepizzaparty.com.ar\/index.php?rest_route=%2Fwp%2Fv2%2Fcomments&post=16915"}],"wp:featuredmedia":[{"embeddable":true,"href":"https:\/\/www.oestepizzaparty.com.ar\/index.php?rest_route=\/wp\/v2\/media\/16916"}],"wp:attachment":[{"href":"https:\/\/www.oestepizzaparty.com.ar\/index.php?rest_route=%2Fwp%2Fv2%2Fmedia&parent=16915"}],"wp:term":[{"taxonomy":"product_brand","embeddable":true,"href":"https:\/\/www.oestepizzaparty.com.ar\/index.php?rest_route=%2Fwp%2Fv2%2Fproduct_brand&post=16915"},{"taxonomy":"product_cat","embeddable":true,"href":"https:\/\/www.oestepizzaparty.com.ar\/index.php?rest_route=%2Fwp%2Fv2%2Fproduct_cat&post=16915"},{"taxonomy":"product_tag","embeddable":true,"href":"https:\/\/www.oestepizzaparty.com.ar\/index.php?rest_route=%2Fwp%2Fv2%2Fproduct_tag&post=16915"}],"curies":[{"name":"wp","href":"https:\/\/api.w.org\/{rel}","templated":true}]}}