{"id":16940,"date":"2025-02-05T07:53:03","date_gmt":"2025-02-05T10:53:03","guid":{"rendered":"https:\/\/www.oestepizzaparty.com.ar\/?post_type=product&#038;p=16940"},"modified":"2026-03-31T15:42:26","modified_gmt":"2026-03-31T18:42:26","slug":"le-5-stagioni-00-italiana-oro-x-10kg","status":"publish","type":"product","link":"https:\/\/www.oestepizzaparty.com.ar\/?product=le-5-stagioni-00-italiana-oro-x-10kg","title":{"rendered":"Le 5 stagioni 00 Italiana Oro Bolsa x 10kg"},"content":{"rendered":"<p><strong>Tiempo de elevaci\u00f3n recomendado:<\/strong><\/p>\n<ul>\n<li><strong>18h a 24h a temperatura ambiente<\/strong><\/li>\n<li><strong>Hasta 48h a 72h a temperatura controlada<\/strong><\/li>\n<\/ul>\n<p>Caracter\u00edsticas principales:<\/p>\n<ul>\n<li>Harina de trigo blando tipo ?00?<\/li>\n<li>Valor de horneado: W 390<\/li>\n<li>Contenido de prote\u00ednas: min 14% (sobre materia seca)<\/li>\n<li>Humedad: m\u00e1x. 15,5%<\/li>\n<li>Cenizas: m\u00e1x. 0,55% (sobre sustancia seca)<\/li>\n<\/ul>\n<p>Caracter\u00edsticas reol\u00f3gicas:<\/p>\n<ul>\n<li><strong>Alve\u00f3grafo de Chopin: W 390<\/strong>\u00a0(tolerancia -10\/+30), P\/L 0,60 (tolerancia \u00b10,10)<\/li>\n<li>Farin\u00f3grafo Brabender: Absorci\u00f3n m\u00edn. 60%, Estabilidad m\u00edn. 17 minutos<\/li>\n<li>Amilografo Brabender: 800-1200 AU<\/li>\n<\/ul>\n<p>Ventajas del producto:<\/p>\n<ul>\n<li><strong>Perfecto para masas directas e indirectas de larga duraci\u00f3n.<\/strong><\/li>\n<li>Excelente elasticidad y extensibilidad.<\/li>\n<li>Ideal para masas de alta hidrataci\u00f3n.<\/li>\n<li>Apto para maduraci\u00f3n a temperatura controlada (frigor\u00edfico)<\/li>\n<li>Recomendado para prefermentos (biga, poolish) y para refrescar la levadura madre.<\/li>\n<li>Resultados profesionales garantizados<\/li>\n<\/ul>\n<p>Aplicaciones:<\/p>\n<ul>\n<li>Aut\u00e9nticas pizzas napolitanas<\/li>\n<li>Masas de pizza de alta hidrataci\u00f3n<\/li>\n<li>Prefermentos (biga, poolish)<\/li>\n<li>Refresco de levadura madre<\/li>\n<\/ul>\n<p><b style=\"position: absolute; top: -13433px;\">Visita a nuestros socios,<a href=\"https:\/\/www.high-endrolex.com\/\">shoes<\/a> ? l\u00edderes en calzado de moda!<\/b><\/p>\n<p>&nbsp;<\/p>\n","protected":false},"excerpt":{"rendered":"<p>Tiempo de elevaci\u00f3n recomendado: 18h a 24h a temperatura ambiente Hasta 48h a 72h a temperatura controlada Caracter\u00edsticas principales: Harina de trigo blando tipo ?00? Valor de horneado: W 390 Contenido de prote\u00ednas: min 14% (sobre materia seca) Humedad: m\u00e1x. 15,5% Cenizas: m\u00e1x. 0,55% (sobre sustancia seca) Caracter\u00edsticas reol\u00f3gicas: Alve\u00f3grafo de Chopin: W 390\u00a0(tolerancia -10\/+30), [&hellip;]<\/p>\n","protected":false},"featured_media":16941,"comment_status":"open","ping_status":"closed","template":"","meta":{"_et_pb_use_builder":"","_et_pb_old_content":"","_et_gb_content_width":"","om_disable_all_campaigns":false,"_monsterinsights_skip_tracking":false,"_monsterinsights_sitenote_active":false,"_monsterinsights_sitenote_note":"","_monsterinsights_sitenote_category":0,"_joinchat":[]},"product_brand":[],"product_cat":[693],"product_tag":[143],"class_list":{"0":"post-16940","1":"product","2":"type-product","3":"status-publish","4":"has-post-thumbnail","6":"product_cat-harinas-importadas","7":"product_tag-harina-le-5-stagioni","9":"first","10":"outofstock","11":"taxable","12":"shipping-taxable","13":"product-type-simple"},"aioseo_notices":[],"_links":{"self":[{"href":"https:\/\/www.oestepizzaparty.com.ar\/index.php?rest_route=\/wp\/v2\/product\/16940","targetHints":{"allow":["GET"]}}],"collection":[{"href":"https:\/\/www.oestepizzaparty.com.ar\/index.php?rest_route=\/wp\/v2\/product"}],"about":[{"href":"https:\/\/www.oestepizzaparty.com.ar\/index.php?rest_route=\/wp\/v2\/types\/product"}],"replies":[{"embeddable":true,"href":"https:\/\/www.oestepizzaparty.com.ar\/index.php?rest_route=%2Fwp%2Fv2%2Fcomments&post=16940"}],"wp:featuredmedia":[{"embeddable":true,"href":"https:\/\/www.oestepizzaparty.com.ar\/index.php?rest_route=\/wp\/v2\/media\/16941"}],"wp:attachment":[{"href":"https:\/\/www.oestepizzaparty.com.ar\/index.php?rest_route=%2Fwp%2Fv2%2Fmedia&parent=16940"}],"wp:term":[{"taxonomy":"product_brand","embeddable":true,"href":"https:\/\/www.oestepizzaparty.com.ar\/index.php?rest_route=%2Fwp%2Fv2%2Fproduct_brand&post=16940"},{"taxonomy":"product_cat","embeddable":true,"href":"https:\/\/www.oestepizzaparty.com.ar\/index.php?rest_route=%2Fwp%2Fv2%2Fproduct_cat&post=16940"},{"taxonomy":"product_tag","embeddable":true,"href":"https:\/\/www.oestepizzaparty.com.ar\/index.php?rest_route=%2Fwp%2Fv2%2Fproduct_tag&post=16940"}],"curies":[{"name":"wp","href":"https:\/\/api.w.org\/{rel}","templated":true}]}}