{"id":1697,"date":"2020-08-28T10:28:20","date_gmt":"2020-08-28T13:28:20","guid":{"rendered":"https:\/\/www.oestepizzaparty.com.ar\/?post_type=product&#038;p=1697"},"modified":"2026-04-30T18:04:08","modified_gmt":"2026-04-30T21:04:08","slug":"harina-organica-molino-campodonico-harinisima-0000-x-25kg","status":"publish","type":"product","link":"https:\/\/www.oestepizzaparty.com.ar\/?product=harina-organica-molino-campodonico-harinisima-0000-x-25kg","title":{"rendered":"HARINISIMA 0000 x 25kg Venc 10\/26"},"content":{"rendered":"<p>Harina Pastelera 0000 de Molino Campodonico para Pasteler\u00eda en Gral. x 25kg<\/p>\n<p>Harina obtenida del centro del endosperma del grano de trigo, de una mezcla cuidadosamente seleccionada. mediante la separaci\u00f3n y purificaci\u00f3n de pasajes de molienda muy espec\u00edficos. Dando como resultado un producto de part\u00edculas finas con alta blancura, bajo tenor de cenizas y una m\u00ednima cantidad de part\u00edculas de salvado.<\/p>\n","protected":false},"excerpt":{"rendered":"<p>Harina Pastelera 0000 de Molino Campodonico para Pasteler\u00eda en Gral. x 25kg Harina obtenida del centro del endosperma del grano de trigo, de una mezcla cuidadosamente seleccionada. mediante la separaci\u00f3n y purificaci\u00f3n de pasajes de molienda muy espec\u00edficos. Dando como resultado un producto de part\u00edculas finas con alta blancura, bajo tenor de cenizas y una [&hellip;]<\/p>\n","protected":false},"featured_media":1689,"comment_status":"open","ping_status":"closed","template":"","meta":{"_et_pb_use_builder":"","_et_pb_old_content":"","_et_gb_content_width":"","om_disable_all_campaigns":false,"_monsterinsights_skip_tracking":false,"_monsterinsights_sitenote_active":false,"_monsterinsights_sitenote_note":"","_monsterinsights_sitenote_category":0,"_joinchat":[]},"product_brand":[],"product_cat":[735],"product_tag":[242,128,139,140,138],"class_list":{"0":"post-1697","1":"product","2":"type-product","3":"status-publish","4":"has-post-thumbnail","6":"product_cat-molino-campodonico","7":"product_tag-242","8":"product_tag-harina","9":"product_tag-harina-molino-campodonico","10":"product_tag-harinisima","11":"product_tag-molino-campodonico","13":"first","14":"instock","15":"taxable","16":"shipping-taxable","17":"purchasable","18":"product-type-simple"},"aioseo_notices":[],"_links":{"self":[{"href":"https:\/\/www.oestepizzaparty.com.ar\/index.php?rest_route=\/wp\/v2\/product\/1697","targetHints":{"allow":["GET"]}}],"collection":[{"href":"https:\/\/www.oestepizzaparty.com.ar\/index.php?rest_route=\/wp\/v2\/product"}],"about":[{"href":"https:\/\/www.oestepizzaparty.com.ar\/index.php?rest_route=\/wp\/v2\/types\/product"}],"replies":[{"embeddable":true,"href":"https:\/\/www.oestepizzaparty.com.ar\/index.php?rest_route=%2Fwp%2Fv2%2Fcomments&post=1697"}],"wp:featuredmedia":[{"embeddable":true,"href":"https:\/\/www.oestepizzaparty.com.ar\/index.php?rest_route=\/wp\/v2\/media\/1689"}],"wp:attachment":[{"href":"https:\/\/www.oestepizzaparty.com.ar\/index.php?rest_route=%2Fwp%2Fv2%2Fmedia&parent=1697"}],"wp:term":[{"taxonomy":"product_brand","embeddable":true,"href":"https:\/\/www.oestepizzaparty.com.ar\/index.php?rest_route=%2Fwp%2Fv2%2Fproduct_brand&post=1697"},{"taxonomy":"product_cat","embeddable":true,"href":"https:\/\/www.oestepizzaparty.com.ar\/index.php?rest_route=%2Fwp%2Fv2%2Fproduct_cat&post=1697"},{"taxonomy":"product_tag","embeddable":true,"href":"https:\/\/www.oestepizzaparty.com.ar\/index.php?rest_route=%2Fwp%2Fv2%2Fproduct_tag&post=1697"}],"curies":[{"name":"wp","href":"https:\/\/api.w.org\/{rel}","templated":true}]}}