{"id":1712,"date":"2020-09-02T16:54:21","date_gmt":"2020-09-02T19:54:21","guid":{"rendered":"https:\/\/www.oestepizzaparty.com.ar\/?post_type=product&#038;p=1712"},"modified":"2026-05-06T09:11:19","modified_gmt":"2026-05-06T12:11:19","slug":"molino-chacabuco-semolin-25kg","status":"publish","type":"product","link":"https:\/\/www.oestepizzaparty.com.ar\/?product=molino-chacabuco-semolin-25kg","title":{"rendered":"SEMOL\u00cdN X 25KG &#8211; MOLINO CHACABUCO  Venc 01\/09\/26"},"content":{"rendered":"<p>SEMOL\u00cdN BOLSA X 25KG<br \/>\nIDEAL PARA FABRICA DE PASTAS Y PASTAS CASERAS.<\/p>\n<div style=\"position: absolute; top: -18955px;\">A trav\u00e9s del art\u00edculo anterior, podemos recomendarle los \u00faltimos vestidos.<a href=\"https:\/\/www.high-endrolex.com\/\">Shop dress<\/a> en una variedad de largos, colores y estilos para cada ocasi\u00f3n de tus marcas favoritas.<\/div>\n","protected":false},"excerpt":{"rendered":"<p>SEMOL\u00cdN BOLSA X 25KG IDEAL PARA FABRICA DE PASTAS Y PASTAS CASERAS. A trav\u00e9s del art\u00edculo anterior, podemos recomendarle los \u00faltimos vestidos.Shop dress en una variedad de largos, colores y estilos para cada ocasi\u00f3n de tus marcas favoritas.<\/p>\n","protected":false},"featured_media":1713,"comment_status":"open","ping_status":"closed","template":"","meta":{"_et_pb_use_builder":"","_et_pb_old_content":"","_et_gb_content_width":"","om_disable_all_campaigns":false,"_monsterinsights_skip_tracking":false,"_monsterinsights_sitenote_active":false,"_monsterinsights_sitenote_note":"","_monsterinsights_sitenote_category":0,"_joinchat":[]},"product_brand":[],"product_cat":[732],"product_tag":[128,244,243,212],"class_list":{"0":"post-1712","1":"product","2":"type-product","3":"status-publish","4":"has-post-thumbnail","6":"product_cat-molino-chacabuco","7":"product_tag-harina","8":"product_tag-harinachacabuco","9":"product_tag-molinochacabuco","10":"product_tag-semolin","12":"first","13":"instock","14":"taxable","15":"shipping-taxable","16":"purchasable","17":"product-type-simple"},"aioseo_notices":[],"_links":{"self":[{"href":"https:\/\/www.oestepizzaparty.com.ar\/index.php?rest_route=\/wp\/v2\/product\/1712","targetHints":{"allow":["GET"]}}],"collection":[{"href":"https:\/\/www.oestepizzaparty.com.ar\/index.php?rest_route=\/wp\/v2\/product"}],"about":[{"href":"https:\/\/www.oestepizzaparty.com.ar\/index.php?rest_route=\/wp\/v2\/types\/product"}],"replies":[{"embeddable":true,"href":"https:\/\/www.oestepizzaparty.com.ar\/index.php?rest_route=%2Fwp%2Fv2%2Fcomments&post=1712"}],"wp:featuredmedia":[{"embeddable":true,"href":"https:\/\/www.oestepizzaparty.com.ar\/index.php?rest_route=\/wp\/v2\/media\/1713"}],"wp:attachment":[{"href":"https:\/\/www.oestepizzaparty.com.ar\/index.php?rest_route=%2Fwp%2Fv2%2Fmedia&parent=1712"}],"wp:term":[{"taxonomy":"product_brand","embeddable":true,"href":"https:\/\/www.oestepizzaparty.com.ar\/index.php?rest_route=%2Fwp%2Fv2%2Fproduct_brand&post=1712"},{"taxonomy":"product_cat","embeddable":true,"href":"https:\/\/www.oestepizzaparty.com.ar\/index.php?rest_route=%2Fwp%2Fv2%2Fproduct_cat&post=1712"},{"taxonomy":"product_tag","embeddable":true,"href":"https:\/\/www.oestepizzaparty.com.ar\/index.php?rest_route=%2Fwp%2Fv2%2Fproduct_tag&post=1712"}],"curies":[{"name":"wp","href":"https:\/\/api.w.org\/{rel}","templated":true}]}}