{"id":17141,"date":"2025-04-04T10:48:13","date_gmt":"2025-04-04T13:48:13","guid":{"rendered":"https:\/\/www.oestepizzaparty.com.ar\/?post_type=product&#038;p=17141"},"modified":"2026-03-10T11:22:22","modified_gmt":"2026-03-10T14:22:22","slug":"tomate-perita-italiano-x-400gr-victoria-venc-31-07-27","status":"publish","type":"product","link":"https:\/\/www.oestepizzaparty.com.ar\/?product=tomate-perita-italiano-x-400gr-victoria-venc-31-07-27","title":{"rendered":"Tomate Perita (italiano) x 400gr &#8211; Victoria  Venc 31\/07\/27"},"content":{"rendered":"<p>El tomate perita pelado marca Victoria es un producto enlatado elaborado con tomates seleccionados, que conserva su frescura y sabor aut\u00e9ntico. Su presentaci\u00f3n en lata asegura una larga vida \u00fatil, manteniendo la calidad y la textura del tomate.<\/p>\n","protected":false},"excerpt":{"rendered":"<p>El tomate perita pelado marca Victoria es un producto enlatado elaborado con tomates seleccionados, que conserva su frescura y sabor aut\u00e9ntico. Su presentaci\u00f3n en lata asegura una larga vida \u00fatil, manteniendo la calidad y la textura del tomate.<\/p>\n","protected":false},"featured_media":17142,"comment_status":"open","ping_status":"closed","template":"","meta":{"_et_pb_use_builder":"","_et_pb_old_content":"","_et_gb_content_width":"","om_disable_all_campaigns":false,"_monsterinsights_skip_tracking":false,"_monsterinsights_sitenote_active":false,"_monsterinsights_sitenote_note":"","_monsterinsights_sitenote_category":0,"_joinchat":[]},"product_brand":[],"product_cat":[717],"product_tag":[],"class_list":{"0":"post-17141","1":"product","2":"type-product","3":"status-publish","4":"has-post-thumbnail","6":"product_cat-tomates-importados","8":"first","9":"instock","10":"taxable","11":"shipping-taxable","12":"purchasable","13":"product-type-simple"},"aioseo_notices":[],"_links":{"self":[{"href":"https:\/\/www.oestepizzaparty.com.ar\/index.php?rest_route=\/wp\/v2\/product\/17141","targetHints":{"allow":["GET"]}}],"collection":[{"href":"https:\/\/www.oestepizzaparty.com.ar\/index.php?rest_route=\/wp\/v2\/product"}],"about":[{"href":"https:\/\/www.oestepizzaparty.com.ar\/index.php?rest_route=\/wp\/v2\/types\/product"}],"replies":[{"embeddable":true,"href":"https:\/\/www.oestepizzaparty.com.ar\/index.php?rest_route=%2Fwp%2Fv2%2Fcomments&post=17141"}],"wp:featuredmedia":[{"embeddable":true,"href":"https:\/\/www.oestepizzaparty.com.ar\/index.php?rest_route=\/wp\/v2\/media\/17142"}],"wp:attachment":[{"href":"https:\/\/www.oestepizzaparty.com.ar\/index.php?rest_route=%2Fwp%2Fv2%2Fmedia&parent=17141"}],"wp:term":[{"taxonomy":"product_brand","embeddable":true,"href":"https:\/\/www.oestepizzaparty.com.ar\/index.php?rest_route=%2Fwp%2Fv2%2Fproduct_brand&post=17141"},{"taxonomy":"product_cat","embeddable":true,"href":"https:\/\/www.oestepizzaparty.com.ar\/index.php?rest_route=%2Fwp%2Fv2%2Fproduct_cat&post=17141"},{"taxonomy":"product_tag","embeddable":true,"href":"https:\/\/www.oestepizzaparty.com.ar\/index.php?rest_route=%2Fwp%2Fv2%2Fproduct_tag&post=17141"}],"curies":[{"name":"wp","href":"https:\/\/api.w.org\/{rel}","templated":true}]}}