{"id":17178,"date":"2025-04-18T08:53:09","date_gmt":"2025-04-18T11:53:09","guid":{"rendered":"https:\/\/www.oestepizzaparty.com.ar\/?post_type=product&#038;p=17178"},"modified":"2025-09-18T11:34:49","modified_gmt":"2025-09-18T14:34:49","slug":"mascarpone-sterilgarda-x-200gr","status":"publish","type":"product","link":"https:\/\/www.oestepizzaparty.com.ar\/?product=mascarpone-sterilgarda-x-200gr","title":{"rendered":"Mascarpone Sterilgarda x 200gr"},"content":{"rendered":"<p class=\"\u201cp1\u201d\">Queso elaborado con crema de leche de alta calidad, ahora en su nueva versi\u00f3n UHT. \u00a1Excelente para preparar deliciosas recetas, no solo en reposter\u00eda!<\/p>\n<p>Mascarpone UHT de larga duraci\u00f3n. Producto obtenido mediante la coagulaci\u00f3n de nata caliente con \u00e1cido c\u00edtrico; sin condimentar.\u00a0Leche 100% italiana.<\/p>\n","protected":false},"excerpt":{"rendered":"<p>Queso elaborado con crema de leche de alta calidad, ahora en su nueva versi\u00f3n UHT. \u00a1Excelente para preparar deliciosas recetas, no solo en reposter\u00eda! Mascarpone UHT de larga duraci\u00f3n. Producto obtenido mediante la coagulaci\u00f3n de nata caliente con \u00e1cido c\u00edtrico; sin condimentar.\u00a0Leche 100% italiana.<\/p>\n","protected":false},"featured_media":17179,"comment_status":"open","ping_status":"closed","template":"","meta":{"_et_pb_use_builder":"","_et_pb_old_content":"","_et_gb_content_width":"","om_disable_all_campaigns":false,"_monsterinsights_skip_tracking":false,"_monsterinsights_sitenote_active":false,"_monsterinsights_sitenote_note":"","_monsterinsights_sitenote_category":0,"_joinchat":[]},"product_brand":[],"product_cat":[703,705],"product_tag":[],"class_list":{"0":"post-17178","1":"product","2":"type-product","3":"status-publish","4":"has-post-thumbnail","6":"product_cat-lacteos","7":"product_cat-leches-cremas","9":"first","10":"outofstock","11":"taxable","12":"shipping-taxable","13":"product-type-simple"},"aioseo_notices":[],"_links":{"self":[{"href":"https:\/\/www.oestepizzaparty.com.ar\/index.php?rest_route=\/wp\/v2\/product\/17178","targetHints":{"allow":["GET"]}}],"collection":[{"href":"https:\/\/www.oestepizzaparty.com.ar\/index.php?rest_route=\/wp\/v2\/product"}],"about":[{"href":"https:\/\/www.oestepizzaparty.com.ar\/index.php?rest_route=\/wp\/v2\/types\/product"}],"replies":[{"embeddable":true,"href":"https:\/\/www.oestepizzaparty.com.ar\/index.php?rest_route=%2Fwp%2Fv2%2Fcomments&post=17178"}],"wp:featuredmedia":[{"embeddable":true,"href":"https:\/\/www.oestepizzaparty.com.ar\/index.php?rest_route=\/wp\/v2\/media\/17179"}],"wp:attachment":[{"href":"https:\/\/www.oestepizzaparty.com.ar\/index.php?rest_route=%2Fwp%2Fv2%2Fmedia&parent=17178"}],"wp:term":[{"taxonomy":"product_brand","embeddable":true,"href":"https:\/\/www.oestepizzaparty.com.ar\/index.php?rest_route=%2Fwp%2Fv2%2Fproduct_brand&post=17178"},{"taxonomy":"product_cat","embeddable":true,"href":"https:\/\/www.oestepizzaparty.com.ar\/index.php?rest_route=%2Fwp%2Fv2%2Fproduct_cat&post=17178"},{"taxonomy":"product_tag","embeddable":true,"href":"https:\/\/www.oestepizzaparty.com.ar\/index.php?rest_route=%2Fwp%2Fv2%2Fproduct_tag&post=17178"}],"curies":[{"name":"wp","href":"https:\/\/api.w.org\/{rel}","templated":true}]}}