{"id":17248,"date":"2025-05-03T09:57:07","date_gmt":"2025-05-03T12:57:07","guid":{"rendered":"https:\/\/www.oestepizzaparty.com.ar\/?post_type=product&#038;p=17248"},"modified":"2026-03-10T15:14:02","modified_gmt":"2026-03-10T18:14:02","slug":"sesamo-blanco-x-1kg-los-valles","status":"publish","type":"product","link":"https:\/\/www.oestepizzaparty.com.ar\/?product=sesamo-blanco-x-1kg-los-valles","title":{"rendered":"Sesamo Blanco x 1kg-Los Valles"},"content":{"rendered":"<p><span data-huuid=\"1515308003157566451\">El s\u00e9samo blanco, tambi\u00e9n conocido como ajonjol\u00ed,\u00a0<mark class=\"QVRyCf\">es una semilla peque\u00f1a, ovalada y de color blanco o beige que proviene de la planta de s\u00e9samo<\/mark>.\u00a0<\/span><span data-huuid=\"1515308003157566856\">Es un alimento nutritivo y vers\u00e1til que se puede usar en diversas preparaciones, desde panes y galletas hasta ensaladas y postres<\/span><\/p>\n","protected":false},"excerpt":{"rendered":"<p>El s\u00e9samo blanco, tambi\u00e9n conocido como ajonjol\u00ed,\u00a0es una semilla peque\u00f1a, ovalada y de color blanco o beige que proviene de la planta de s\u00e9samo.\u00a0Es un alimento nutritivo y vers\u00e1til que se puede usar en diversas preparaciones, desde panes y galletas hasta ensaladas y postres<\/p>\n","protected":false},"featured_media":17249,"comment_status":"open","ping_status":"closed","template":"","meta":{"_et_pb_use_builder":"","_et_pb_old_content":"","_et_gb_content_width":"","om_disable_all_campaigns":false,"_monsterinsights_skip_tracking":false,"_monsterinsights_sitenote_active":false,"_monsterinsights_sitenote_note":"","_monsterinsights_sitenote_category":0,"_joinchat":[]},"product_brand":[],"product_cat":[749],"product_tag":[],"class_list":{"0":"post-17248","1":"product","2":"type-product","3":"status-publish","4":"has-post-thumbnail","6":"product_cat-frutos-secos","8":"first","9":"instock","10":"taxable","11":"shipping-taxable","12":"purchasable","13":"product-type-simple"},"aioseo_notices":[],"_links":{"self":[{"href":"https:\/\/www.oestepizzaparty.com.ar\/index.php?rest_route=\/wp\/v2\/product\/17248","targetHints":{"allow":["GET"]}}],"collection":[{"href":"https:\/\/www.oestepizzaparty.com.ar\/index.php?rest_route=\/wp\/v2\/product"}],"about":[{"href":"https:\/\/www.oestepizzaparty.com.ar\/index.php?rest_route=\/wp\/v2\/types\/product"}],"replies":[{"embeddable":true,"href":"https:\/\/www.oestepizzaparty.com.ar\/index.php?rest_route=%2Fwp%2Fv2%2Fcomments&post=17248"}],"wp:featuredmedia":[{"embeddable":true,"href":"https:\/\/www.oestepizzaparty.com.ar\/index.php?rest_route=\/wp\/v2\/media\/17249"}],"wp:attachment":[{"href":"https:\/\/www.oestepizzaparty.com.ar\/index.php?rest_route=%2Fwp%2Fv2%2Fmedia&parent=17248"}],"wp:term":[{"taxonomy":"product_brand","embeddable":true,"href":"https:\/\/www.oestepizzaparty.com.ar\/index.php?rest_route=%2Fwp%2Fv2%2Fproduct_brand&post=17248"},{"taxonomy":"product_cat","embeddable":true,"href":"https:\/\/www.oestepizzaparty.com.ar\/index.php?rest_route=%2Fwp%2Fv2%2Fproduct_cat&post=17248"},{"taxonomy":"product_tag","embeddable":true,"href":"https:\/\/www.oestepizzaparty.com.ar\/index.php?rest_route=%2Fwp%2Fv2%2Fproduct_tag&post=17248"}],"curies":[{"name":"wp","href":"https:\/\/api.w.org\/{rel}","templated":true}]}}