{"id":17366,"date":"2025-06-03T12:00:45","date_gmt":"2025-06-03T15:00:45","guid":{"rendered":"https:\/\/www.oestepizzaparty.com.ar\/?post_type=product&#038;p=17366"},"modified":"2025-08-06T10:18:08","modified_gmt":"2025-08-06T13:18:08","slug":"queso-con-tomate-y-aceituna-x-200gr-landana","status":"publish","type":"product","link":"https:\/\/www.oestepizzaparty.com.ar\/?product=queso-con-tomate-y-aceituna-x-200gr-landana","title":{"rendered":"Queso con Tomate y Aceituna x 200gr &#8211; Landana"},"content":{"rendered":"<p>Queso Gouda Landana con Aceitunas y Tomate. Landana ACEITUNAS Y TOMATES es un queso holand\u00e9s con un delicioso sabor mediterr\u00e1neo, con tomates madurados al sol y aceitunas verdes. Ideal para platos fr\u00edos y calientes. Ideal para un s\u00e1ndwich de queso a la plancha, entre otras cosas.<\/p>\n","protected":false},"excerpt":{"rendered":"<p>Queso Gouda Landana con Aceitunas y Tomate. Landana ACEITUNAS Y TOMATES es un queso holand\u00e9s con un delicioso sabor mediterr\u00e1neo, con tomates madurados al sol y aceitunas verdes. Ideal para platos fr\u00edos y calientes. Ideal para un s\u00e1ndwich de queso a la plancha, entre otras cosas.<\/p>\n","protected":false},"featured_media":17367,"comment_status":"open","ping_status":"closed","template":"","meta":{"_et_pb_use_builder":"","_et_pb_old_content":"","_et_gb_content_width":"","om_disable_all_campaigns":false,"_monsterinsights_skip_tracking":false,"_monsterinsights_sitenote_active":false,"_monsterinsights_sitenote_note":"","_monsterinsights_sitenote_category":0,"_joinchat":[]},"product_brand":[],"product_cat":[703,699],"product_tag":[],"class_list":{"0":"post-17366","1":"product","2":"type-product","3":"status-publish","4":"has-post-thumbnail","6":"product_cat-lacteos","7":"product_cat-quesos-importados","9":"first","10":"outofstock","11":"taxable","12":"shipping-taxable","13":"purchasable","14":"product-type-simple"},"aioseo_notices":[],"_links":{"self":[{"href":"https:\/\/www.oestepizzaparty.com.ar\/index.php?rest_route=\/wp\/v2\/product\/17366","targetHints":{"allow":["GET"]}}],"collection":[{"href":"https:\/\/www.oestepizzaparty.com.ar\/index.php?rest_route=\/wp\/v2\/product"}],"about":[{"href":"https:\/\/www.oestepizzaparty.com.ar\/index.php?rest_route=\/wp\/v2\/types\/product"}],"replies":[{"embeddable":true,"href":"https:\/\/www.oestepizzaparty.com.ar\/index.php?rest_route=%2Fwp%2Fv2%2Fcomments&post=17366"}],"wp:featuredmedia":[{"embeddable":true,"href":"https:\/\/www.oestepizzaparty.com.ar\/index.php?rest_route=\/wp\/v2\/media\/17367"}],"wp:attachment":[{"href":"https:\/\/www.oestepizzaparty.com.ar\/index.php?rest_route=%2Fwp%2Fv2%2Fmedia&parent=17366"}],"wp:term":[{"taxonomy":"product_brand","embeddable":true,"href":"https:\/\/www.oestepizzaparty.com.ar\/index.php?rest_route=%2Fwp%2Fv2%2Fproduct_brand&post=17366"},{"taxonomy":"product_cat","embeddable":true,"href":"https:\/\/www.oestepizzaparty.com.ar\/index.php?rest_route=%2Fwp%2Fv2%2Fproduct_cat&post=17366"},{"taxonomy":"product_tag","embeddable":true,"href":"https:\/\/www.oestepizzaparty.com.ar\/index.php?rest_route=%2Fwp%2Fv2%2Fproduct_tag&post=17366"}],"curies":[{"name":"wp","href":"https:\/\/api.w.org\/{rel}","templated":true}]}}