{"id":17374,"date":"2025-06-04T09:25:26","date_gmt":"2025-06-04T12:25:26","guid":{"rendered":"https:\/\/www.oestepizzaparty.com.ar\/?post_type=product&#038;p=17374"},"modified":"2026-02-14T13:12:38","modified_gmt":"2026-02-14T16:12:38","slug":"el-yucateco-salsa-chile-habanero-black-label-reserve-x120ml","status":"publish","type":"product","link":"https:\/\/www.oestepizzaparty.com.ar\/?product=el-yucateco-salsa-chile-habanero-black-label-reserve-x120ml","title":{"rendered":"El Yucateco Salsa Chile Habanero Black Label Reserve x120ml VENC 18\/03\/28"},"content":{"rendered":"<p>La reserva de etiquetas negras de El Yucateco obtiene su color de asar al fuego nuestros haba\u00f1eros, lo que resulta en una salsa profunda, ahumada y sabrosa. Cuenta con una calificaci\u00f3n media Scoville de 5.000 unidades. (Las calificaciones de Scoville son aproximadas y pueden variar de lote a lote). Obtenemos la m\u00e1xima cantidad de sabor a pimienta Habanero para brillar a trav\u00e9s de nuestras salsas calientes mediante el uso de conservantes m\u00ednimos. Nuestra salsa Habanero Black Label Reserve no contiene gluten ni az\u00facar. Nuestra consistencia completa y rica y sabor sabroso satisface incluso el paladar m\u00e1s refinado para condimentar cualquier tipo de carne, ensalada o receta<\/p>\n","protected":false},"excerpt":{"rendered":"<p>La reserva de etiquetas negras de El Yucateco obtiene su color de asar al fuego nuestros haba\u00f1eros, lo que resulta en una salsa profunda, ahumada y sabrosa. Cuenta con una calificaci\u00f3n media Scoville de 5.000 unidades. (Las calificaciones de Scoville son aproximadas y pueden variar de lote a lote). Obtenemos la m\u00e1xima cantidad de sabor [&hellip;]<\/p>\n","protected":false},"featured_media":17375,"comment_status":"open","ping_status":"closed","template":"","meta":{"_et_pb_use_builder":"","_et_pb_old_content":"","_et_gb_content_width":"","om_disable_all_campaigns":false,"_monsterinsights_skip_tracking":false,"_monsterinsights_sitenote_active":false,"_monsterinsights_sitenote_note":"","_monsterinsights_sitenote_category":0,"_joinchat":[]},"product_brand":[],"product_cat":[713,708],"product_tag":[],"class_list":{"0":"post-17374","1":"product","2":"type-product","3":"status-publish","4":"has-post-thumbnail","6":"product_cat-aderezos-salsas","7":"product_cat-productos-de-almacen","9":"first","10":"outofstock","11":"taxable","12":"shipping-taxable","13":"purchasable","14":"product-type-simple"},"aioseo_notices":[],"_links":{"self":[{"href":"https:\/\/www.oestepizzaparty.com.ar\/index.php?rest_route=\/wp\/v2\/product\/17374","targetHints":{"allow":["GET"]}}],"collection":[{"href":"https:\/\/www.oestepizzaparty.com.ar\/index.php?rest_route=\/wp\/v2\/product"}],"about":[{"href":"https:\/\/www.oestepizzaparty.com.ar\/index.php?rest_route=\/wp\/v2\/types\/product"}],"replies":[{"embeddable":true,"href":"https:\/\/www.oestepizzaparty.com.ar\/index.php?rest_route=%2Fwp%2Fv2%2Fcomments&post=17374"}],"wp:featuredmedia":[{"embeddable":true,"href":"https:\/\/www.oestepizzaparty.com.ar\/index.php?rest_route=\/wp\/v2\/media\/17375"}],"wp:attachment":[{"href":"https:\/\/www.oestepizzaparty.com.ar\/index.php?rest_route=%2Fwp%2Fv2%2Fmedia&parent=17374"}],"wp:term":[{"taxonomy":"product_brand","embeddable":true,"href":"https:\/\/www.oestepizzaparty.com.ar\/index.php?rest_route=%2Fwp%2Fv2%2Fproduct_brand&post=17374"},{"taxonomy":"product_cat","embeddable":true,"href":"https:\/\/www.oestepizzaparty.com.ar\/index.php?rest_route=%2Fwp%2Fv2%2Fproduct_cat&post=17374"},{"taxonomy":"product_tag","embeddable":true,"href":"https:\/\/www.oestepizzaparty.com.ar\/index.php?rest_route=%2Fwp%2Fv2%2Fproduct_tag&post=17374"}],"curies":[{"name":"wp","href":"https:\/\/api.w.org\/{rel}","templated":true}]}}