{"id":17424,"date":"2025-06-11T16:58:14","date_gmt":"2025-06-11T19:58:14","guid":{"rendered":"https:\/\/www.oestepizzaparty.com.ar\/?post_type=product&#038;p=17424"},"modified":"2026-04-07T13:35:57","modified_gmt":"2026-04-07T16:35:57","slug":"pomodori-pelati-x-2-5-uccellino-rosso","status":"publish","type":"product","link":"https:\/\/www.oestepizzaparty.com.ar\/?product=pomodori-pelati-x-2-5-uccellino-rosso","title":{"rendered":"Pomodori Pelati x 2.5 &#8211; Uccellino Rosso venc 12\/27"},"content":{"rendered":"<p>S\u00f3lo los tomates seleccionados que han alcanzado el grado adecuado de maduraci\u00f3n son pelados y dejados enteros en su propio jugo, procesados ??seg\u00fan la tradici\u00f3n por manos expertas que permiten conservar el color rojo brillante, la fragancia y el sabor del tomate fresco como si estuviera reci\u00e9n recogido.<\/p>\n","protected":false},"excerpt":{"rendered":"<p>S\u00f3lo los tomates seleccionados que han alcanzado el grado adecuado de maduraci\u00f3n son pelados y dejados enteros en su propio jugo, procesados ??seg\u00fan la tradici\u00f3n por manos expertas que permiten conservar el color rojo brillante, la fragancia y el sabor del tomate fresco como si estuviera reci\u00e9n recogido.<\/p>\n","protected":false},"featured_media":17426,"comment_status":"open","ping_status":"closed","template":"","meta":{"_et_pb_use_builder":"","_et_pb_old_content":"","_et_gb_content_width":"","om_disable_all_campaigns":false,"_monsterinsights_skip_tracking":false,"_monsterinsights_sitenote_active":false,"_monsterinsights_sitenote_note":"","_monsterinsights_sitenote_category":0,"_joinchat":[]},"product_brand":[],"product_cat":[714,717],"product_tag":[],"class_list":{"0":"post-17424","1":"product","2":"type-product","3":"status-publish","4":"has-post-thumbnail","6":"product_cat-salsas-tomates","7":"product_cat-tomates-importados","9":"first","10":"instock","11":"taxable","12":"shipping-taxable","13":"purchasable","14":"product-type-simple"},"aioseo_notices":[],"_links":{"self":[{"href":"https:\/\/www.oestepizzaparty.com.ar\/index.php?rest_route=\/wp\/v2\/product\/17424","targetHints":{"allow":["GET"]}}],"collection":[{"href":"https:\/\/www.oestepizzaparty.com.ar\/index.php?rest_route=\/wp\/v2\/product"}],"about":[{"href":"https:\/\/www.oestepizzaparty.com.ar\/index.php?rest_route=\/wp\/v2\/types\/product"}],"replies":[{"embeddable":true,"href":"https:\/\/www.oestepizzaparty.com.ar\/index.php?rest_route=%2Fwp%2Fv2%2Fcomments&post=17424"}],"wp:featuredmedia":[{"embeddable":true,"href":"https:\/\/www.oestepizzaparty.com.ar\/index.php?rest_route=\/wp\/v2\/media\/17426"}],"wp:attachment":[{"href":"https:\/\/www.oestepizzaparty.com.ar\/index.php?rest_route=%2Fwp%2Fv2%2Fmedia&parent=17424"}],"wp:term":[{"taxonomy":"product_brand","embeddable":true,"href":"https:\/\/www.oestepizzaparty.com.ar\/index.php?rest_route=%2Fwp%2Fv2%2Fproduct_brand&post=17424"},{"taxonomy":"product_cat","embeddable":true,"href":"https:\/\/www.oestepizzaparty.com.ar\/index.php?rest_route=%2Fwp%2Fv2%2Fproduct_cat&post=17424"},{"taxonomy":"product_tag","embeddable":true,"href":"https:\/\/www.oestepizzaparty.com.ar\/index.php?rest_route=%2Fwp%2Fv2%2Fproduct_tag&post=17424"}],"curies":[{"name":"wp","href":"https:\/\/api.w.org\/{rel}","templated":true}]}}