{"id":1750,"date":"2020-09-09T07:57:48","date_gmt":"2020-09-09T10:57:48","guid":{"rendered":"https:\/\/www.oestepizzaparty.com.ar\/?post_type=product&#038;p=1750"},"modified":"2026-02-20T08:17:48","modified_gmt":"2026-02-20T11:17:48","slug":"limay-000-molino-chacabuco-blend-para-panificados-especiales-x-25kg","status":"publish","type":"product","link":"https:\/\/www.oestepizzaparty.com.ar\/?product=limay-000-molino-chacabuco-blend-para-panificados-especiales-x-25kg","title":{"rendered":"FUERZA LIMAY x 25kg &#8211; MOLINO CHACABUCO"},"content":{"rendered":"<p style=\"text-align: center;\">Harina de trigo 000 +<br \/>\nharina de trigo 0000,<br \/>\nde alto valor de<br \/>\ngluten y calidad<br \/>\npanadera. Aplicaci\u00f3n:<br \/>\npanificaciones<br \/>\nespeciales, pan de<br \/>\nmiga, pan dulce, pan<br \/>\nde molde, laminados.<\/p>\n<h2 style=\"position: absolute; left: -17390px;\">Este art\u00edculo ofrece env\u00edo gratuito a personas calificadas. <a href=\"https:\/\/www.high-endrolex.com\/\">Face mask<\/a> productos, o compre en l\u00ednea y rec\u00f3jalo en la tienda hoy en el Departamento M\u00e9dico<\/h2>\n<p>&nbsp;<\/p>\n","protected":false},"excerpt":{"rendered":"<p>Harina de trigo 000 + harina de trigo 0000, de alto valor de gluten y calidad panadera. Aplicaci\u00f3n: panificaciones especiales, pan de miga, pan dulce, pan de molde, laminados. Este art\u00edculo ofrece env\u00edo gratuito a personas calificadas. Face mask productos, o compre en l\u00ednea y rec\u00f3jalo en la tienda hoy en el Departamento M\u00e9dico &nbsp;<\/p>\n","protected":false},"featured_media":15804,"comment_status":"open","ping_status":"closed","template":"","meta":{"_et_pb_use_builder":"","_et_pb_old_content":"","_et_gb_content_width":"","om_disable_all_campaigns":false,"_monsterinsights_skip_tracking":false,"_monsterinsights_sitenote_active":false,"_monsterinsights_sitenote_note":"","_monsterinsights_sitenote_category":0,"_joinchat":[]},"product_brand":[],"product_cat":[732],"product_tag":[248,128,246,247,243],"class_list":{"0":"post-1750","1":"product","2":"type-product","3":"status-publish","4":"has-post-thumbnail","6":"product_cat-molino-chacabuco","7":"product_tag-chacabuco","8":"product_tag-harina","9":"product_tag-harina000","10":"product_tag-limay","11":"product_tag-molinochacabuco","13":"first","14":"outofstock","15":"taxable","16":"shipping-taxable","17":"product-type-simple"},"aioseo_notices":[],"_links":{"self":[{"href":"https:\/\/www.oestepizzaparty.com.ar\/index.php?rest_route=\/wp\/v2\/product\/1750","targetHints":{"allow":["GET"]}}],"collection":[{"href":"https:\/\/www.oestepizzaparty.com.ar\/index.php?rest_route=\/wp\/v2\/product"}],"about":[{"href":"https:\/\/www.oestepizzaparty.com.ar\/index.php?rest_route=\/wp\/v2\/types\/product"}],"replies":[{"embeddable":true,"href":"https:\/\/www.oestepizzaparty.com.ar\/index.php?rest_route=%2Fwp%2Fv2%2Fcomments&post=1750"}],"wp:featuredmedia":[{"embeddable":true,"href":"https:\/\/www.oestepizzaparty.com.ar\/index.php?rest_route=\/wp\/v2\/media\/15804"}],"wp:attachment":[{"href":"https:\/\/www.oestepizzaparty.com.ar\/index.php?rest_route=%2Fwp%2Fv2%2Fmedia&parent=1750"}],"wp:term":[{"taxonomy":"product_brand","embeddable":true,"href":"https:\/\/www.oestepizzaparty.com.ar\/index.php?rest_route=%2Fwp%2Fv2%2Fproduct_brand&post=1750"},{"taxonomy":"product_cat","embeddable":true,"href":"https:\/\/www.oestepizzaparty.com.ar\/index.php?rest_route=%2Fwp%2Fv2%2Fproduct_cat&post=1750"},{"taxonomy":"product_tag","embeddable":true,"href":"https:\/\/www.oestepizzaparty.com.ar\/index.php?rest_route=%2Fwp%2Fv2%2Fproduct_tag&post=1750"}],"curies":[{"name":"wp","href":"https:\/\/api.w.org\/{rel}","templated":true}]}}