{"id":17571,"date":"2025-07-18T09:07:41","date_gmt":"2025-07-18T12:07:41","guid":{"rendered":"https:\/\/www.oestepizzaparty.com.ar\/?post_type=product&#038;p=17571"},"modified":"2026-03-09T10:41:46","modified_gmt":"2026-03-09T13:41:46","slug":"crema-di-parmigiano-reggiano-125gr-calzetti","status":"publish","type":"product","link":"https:\/\/www.oestepizzaparty.com.ar\/?product=crema-di-parmigiano-reggiano-125gr-calzetti","title":{"rendered":"Crema di Parmigiano Reggiano 125gr &#8211; Calzetti venc 15\/4\/26"},"content":{"rendered":"<p><strong><em><span>Autorizado por el consorcio del queso Parmigiano Reggiano DOP<\/span><br \/>\n<\/em><\/strong><\/p>\n<p><span>Elaborada con el mejor\u00a0<\/span><strong><span>PARMIGIANO REGGIANO\u00a0<\/span><\/strong><strong><span>DOP<\/span><\/strong><span>\u00a0, esta crema realza todo el sabor \u00fanico e inconfundible del Rey de los quesos.<\/span><\/p>\n<p><span>Cremosa y f\u00e1cil de untar, est\u00e1 lista para usar como guarnici\u00f3n para aperitivos fr\u00edos, canap\u00e9s o deliciosos snacks. Al recalentarla, se vuelve suave y combina a la perfecci\u00f3n con cualquier receta, desde entrantes hasta platos principales, e incluso pizza.<\/span><\/p>\n","protected":false},"excerpt":{"rendered":"<p>Autorizado por el consorcio del queso Parmigiano Reggiano DOP Elaborada con el mejor\u00a0PARMIGIANO REGGIANO\u00a0DOP\u00a0, esta crema realza todo el sabor \u00fanico e inconfundible del Rey de los quesos. Cremosa y f\u00e1cil de untar, est\u00e1 lista para usar como guarnici\u00f3n para aperitivos fr\u00edos, canap\u00e9s o deliciosos snacks. Al recalentarla, se vuelve suave y combina a la [&hellip;]<\/p>\n","protected":false},"featured_media":17572,"comment_status":"open","ping_status":"closed","template":"","meta":{"_et_pb_use_builder":"","_et_pb_old_content":"","_et_gb_content_width":"","om_disable_all_campaigns":false,"_monsterinsights_skip_tracking":false,"_monsterinsights_sitenote_active":false,"_monsterinsights_sitenote_note":"","_monsterinsights_sitenote_category":0,"_joinchat":[]},"product_brand":[],"product_cat":[703,699],"product_tag":[],"class_list":{"0":"post-17571","1":"product","2":"type-product","3":"status-publish","4":"has-post-thumbnail","6":"product_cat-lacteos","7":"product_cat-quesos-importados","9":"first","10":"outofstock","11":"taxable","12":"shipping-taxable","13":"purchasable","14":"product-type-simple"},"aioseo_notices":[],"_links":{"self":[{"href":"https:\/\/www.oestepizzaparty.com.ar\/index.php?rest_route=\/wp\/v2\/product\/17571","targetHints":{"allow":["GET"]}}],"collection":[{"href":"https:\/\/www.oestepizzaparty.com.ar\/index.php?rest_route=\/wp\/v2\/product"}],"about":[{"href":"https:\/\/www.oestepizzaparty.com.ar\/index.php?rest_route=\/wp\/v2\/types\/product"}],"replies":[{"embeddable":true,"href":"https:\/\/www.oestepizzaparty.com.ar\/index.php?rest_route=%2Fwp%2Fv2%2Fcomments&post=17571"}],"wp:featuredmedia":[{"embeddable":true,"href":"https:\/\/www.oestepizzaparty.com.ar\/index.php?rest_route=\/wp\/v2\/media\/17572"}],"wp:attachment":[{"href":"https:\/\/www.oestepizzaparty.com.ar\/index.php?rest_route=%2Fwp%2Fv2%2Fmedia&parent=17571"}],"wp:term":[{"taxonomy":"product_brand","embeddable":true,"href":"https:\/\/www.oestepizzaparty.com.ar\/index.php?rest_route=%2Fwp%2Fv2%2Fproduct_brand&post=17571"},{"taxonomy":"product_cat","embeddable":true,"href":"https:\/\/www.oestepizzaparty.com.ar\/index.php?rest_route=%2Fwp%2Fv2%2Fproduct_cat&post=17571"},{"taxonomy":"product_tag","embeddable":true,"href":"https:\/\/www.oestepizzaparty.com.ar\/index.php?rest_route=%2Fwp%2Fv2%2Fproduct_tag&post=17571"}],"curies":[{"name":"wp","href":"https:\/\/api.w.org\/{rel}","templated":true}]}}