{"id":17573,"date":"2025-07-18T09:17:05","date_gmt":"2025-07-18T12:17:05","guid":{"rendered":"https:\/\/www.oestepizzaparty.com.ar\/?post_type=product&#038;p=17573"},"modified":"2026-03-16T12:06:10","modified_gmt":"2026-03-16T15:06:10","slug":"crema-di-gorgonzola-125gr-calzetti","status":"publish","type":"product","link":"https:\/\/www.oestepizzaparty.com.ar\/?product=crema-di-gorgonzola-125gr-calzetti","title":{"rendered":"Crema di Gorgonzola 125gr &#8211; Calzetti venc 30\/6\/26"},"content":{"rendered":"<p id=\"tw-target-text\" class=\"tw-data-text tw-text-large tw-ta\" dir=\"ltr\" data-placeholder=\"Traduzione\"><em><span class=\"Y2IQFc\" lang=\"es\" tabindex=\"-1\"><strong>Autorizado por el consorcio de queso GORGONZOLA DOP.<\/strong><\/span><\/em><\/p>\n<p class=\"tw-data-text tw-text-large tw-ta\" dir=\"ltr\" data-placeholder=\"Traduzione\"><span class=\"Y2IQFc\" lang=\"es\" tabindex=\"-1\">Elaborado utilizando el mejor GORGONZOLA DOP, para obtener una crema que realza su sabor \u00fanico e inconfundible.<\/span><\/p>\n<p class=\"tw-data-text tw-text-large tw-ta\" dir=\"ltr\" data-placeholder=\"Traduzione\"><span class=\"Y2IQFc\" lang=\"es\" tabindex=\"-1\">Ideal para condimentar risottos, pastas y sopas, est\u00e1 listo para usar y aporta un sabor \u00fanico incluso simplemente untado sobre picatostes y canap\u00e9s.<\/span><\/p>\n","protected":false},"excerpt":{"rendered":"<p>Autorizado por el consorcio de queso GORGONZOLA DOP. Elaborado utilizando el mejor GORGONZOLA DOP, para obtener una crema que realza su sabor \u00fanico e inconfundible. Ideal para condimentar risottos, pastas y sopas, est\u00e1 listo para usar y aporta un sabor \u00fanico incluso simplemente untado sobre picatostes y canap\u00e9s.<\/p>\n","protected":false},"featured_media":17574,"comment_status":"open","ping_status":"closed","template":"","meta":{"_et_pb_use_builder":"","_et_pb_old_content":"","_et_gb_content_width":"","om_disable_all_campaigns":false,"_monsterinsights_skip_tracking":false,"_monsterinsights_sitenote_active":false,"_monsterinsights_sitenote_note":"","_monsterinsights_sitenote_category":0,"_joinchat":[]},"product_brand":[],"product_cat":[703,699],"product_tag":[],"class_list":{"0":"post-17573","1":"product","2":"type-product","3":"status-publish","4":"has-post-thumbnail","6":"product_cat-lacteos","7":"product_cat-quesos-importados","9":"first","10":"instock","11":"taxable","12":"shipping-taxable","13":"purchasable","14":"product-type-simple"},"aioseo_notices":[],"_links":{"self":[{"href":"https:\/\/www.oestepizzaparty.com.ar\/index.php?rest_route=\/wp\/v2\/product\/17573","targetHints":{"allow":["GET"]}}],"collection":[{"href":"https:\/\/www.oestepizzaparty.com.ar\/index.php?rest_route=\/wp\/v2\/product"}],"about":[{"href":"https:\/\/www.oestepizzaparty.com.ar\/index.php?rest_route=\/wp\/v2\/types\/product"}],"replies":[{"embeddable":true,"href":"https:\/\/www.oestepizzaparty.com.ar\/index.php?rest_route=%2Fwp%2Fv2%2Fcomments&post=17573"}],"wp:featuredmedia":[{"embeddable":true,"href":"https:\/\/www.oestepizzaparty.com.ar\/index.php?rest_route=\/wp\/v2\/media\/17574"}],"wp:attachment":[{"href":"https:\/\/www.oestepizzaparty.com.ar\/index.php?rest_route=%2Fwp%2Fv2%2Fmedia&parent=17573"}],"wp:term":[{"taxonomy":"product_brand","embeddable":true,"href":"https:\/\/www.oestepizzaparty.com.ar\/index.php?rest_route=%2Fwp%2Fv2%2Fproduct_brand&post=17573"},{"taxonomy":"product_cat","embeddable":true,"href":"https:\/\/www.oestepizzaparty.com.ar\/index.php?rest_route=%2Fwp%2Fv2%2Fproduct_cat&post=17573"},{"taxonomy":"product_tag","embeddable":true,"href":"https:\/\/www.oestepizzaparty.com.ar\/index.php?rest_route=%2Fwp%2Fv2%2Fproduct_tag&post=17573"}],"curies":[{"name":"wp","href":"https:\/\/api.w.org\/{rel}","templated":true}]}}