{"id":17576,"date":"2025-07-18T09:46:13","date_gmt":"2025-07-18T12:46:13","guid":{"rendered":"https:\/\/www.oestepizzaparty.com.ar\/?post_type=product&#038;p=17576"},"modified":"2026-03-21T14:55:37","modified_gmt":"2026-03-21T17:55:37","slug":"crema-di-brie-125gr-calzetti","status":"publish","type":"product","link":"https:\/\/www.oestepizzaparty.com.ar\/?product=crema-di-brie-125gr-calzetti","title":{"rendered":"Crema di Brie 125gr &#8211; Calzetti"},"content":{"rendered":"<p id=\"tw-target-text\" class=\"tw-data-text tw-text-large tw-ta\" dir=\"ltr\" data-placeholder=\"Traduzione\"><span class=\"Y2IQFc\" lang=\"es\" tabindex=\"-1\">Elaborada con el mejor\u00a0<strong>BRIE<\/strong>, esta crema realza el sabor caracter\u00edstico e inconfundible del famoso queso franc\u00e9s.<\/span><\/p>\n<p class=\"tw-data-text tw-text-large tw-ta\" dir=\"ltr\" data-placeholder=\"Traduzione\"><span class=\"Y2IQFc\" lang=\"es\" tabindex=\"-1\">La crema BRIE es muy vers\u00e1til y se puede utilizar en multitud de preparaciones y recetas, para rellenar s\u00e1ndwiches, pizzas, tartas saladas y picatostes. Tambi\u00e9n es perfecto para aromatizar verduras y platos principales de carne.<\/span><\/p>\n<p class=\"tw-data-text tw-text-large tw-ta\" dir=\"ltr\" data-placeholder=\"Traduzione\"><strong><span class=\"Y2IQFc\" lang=\"es\" tabindex=\"-1\">La Crema de Brie no tiene conservantes.<\/span><\/strong><\/p>\n","protected":false},"excerpt":{"rendered":"<p>Elaborada con el mejor\u00a0BRIE, esta crema realza el sabor caracter\u00edstico e inconfundible del famoso queso franc\u00e9s. La crema BRIE es muy vers\u00e1til y se puede utilizar en multitud de preparaciones y recetas, para rellenar s\u00e1ndwiches, pizzas, tartas saladas y picatostes. Tambi\u00e9n es perfecto para aromatizar verduras y platos principales de carne. La Crema de Brie [&hellip;]<\/p>\n","protected":false},"featured_media":17578,"comment_status":"open","ping_status":"closed","template":"","meta":{"_et_pb_use_builder":"","_et_pb_old_content":"","_et_gb_content_width":"","om_disable_all_campaigns":false,"_monsterinsights_skip_tracking":false,"_monsterinsights_sitenote_active":false,"_monsterinsights_sitenote_note":"","_monsterinsights_sitenote_category":0,"_joinchat":[]},"product_brand":[],"product_cat":[703,699],"product_tag":[],"class_list":{"0":"post-17576","1":"product","2":"type-product","3":"status-publish","4":"has-post-thumbnail","6":"product_cat-lacteos","7":"product_cat-quesos-importados","9":"first","10":"outofstock","11":"taxable","12":"shipping-taxable","13":"product-type-simple"},"aioseo_notices":[],"_links":{"self":[{"href":"https:\/\/www.oestepizzaparty.com.ar\/index.php?rest_route=\/wp\/v2\/product\/17576","targetHints":{"allow":["GET"]}}],"collection":[{"href":"https:\/\/www.oestepizzaparty.com.ar\/index.php?rest_route=\/wp\/v2\/product"}],"about":[{"href":"https:\/\/www.oestepizzaparty.com.ar\/index.php?rest_route=\/wp\/v2\/types\/product"}],"replies":[{"embeddable":true,"href":"https:\/\/www.oestepizzaparty.com.ar\/index.php?rest_route=%2Fwp%2Fv2%2Fcomments&post=17576"}],"wp:featuredmedia":[{"embeddable":true,"href":"https:\/\/www.oestepizzaparty.com.ar\/index.php?rest_route=\/wp\/v2\/media\/17578"}],"wp:attachment":[{"href":"https:\/\/www.oestepizzaparty.com.ar\/index.php?rest_route=%2Fwp%2Fv2%2Fmedia&parent=17576"}],"wp:term":[{"taxonomy":"product_brand","embeddable":true,"href":"https:\/\/www.oestepizzaparty.com.ar\/index.php?rest_route=%2Fwp%2Fv2%2Fproduct_brand&post=17576"},{"taxonomy":"product_cat","embeddable":true,"href":"https:\/\/www.oestepizzaparty.com.ar\/index.php?rest_route=%2Fwp%2Fv2%2Fproduct_cat&post=17576"},{"taxonomy":"product_tag","embeddable":true,"href":"https:\/\/www.oestepizzaparty.com.ar\/index.php?rest_route=%2Fwp%2Fv2%2Fproduct_tag&post=17576"}],"curies":[{"name":"wp","href":"https:\/\/api.w.org\/{rel}","templated":true}]}}