{"id":17580,"date":"2025-07-18T10:03:17","date_gmt":"2025-07-18T13:03:17","guid":{"rendered":"https:\/\/www.oestepizzaparty.com.ar\/?post_type=product&#038;p=17580"},"modified":"2026-03-16T12:05:44","modified_gmt":"2026-03-16T15:05:44","slug":"crema-di-pecorino-al-tartufo-125gr-calzetti","status":"publish","type":"product","link":"https:\/\/www.oestepizzaparty.com.ar\/?product=crema-di-pecorino-al-tartufo-125gr-calzetti","title":{"rendered":"Crema di Pecorino al Tartufo 125gr &#8211; Calzetti venc 30\/06\/26"},"content":{"rendered":"<ul class=\"a-unordered-list a-vertical a-spacing-mini\">\n<li class=\"a-spacing-mini\"><span class=\"a-list-item\"><span>Elaborada con el mejor Pecorino italiano, esta crema realza el sabor \u00fanico e inconfundible de la leche de oveja con el a\u00f1adido del delicado y caracter\u00edstico de la trufa.<\/span><\/span><\/li>\n<li class=\"a-spacing-mini\"><span class=\"a-list-item\"><span>Una explosi\u00f3n de sabor que se vuelve un tesoro en la cocina para enriquecer aperitivos r\u00e1pidos con crutones calientes y canap\u00e9s. Condimento ideal para risottos, pastas y sopas, la Crema de Pecorino con Trufa aporta un sabor \u00fanico y especial a una simple verdura, ya sea cocida o cruda, y realza platos principales de carne.<\/span><\/span><\/li>\n<li class=\"a-spacing-mini\"><span class=\"a-list-item\"><span>La crema de Pecorino con trufas no contiene conservantes.<\/span><\/span><\/li>\n<li class=\"a-spacing-mini\"><span class=\"a-list-item\"><span>Sabor intenso a Pecorino y Trufa.<\/span><\/span><\/li>\n<li class=\"a-spacing-mini\"><span class=\"a-list-item\"><span>Cremosa y f\u00e1cil de untar. Al calentarla se vuelve fluida, ideal para sazonar.<\/span><\/span><\/li>\n<\/ul>\n","protected":false},"excerpt":{"rendered":"<p>Elaborada con el mejor Pecorino italiano, esta crema realza el sabor \u00fanico e inconfundible de la leche de oveja con el a\u00f1adido del delicado y caracter\u00edstico de la trufa. Una explosi\u00f3n de sabor que se vuelve un tesoro en la cocina para enriquecer aperitivos r\u00e1pidos con crutones calientes y canap\u00e9s. Condimento ideal para risottos, pastas [&hellip;]<\/p>\n","protected":false},"featured_media":17581,"comment_status":"open","ping_status":"closed","template":"","meta":{"_et_pb_use_builder":"","_et_pb_old_content":"","_et_gb_content_width":"","om_disable_all_campaigns":false,"_monsterinsights_skip_tracking":false,"_monsterinsights_sitenote_active":false,"_monsterinsights_sitenote_note":"","_monsterinsights_sitenote_category":0,"_joinchat":[]},"product_brand":[],"product_cat":[703,699],"product_tag":[],"class_list":{"0":"post-17580","1":"product","2":"type-product","3":"status-publish","4":"has-post-thumbnail","6":"product_cat-lacteos","7":"product_cat-quesos-importados","9":"first","10":"instock","11":"taxable","12":"shipping-taxable","13":"purchasable","14":"product-type-simple"},"aioseo_notices":[],"_links":{"self":[{"href":"https:\/\/www.oestepizzaparty.com.ar\/index.php?rest_route=\/wp\/v2\/product\/17580","targetHints":{"allow":["GET"]}}],"collection":[{"href":"https:\/\/www.oestepizzaparty.com.ar\/index.php?rest_route=\/wp\/v2\/product"}],"about":[{"href":"https:\/\/www.oestepizzaparty.com.ar\/index.php?rest_route=\/wp\/v2\/types\/product"}],"replies":[{"embeddable":true,"href":"https:\/\/www.oestepizzaparty.com.ar\/index.php?rest_route=%2Fwp%2Fv2%2Fcomments&post=17580"}],"wp:featuredmedia":[{"embeddable":true,"href":"https:\/\/www.oestepizzaparty.com.ar\/index.php?rest_route=\/wp\/v2\/media\/17581"}],"wp:attachment":[{"href":"https:\/\/www.oestepizzaparty.com.ar\/index.php?rest_route=%2Fwp%2Fv2%2Fmedia&parent=17580"}],"wp:term":[{"taxonomy":"product_brand","embeddable":true,"href":"https:\/\/www.oestepizzaparty.com.ar\/index.php?rest_route=%2Fwp%2Fv2%2Fproduct_brand&post=17580"},{"taxonomy":"product_cat","embeddable":true,"href":"https:\/\/www.oestepizzaparty.com.ar\/index.php?rest_route=%2Fwp%2Fv2%2Fproduct_cat&post=17580"},{"taxonomy":"product_tag","embeddable":true,"href":"https:\/\/www.oestepizzaparty.com.ar\/index.php?rest_route=%2Fwp%2Fv2%2Fproduct_tag&post=17580"}],"curies":[{"name":"wp","href":"https:\/\/api.w.org\/{rel}","templated":true}]}}