{"id":17642,"date":"2025-07-28T15:26:11","date_gmt":"2025-07-28T18:26:11","guid":{"rendered":"https:\/\/www.oestepizzaparty.com.ar\/?post_type=product&#038;p=17642"},"modified":"2026-04-28T12:19:16","modified_gmt":"2026-04-28T15:19:16","slug":"semola-rimacinata-x-25-kg-compania-molinera-del-sur","status":"publish","type":"product","link":"https:\/\/www.oestepizzaparty.com.ar\/?product=semola-rimacinata-x-25-kg-compania-molinera-del-sur","title":{"rendered":"S\u00e8mola Rimacinata x 25 kg Compa\u00f1ia Molinera del Sur"},"content":{"rendered":"<p>S\u00e9mola Rimacinata: Producto de menor granulometr\u00eda con respecto a la est\u00e1ndar, lo que facilita su hidrataci\u00f3n y manipulaci\u00f3n artesanal. Resulta de preferencia para la elaboraci\u00f3n de pastas frescas, pizzas y panes mediterr\u00e1neos.<\/p>\n","protected":false},"excerpt":{"rendered":"<p><img loading=\"lazy\" decoding=\"async\" class=\"alignnone size-medium wp-image-17643\" src=\"https:\/\/www.oestepizzaparty.com.ar\/wp-content\/uploads\/2025\/07\/semola-rimacinata-25kg-300x218.jpg\" alt=\"\" width=\"300\" height=\"218\" \/><\/p>\n","protected":false},"featured_media":17649,"comment_status":"open","ping_status":"closed","template":"","meta":{"_et_pb_use_builder":"","_et_pb_old_content":"","_et_gb_content_width":"","om_disable_all_campaigns":false,"_monsterinsights_skip_tracking":false,"_monsterinsights_sitenote_active":false,"_monsterinsights_sitenote_note":"","_monsterinsights_sitenote_category":0,"_joinchat":[]},"product_brand":[],"product_cat":[692],"product_tag":[],"class_list":{"0":"post-17642","1":"product","2":"type-product","3":"status-publish","4":"has-post-thumbnail","6":"product_cat-otros-molinos-nacionales","8":"first","9":"instock","10":"taxable","11":"shipping-taxable","12":"purchasable","13":"product-type-simple"},"aioseo_notices":[],"_links":{"self":[{"href":"https:\/\/www.oestepizzaparty.com.ar\/index.php?rest_route=\/wp\/v2\/product\/17642","targetHints":{"allow":["GET"]}}],"collection":[{"href":"https:\/\/www.oestepizzaparty.com.ar\/index.php?rest_route=\/wp\/v2\/product"}],"about":[{"href":"https:\/\/www.oestepizzaparty.com.ar\/index.php?rest_route=\/wp\/v2\/types\/product"}],"replies":[{"embeddable":true,"href":"https:\/\/www.oestepizzaparty.com.ar\/index.php?rest_route=%2Fwp%2Fv2%2Fcomments&post=17642"}],"wp:featuredmedia":[{"embeddable":true,"href":"https:\/\/www.oestepizzaparty.com.ar\/index.php?rest_route=\/wp\/v2\/media\/17649"}],"wp:attachment":[{"href":"https:\/\/www.oestepizzaparty.com.ar\/index.php?rest_route=%2Fwp%2Fv2%2Fmedia&parent=17642"}],"wp:term":[{"taxonomy":"product_brand","embeddable":true,"href":"https:\/\/www.oestepizzaparty.com.ar\/index.php?rest_route=%2Fwp%2Fv2%2Fproduct_brand&post=17642"},{"taxonomy":"product_cat","embeddable":true,"href":"https:\/\/www.oestepizzaparty.com.ar\/index.php?rest_route=%2Fwp%2Fv2%2Fproduct_cat&post=17642"},{"taxonomy":"product_tag","embeddable":true,"href":"https:\/\/www.oestepizzaparty.com.ar\/index.php?rest_route=%2Fwp%2Fv2%2Fproduct_tag&post=17642"}],"curies":[{"name":"wp","href":"https:\/\/api.w.org\/{rel}","templated":true}]}}