{"id":1769,"date":"2020-09-15T08:04:51","date_gmt":"2020-09-15T11:04:51","guid":{"rendered":"https:\/\/www.oestepizzaparty.com.ar\/?post_type=product&#038;p=1769"},"modified":"2026-03-29T10:19:35","modified_gmt":"2026-03-29T13:19:35","slug":"pack-harina-le-5-stagioni-pizza-napoletana-10-unidades-x-1-kg","status":"publish","type":"product","link":"https:\/\/www.oestepizzaparty.com.ar\/?product=pack-harina-le-5-stagioni-pizza-napoletana-10-unidades-x-1-kg","title":{"rendered":"Pack 10x1Kg Harina 00 Le 5 Stagioni Pizza Napoletana"},"content":{"rendered":"<p>Harina de trigo blando tipo \u00ab00\u00bb con contenido medio-alto de prote\u00ednas apta para todas las masas directas e indirectas para pizza napolitana.\u00a0Esta harina especial, desarrollada en colaboraci\u00f3n con los maestros pizzeros de la Associazione Verace Pizza Napoletana, hace que la masa sea el\u00e1stica y garantiza un excelente desarrollo del marco de la pizza.<\/p>\n<div class=\"elementor-element elementor-element-5cba38e elementor-widget elementor-widget-text-editor\" data-id=\"5cba38e\" data-element_type=\"widget\" data-e-type=\"widget\" data-widget_type=\"text-editor.default\">\n<p><strong>Especificaciones qu\u00edmicas\/f\u00edsicas<\/strong><\/p>\n<\/div>\n<div class=\"elementor-element elementor-element-be2486d elementor-widget elementor-widget-text-editor\" data-id=\"be2486d\" data-element_type=\"widget\" data-e-type=\"widget\" data-widget_type=\"text-editor.default\">\n<p>Humedad: m\u00e1x. 15,5 %<br \/>\nProte\u00edna: m\u00edn. 13 % (p.a.)<br \/>\nCeniza: 00 m\u00e1x. 0,55 % (p.a.)<\/p>\n<\/div>\n<p>Pack cerrado de 10 unidades x 1kg<\/p>\n<p>&nbsp;<\/p>\n<p>&nbsp;<\/p>\n","protected":false},"excerpt":{"rendered":"<p>Harina de trigo blando tipo \u00ab00\u00bb con contenido medio-alto de prote\u00ednas apta para todas las masas directas e indirectas para pizza napolitana.\u00a0Esta harina especial, desarrollada en colaboraci\u00f3n con los maestros pizzeros de la Associazione Verace Pizza Napoletana, hace que la masa sea el\u00e1stica y garantiza un excelente desarrollo del marco de la pizza. Especificaciones qu\u00edmicas\/f\u00edsicas [&hellip;]<\/p>\n","protected":false},"featured_media":1770,"comment_status":"open","ping_status":"closed","template":"","meta":{"_et_pb_use_builder":"","_et_pb_old_content":"","_et_gb_content_width":"","om_disable_all_campaigns":false,"_monsterinsights_skip_tracking":false,"_monsterinsights_sitenote_active":false,"_monsterinsights_sitenote_note":"","_monsterinsights_sitenote_category":0,"_joinchat":[]},"product_brand":[],"product_cat":[693],"product_tag":[],"class_list":{"0":"post-1769","1":"product","2":"type-product","3":"status-publish","4":"has-post-thumbnail","6":"product_cat-harinas-importadas","8":"first","9":"outofstock","10":"taxable","11":"shipping-taxable","12":"product-type-simple"},"aioseo_notices":[],"_links":{"self":[{"href":"https:\/\/www.oestepizzaparty.com.ar\/index.php?rest_route=\/wp\/v2\/product\/1769","targetHints":{"allow":["GET"]}}],"collection":[{"href":"https:\/\/www.oestepizzaparty.com.ar\/index.php?rest_route=\/wp\/v2\/product"}],"about":[{"href":"https:\/\/www.oestepizzaparty.com.ar\/index.php?rest_route=\/wp\/v2\/types\/product"}],"replies":[{"embeddable":true,"href":"https:\/\/www.oestepizzaparty.com.ar\/index.php?rest_route=%2Fwp%2Fv2%2Fcomments&post=1769"}],"wp:featuredmedia":[{"embeddable":true,"href":"https:\/\/www.oestepizzaparty.com.ar\/index.php?rest_route=\/wp\/v2\/media\/1770"}],"wp:attachment":[{"href":"https:\/\/www.oestepizzaparty.com.ar\/index.php?rest_route=%2Fwp%2Fv2%2Fmedia&parent=1769"}],"wp:term":[{"taxonomy":"product_brand","embeddable":true,"href":"https:\/\/www.oestepizzaparty.com.ar\/index.php?rest_route=%2Fwp%2Fv2%2Fproduct_brand&post=1769"},{"taxonomy":"product_cat","embeddable":true,"href":"https:\/\/www.oestepizzaparty.com.ar\/index.php?rest_route=%2Fwp%2Fv2%2Fproduct_cat&post=1769"},{"taxonomy":"product_tag","embeddable":true,"href":"https:\/\/www.oestepizzaparty.com.ar\/index.php?rest_route=%2Fwp%2Fv2%2Fproduct_tag&post=1769"}],"curies":[{"name":"wp","href":"https:\/\/api.w.org\/{rel}","templated":true}]}}