{"id":17756,"date":"2025-08-25T13:28:51","date_gmt":"2025-08-25T16:28:51","guid":{"rendered":"https:\/\/www.oestepizzaparty.com.ar\/?post_type=product&#038;p=17756"},"modified":"2026-04-29T14:47:20","modified_gmt":"2026-04-29T17:47:20","slug":"horno-electrico-fn-fornitalia-para-pizza-con-piedra-refractaria-napoli","status":"publish","type":"product","link":"https:\/\/www.oestepizzaparty.com.ar\/?product=horno-electrico-fn-fornitalia-para-pizza-con-piedra-refractaria-napoli","title":{"rendered":"Horno el\u00e9ctrico FN FORNITALIA para pizza Con piedra refractaria Napoli"},"content":{"rendered":"<ul>\n<li>El horno el\u00e9ctrico Napoli es la opci\u00f3n ideal para disfrutar de aut\u00e9nticas pizzas italianas en casa. Compacto y poderoso, alcanza hasta 430\u00b0C, cocinando una pizza de 30 cm en solo 5 minutos. Equipado con piedra refractaria y doble termostato para un control preciso de temperatura superior e inferior. Caracter\u00edsticas: Dimensiones: 34x36x16,5 cm. \u00c1rea de cocci\u00f3n: 30 di\u00e1metro. Energ\u00eda: 120v &#8211; 60Hz \u2013 20A &#8211; 1400W. Temperatura m\u00e1xima: 430\u00b0C. Capacidad: 1 pizza de 30 cm. Cocci\u00f3n en 5 minutos. Con piedra refractaria. Con resistencia superior e inferior. Peso: 4.5kg<\/li>\n<\/ul>\n","protected":false},"excerpt":{"rendered":"<p>El horno el\u00e9ctrico Napoli es la opci\u00f3n ideal para disfrutar de aut\u00e9nticas pizzas italianas en casa. Compacto y poderoso, alcanza hasta 430\u00b0C, cocinando una pizza de 30 cm en solo 5 minutos. Equipado con piedra refractaria y doble termostato para un control preciso de temperatura superior e inferior. Caracter\u00edsticas: Dimensiones: 34x36x16,5 cm. \u00c1rea de cocci\u00f3n: [&hellip;]<\/p>\n","protected":false},"featured_media":17757,"comment_status":"open","ping_status":"closed","template":"","meta":{"_et_pb_use_builder":"","_et_pb_old_content":"","_et_gb_content_width":"","om_disable_all_campaigns":false,"_monsterinsights_skip_tracking":false,"_monsterinsights_sitenote_active":false,"_monsterinsights_sitenote_note":"","_monsterinsights_sitenote_category":0,"_joinchat":[]},"product_brand":[],"product_cat":[701],"product_tag":[],"class_list":{"0":"post-17756","1":"product","2":"type-product","3":"status-publish","4":"has-post-thumbnail","6":"product_cat-hornos-equipamiento","8":"first","9":"instock","10":"taxable","11":"shipping-taxable","12":"purchasable","13":"product-type-simple"},"aioseo_notices":[],"_links":{"self":[{"href":"https:\/\/www.oestepizzaparty.com.ar\/index.php?rest_route=\/wp\/v2\/product\/17756","targetHints":{"allow":["GET"]}}],"collection":[{"href":"https:\/\/www.oestepizzaparty.com.ar\/index.php?rest_route=\/wp\/v2\/product"}],"about":[{"href":"https:\/\/www.oestepizzaparty.com.ar\/index.php?rest_route=\/wp\/v2\/types\/product"}],"replies":[{"embeddable":true,"href":"https:\/\/www.oestepizzaparty.com.ar\/index.php?rest_route=%2Fwp%2Fv2%2Fcomments&post=17756"}],"wp:featuredmedia":[{"embeddable":true,"href":"https:\/\/www.oestepizzaparty.com.ar\/index.php?rest_route=\/wp\/v2\/media\/17757"}],"wp:attachment":[{"href":"https:\/\/www.oestepizzaparty.com.ar\/index.php?rest_route=%2Fwp%2Fv2%2Fmedia&parent=17756"}],"wp:term":[{"taxonomy":"product_brand","embeddable":true,"href":"https:\/\/www.oestepizzaparty.com.ar\/index.php?rest_route=%2Fwp%2Fv2%2Fproduct_brand&post=17756"},{"taxonomy":"product_cat","embeddable":true,"href":"https:\/\/www.oestepizzaparty.com.ar\/index.php?rest_route=%2Fwp%2Fv2%2Fproduct_cat&post=17756"},{"taxonomy":"product_tag","embeddable":true,"href":"https:\/\/www.oestepizzaparty.com.ar\/index.php?rest_route=%2Fwp%2Fv2%2Fproduct_tag&post=17756"}],"curies":[{"name":"wp","href":"https:\/\/api.w.org\/{rel}","templated":true}]}}