{"id":17784,"date":"2025-08-30T08:46:55","date_gmt":"2025-08-30T11:46:55","guid":{"rendered":"https:\/\/www.oestepizzaparty.com.ar\/?post_type=product&#038;p=17784"},"modified":"2026-03-30T11:55:34","modified_gmt":"2026-03-30T14:55:34","slug":"harina-de-maiz-amarillo-x-1kg-p-a-n","status":"publish","type":"product","link":"https:\/\/www.oestepizzaparty.com.ar\/?product=harina-de-maiz-amarillo-x-1kg-p-a-n","title":{"rendered":"Harina de Maiz Amarillo x 1kg &#8211; P.A.N"},"content":{"rendered":"<p>La\u00a0<strong>Harina Precocida de Ma\u00edz Amarillo P.A.N.<\/strong>\u00a0est\u00e1 elaborada con 100% ma\u00edz amarillo seleccionado, sin conservantes ni colorantes. Esta harina es tradicionalmente utilizada en la gastronom\u00eda de Venezuela y Colombia, siendo la base para preparar recetas t\u00edpicas como arepas, empanadas, hallacas, bollos y otras preparaciones de ma\u00edz. De alta calidad, permite realizar platos deliciosos de manera r\u00e1pida y sencilla, conservando el sabor aut\u00e9ntico del ma\u00edz.<\/p>\n","protected":false},"excerpt":{"rendered":"<p>La\u00a0Harina Precocida de Ma\u00edz Amarillo P.A.N.\u00a0est\u00e1 elaborada con 100% ma\u00edz amarillo seleccionado, sin conservantes ni colorantes. Esta harina es tradicionalmente utilizada en la gastronom\u00eda de Venezuela y Colombia, siendo la base para preparar recetas t\u00edpicas como arepas, empanadas, hallacas, bollos y otras preparaciones de ma\u00edz. De alta calidad, permite realizar platos deliciosos de manera r\u00e1pida [&hellip;]<\/p>\n","protected":false},"featured_media":17785,"comment_status":"open","ping_status":"closed","template":"","meta":{"_et_pb_use_builder":"","_et_pb_old_content":"","_et_gb_content_width":"","om_disable_all_campaigns":false,"_monsterinsights_skip_tracking":false,"_monsterinsights_sitenote_active":false,"_monsterinsights_sitenote_note":"","_monsterinsights_sitenote_category":0,"_joinchat":[]},"product_brand":[],"product_cat":[689,692],"product_tag":[],"class_list":{"0":"post-17784","1":"product","2":"type-product","3":"status-publish","4":"has-post-thumbnail","6":"product_cat-harinas","7":"product_cat-otros-molinos-nacionales","9":"first","10":"instock","11":"taxable","12":"shipping-taxable","13":"purchasable","14":"product-type-simple"},"aioseo_notices":[],"_links":{"self":[{"href":"https:\/\/www.oestepizzaparty.com.ar\/index.php?rest_route=\/wp\/v2\/product\/17784","targetHints":{"allow":["GET"]}}],"collection":[{"href":"https:\/\/www.oestepizzaparty.com.ar\/index.php?rest_route=\/wp\/v2\/product"}],"about":[{"href":"https:\/\/www.oestepizzaparty.com.ar\/index.php?rest_route=\/wp\/v2\/types\/product"}],"replies":[{"embeddable":true,"href":"https:\/\/www.oestepizzaparty.com.ar\/index.php?rest_route=%2Fwp%2Fv2%2Fcomments&post=17784"}],"wp:featuredmedia":[{"embeddable":true,"href":"https:\/\/www.oestepizzaparty.com.ar\/index.php?rest_route=\/wp\/v2\/media\/17785"}],"wp:attachment":[{"href":"https:\/\/www.oestepizzaparty.com.ar\/index.php?rest_route=%2Fwp%2Fv2%2Fmedia&parent=17784"}],"wp:term":[{"taxonomy":"product_brand","embeddable":true,"href":"https:\/\/www.oestepizzaparty.com.ar\/index.php?rest_route=%2Fwp%2Fv2%2Fproduct_brand&post=17784"},{"taxonomy":"product_cat","embeddable":true,"href":"https:\/\/www.oestepizzaparty.com.ar\/index.php?rest_route=%2Fwp%2Fv2%2Fproduct_cat&post=17784"},{"taxonomy":"product_tag","embeddable":true,"href":"https:\/\/www.oestepizzaparty.com.ar\/index.php?rest_route=%2Fwp%2Fv2%2Fproduct_tag&post=17784"}],"curies":[{"name":"wp","href":"https:\/\/api.w.org\/{rel}","templated":true}]}}