{"id":17786,"date":"2025-08-30T08:48:32","date_gmt":"2025-08-30T11:48:32","guid":{"rendered":"https:\/\/www.oestepizzaparty.com.ar\/?post_type=product&#038;p=17786"},"modified":"2026-04-15T16:43:02","modified_gmt":"2026-04-15T19:43:02","slug":"harina-de-maiz-blanco-x-1kg-p-a-n","status":"publish","type":"product","link":"https:\/\/www.oestepizzaparty.com.ar\/?product=harina-de-maiz-blanco-x-1kg-p-a-n","title":{"rendered":"Harina de Maiz Blanco x 1kg &#8211; P.A.N"},"content":{"rendered":"<p>Harina de ma\u00edz blanco precocida. 100% ma\u00edz blanco.Ideal para elaborar: arepas saladas o dulces, pan de ma\u00edz, bollitos, croquetas de ma\u00edz, entre otros. Importada de Colombia. Parquete de 1kg<\/p>\n","protected":false},"excerpt":{"rendered":"<p>Harina de ma\u00edz blanco precocida. 100% ma\u00edz blanco.Ideal para elaborar: arepas saladas o dulces, pan de ma\u00edz, bollitos, croquetas de ma\u00edz, entre otros. Importada de Colombia. Parquete de 1kg<\/p>\n","protected":false},"featured_media":17787,"comment_status":"open","ping_status":"closed","template":"","meta":{"_et_pb_use_builder":"","_et_pb_old_content":"","_et_gb_content_width":"","om_disable_all_campaigns":false,"_monsterinsights_skip_tracking":false,"_monsterinsights_sitenote_active":false,"_monsterinsights_sitenote_note":"","_monsterinsights_sitenote_category":0,"_joinchat":[]},"product_brand":[],"product_cat":[689,692],"product_tag":[],"class_list":{"0":"post-17786","1":"product","2":"type-product","3":"status-publish","4":"has-post-thumbnail","6":"product_cat-harinas","7":"product_cat-otros-molinos-nacionales","9":"first","10":"instock","11":"taxable","12":"shipping-taxable","13":"purchasable","14":"product-type-simple"},"aioseo_notices":[],"_links":{"self":[{"href":"https:\/\/www.oestepizzaparty.com.ar\/index.php?rest_route=\/wp\/v2\/product\/17786","targetHints":{"allow":["GET"]}}],"collection":[{"href":"https:\/\/www.oestepizzaparty.com.ar\/index.php?rest_route=\/wp\/v2\/product"}],"about":[{"href":"https:\/\/www.oestepizzaparty.com.ar\/index.php?rest_route=\/wp\/v2\/types\/product"}],"replies":[{"embeddable":true,"href":"https:\/\/www.oestepizzaparty.com.ar\/index.php?rest_route=%2Fwp%2Fv2%2Fcomments&post=17786"}],"wp:featuredmedia":[{"embeddable":true,"href":"https:\/\/www.oestepizzaparty.com.ar\/index.php?rest_route=\/wp\/v2\/media\/17787"}],"wp:attachment":[{"href":"https:\/\/www.oestepizzaparty.com.ar\/index.php?rest_route=%2Fwp%2Fv2%2Fmedia&parent=17786"}],"wp:term":[{"taxonomy":"product_brand","embeddable":true,"href":"https:\/\/www.oestepizzaparty.com.ar\/index.php?rest_route=%2Fwp%2Fv2%2Fproduct_brand&post=17786"},{"taxonomy":"product_cat","embeddable":true,"href":"https:\/\/www.oestepizzaparty.com.ar\/index.php?rest_route=%2Fwp%2Fv2%2Fproduct_cat&post=17786"},{"taxonomy":"product_tag","embeddable":true,"href":"https:\/\/www.oestepizzaparty.com.ar\/index.php?rest_route=%2Fwp%2Fv2%2Fproduct_tag&post=17786"}],"curies":[{"name":"wp","href":"https:\/\/api.w.org\/{rel}","templated":true}]}}