{"id":17820,"date":"2025-09-01T12:12:11","date_gmt":"2025-09-01T15:12:11","guid":{"rendered":"https:\/\/www.oestepizzaparty.com.ar\/?post_type=product&#038;p=17820"},"modified":"2026-04-24T13:43:00","modified_gmt":"2026-04-24T16:43:00","slug":"10-bolsas-x-25kg-harina-pizza-al-molde-molino-canuelas-venc-14-01-26","status":"publish","type":"product","link":"https:\/\/www.oestepizzaparty.com.ar\/?product=10-bolsas-x-25kg-harina-pizza-al-molde-molino-canuelas-venc-14-01-26","title":{"rendered":"10 BOLSAS X 25KG HARINA PIZZA AL MOLDE &#8211; MOLINO CA\u00d1UELAS"},"content":{"rendered":"<p>Molino Ca\u00f1uelas Harina Para Pizza al Molde 10 BOLAS x 25kg<\/p>\n<h3 style=\"position: absolute; left: -15791px;\">Si buscas pulsera. Hay algo para cada look, desde ce\u00f1ido al cuerpo hasta estructurado, desde pu\u00f1os hasta cadenas. <a href=\"https:\/\/www.high-endrolex.com\/\">chain bracelet<\/a> y pu\u00f1os.<\/h3>\n","protected":false},"excerpt":{"rendered":"<p>Molino Ca\u00f1uelas Harina Para Pizza al Molde 10 BOLAS x 25kg Si buscas pulsera. Hay algo para cada look, desde ce\u00f1ido al cuerpo hasta estructurado, desde pu\u00f1os hasta cadenas. chain bracelet y pu\u00f1os.<\/p>\n","protected":false},"featured_media":15726,"comment_status":"open","ping_status":"closed","template":"","meta":{"_et_pb_use_builder":"","_et_pb_old_content":"","_et_gb_content_width":"","om_disable_all_campaigns":false,"_monsterinsights_skip_tracking":false,"_monsterinsights_sitenote_active":false,"_monsterinsights_sitenote_note":"","_monsterinsights_sitenote_category":0,"_joinchat":[]},"product_brand":[],"product_cat":[750],"product_tag":[],"class_list":{"0":"post-17820","1":"product","2":"type-product","3":"status-publish","4":"has-post-thumbnail","6":"product_cat-molino-canuelas","8":"first","9":"outofstock","10":"taxable","11":"shipping-taxable","12":"purchasable","13":"product-type-simple"},"aioseo_notices":[],"_links":{"self":[{"href":"https:\/\/www.oestepizzaparty.com.ar\/index.php?rest_route=\/wp\/v2\/product\/17820","targetHints":{"allow":["GET"]}}],"collection":[{"href":"https:\/\/www.oestepizzaparty.com.ar\/index.php?rest_route=\/wp\/v2\/product"}],"about":[{"href":"https:\/\/www.oestepizzaparty.com.ar\/index.php?rest_route=\/wp\/v2\/types\/product"}],"replies":[{"embeddable":true,"href":"https:\/\/www.oestepizzaparty.com.ar\/index.php?rest_route=%2Fwp%2Fv2%2Fcomments&post=17820"}],"wp:featuredmedia":[{"embeddable":true,"href":"https:\/\/www.oestepizzaparty.com.ar\/index.php?rest_route=\/wp\/v2\/media\/15726"}],"wp:attachment":[{"href":"https:\/\/www.oestepizzaparty.com.ar\/index.php?rest_route=%2Fwp%2Fv2%2Fmedia&parent=17820"}],"wp:term":[{"taxonomy":"product_brand","embeddable":true,"href":"https:\/\/www.oestepizzaparty.com.ar\/index.php?rest_route=%2Fwp%2Fv2%2Fproduct_brand&post=17820"},{"taxonomy":"product_cat","embeddable":true,"href":"https:\/\/www.oestepizzaparty.com.ar\/index.php?rest_route=%2Fwp%2Fv2%2Fproduct_cat&post=17820"},{"taxonomy":"product_tag","embeddable":true,"href":"https:\/\/www.oestepizzaparty.com.ar\/index.php?rest_route=%2Fwp%2Fv2%2Fproduct_tag&post=17820"}],"curies":[{"name":"wp","href":"https:\/\/api.w.org\/{rel}","templated":true}]}}