{"id":17891,"date":"2025-09-17T15:35:11","date_gmt":"2025-09-17T18:35:11","guid":{"rendered":"https:\/\/www.oestepizzaparty.com.ar\/?post_type=product&#038;p=17891"},"modified":"2026-03-24T13:28:18","modified_gmt":"2026-03-24T16:28:18","slug":"white-garlics-ajo-blanco-x-530gr-amanida","status":"publish","type":"product","link":"https:\/\/www.oestepizzaparty.com.ar\/?product=white-garlics-ajo-blanco-x-530gr-amanida","title":{"rendered":"White Garlics (ajo blanco) x 530gr &#8211; Amanida"},"content":{"rendered":"<p><span dir=\"auto\">AJO (\u00a0<\/span><b><span dir=\"auto\">sulfitos<\/span><\/b><span dir=\"auto\">\u00a0), agua, aceite de oliva virgen extra 3%, sal, extracto de levadura, \u00e1cido l\u00e1ctico, zumo de lim\u00f3n, sorbato pot\u00e1sico, fructosa, \u00e1cido asc\u00f3rbico.<\/span><\/p>\n","protected":false},"excerpt":{"rendered":"<p>AJO (\u00a0sulfitos\u00a0), agua, aceite de oliva virgen extra 3%, sal, extracto de levadura, \u00e1cido l\u00e1ctico, zumo de lim\u00f3n, sorbato pot\u00e1sico, fructosa, \u00e1cido asc\u00f3rbico.<\/p>\n","protected":false},"featured_media":17892,"comment_status":"open","ping_status":"closed","template":"","meta":{"_et_pb_use_builder":"","_et_pb_old_content":"","_et_gb_content_width":"","om_disable_all_campaigns":false,"_monsterinsights_skip_tracking":false,"_monsterinsights_sitenote_active":false,"_monsterinsights_sitenote_note":"","_monsterinsights_sitenote_category":0,"_joinchat":[]},"product_brand":[],"product_cat":[709,708],"product_tag":[],"class_list":{"0":"post-17891","1":"product","2":"type-product","3":"status-publish","4":"has-post-thumbnail","6":"product_cat-aceitunas-conservas","7":"product_cat-productos-de-almacen","9":"first","10":"outofstock","11":"taxable","12":"shipping-taxable","13":"purchasable","14":"product-type-simple"},"aioseo_notices":[],"_links":{"self":[{"href":"https:\/\/www.oestepizzaparty.com.ar\/index.php?rest_route=\/wp\/v2\/product\/17891","targetHints":{"allow":["GET"]}}],"collection":[{"href":"https:\/\/www.oestepizzaparty.com.ar\/index.php?rest_route=\/wp\/v2\/product"}],"about":[{"href":"https:\/\/www.oestepizzaparty.com.ar\/index.php?rest_route=\/wp\/v2\/types\/product"}],"replies":[{"embeddable":true,"href":"https:\/\/www.oestepizzaparty.com.ar\/index.php?rest_route=%2Fwp%2Fv2%2Fcomments&post=17891"}],"wp:featuredmedia":[{"embeddable":true,"href":"https:\/\/www.oestepizzaparty.com.ar\/index.php?rest_route=\/wp\/v2\/media\/17892"}],"wp:attachment":[{"href":"https:\/\/www.oestepizzaparty.com.ar\/index.php?rest_route=%2Fwp%2Fv2%2Fmedia&parent=17891"}],"wp:term":[{"taxonomy":"product_brand","embeddable":true,"href":"https:\/\/www.oestepizzaparty.com.ar\/index.php?rest_route=%2Fwp%2Fv2%2Fproduct_brand&post=17891"},{"taxonomy":"product_cat","embeddable":true,"href":"https:\/\/www.oestepizzaparty.com.ar\/index.php?rest_route=%2Fwp%2Fv2%2Fproduct_cat&post=17891"},{"taxonomy":"product_tag","embeddable":true,"href":"https:\/\/www.oestepizzaparty.com.ar\/index.php?rest_route=%2Fwp%2Fv2%2Fproduct_tag&post=17891"}],"curies":[{"name":"wp","href":"https:\/\/api.w.org\/{rel}","templated":true}]}}