{"id":17895,"date":"2025-09-19T12:00:29","date_gmt":"2025-09-19T15:00:29","guid":{"rendered":"https:\/\/www.oestepizzaparty.com.ar\/?post_type=product&#038;p=17895"},"modified":"2026-04-27T12:50:26","modified_gmt":"2026-04-27T15:50:26","slug":"mozzarella-en-barra-x-3-5kg-la-paulina","status":"publish","type":"product","link":"https:\/\/www.oestepizzaparty.com.ar\/?product=mozzarella-en-barra-x-3-5kg-la-paulina","title":{"rendered":"Mozzarella en Barra x 3.5kg Aprox  PRECIO $14.800x kg- La Paulina"},"content":{"rendered":"<ul>\n<li>Textura suave y el\u00e1stica que se funde perfecto en pizzas, pastas y m\u00e1s.<\/li>\n<li>Sabor fresco y delicado que le da un toque especial a tus recetas caseras.<\/li>\n<li>Horma de 1 kg, ideal para toda la familia o para tus encuentros con amigos.<\/li>\n<li>Calidad La Paulina, garant\u00eda de frescura y sabor aut\u00e9ntico en cada porci\u00f3n.<\/li>\n<\/ul>\n","protected":false},"excerpt":{"rendered":"<p>Textura suave y el\u00e1stica que se funde perfecto en pizzas, pastas y m\u00e1s. Sabor fresco y delicado que le da un toque especial a tus recetas caseras. Horma de 1 kg, ideal para toda la familia o para tus encuentros con amigos. Calidad La Paulina, garant\u00eda de frescura y sabor aut\u00e9ntico en cada porci\u00f3n.<\/p>\n","protected":false},"featured_media":17896,"comment_status":"open","ping_status":"closed","template":"","meta":{"_et_pb_use_builder":"","_et_pb_old_content":"","_et_gb_content_width":"","om_disable_all_campaigns":false,"_monsterinsights_skip_tracking":false,"_monsterinsights_sitenote_active":false,"_monsterinsights_sitenote_note":"","_monsterinsights_sitenote_category":0,"_joinchat":[]},"product_brand":[],"product_cat":[703,755],"product_tag":[],"class_list":{"0":"post-17895","1":"product","2":"type-product","3":"status-publish","4":"has-post-thumbnail","6":"product_cat-lacteos","7":"product_cat-otras-muzzarellas","9":"first","10":"instock","11":"taxable","12":"shipping-taxable","13":"purchasable","14":"product-type-simple"},"aioseo_notices":[],"_links":{"self":[{"href":"https:\/\/www.oestepizzaparty.com.ar\/index.php?rest_route=\/wp\/v2\/product\/17895","targetHints":{"allow":["GET"]}}],"collection":[{"href":"https:\/\/www.oestepizzaparty.com.ar\/index.php?rest_route=\/wp\/v2\/product"}],"about":[{"href":"https:\/\/www.oestepizzaparty.com.ar\/index.php?rest_route=\/wp\/v2\/types\/product"}],"replies":[{"embeddable":true,"href":"https:\/\/www.oestepizzaparty.com.ar\/index.php?rest_route=%2Fwp%2Fv2%2Fcomments&post=17895"}],"wp:featuredmedia":[{"embeddable":true,"href":"https:\/\/www.oestepizzaparty.com.ar\/index.php?rest_route=\/wp\/v2\/media\/17896"}],"wp:attachment":[{"href":"https:\/\/www.oestepizzaparty.com.ar\/index.php?rest_route=%2Fwp%2Fv2%2Fmedia&parent=17895"}],"wp:term":[{"taxonomy":"product_brand","embeddable":true,"href":"https:\/\/www.oestepizzaparty.com.ar\/index.php?rest_route=%2Fwp%2Fv2%2Fproduct_brand&post=17895"},{"taxonomy":"product_cat","embeddable":true,"href":"https:\/\/www.oestepizzaparty.com.ar\/index.php?rest_route=%2Fwp%2Fv2%2Fproduct_cat&post=17895"},{"taxonomy":"product_tag","embeddable":true,"href":"https:\/\/www.oestepizzaparty.com.ar\/index.php?rest_route=%2Fwp%2Fv2%2Fproduct_tag&post=17895"}],"curies":[{"name":"wp","href":"https:\/\/api.w.org\/{rel}","templated":true}]}}