{"id":18022,"date":"2025-10-20T10:09:10","date_gmt":"2025-10-20T13:09:10","guid":{"rendered":"https:\/\/www.oestepizzaparty.com.ar\/?post_type=product&#038;p=18022"},"modified":"2026-02-22T07:03:29","modified_gmt":"2026-02-22T10:03:29","slug":"mutti-salsa-para-pasta-con-albahaca-x-400g-vec-1-03-27","status":"publish","type":"product","link":"https:\/\/www.oestepizzaparty.com.ar\/?product=mutti-salsa-para-pasta-con-albahaca-x-400g-vec-1-03-27","title":{"rendered":"Mutti Salsa Para Pasta con ALBAHACA x 400g"},"content":{"rendered":"<p>Vivo, sabroso y con trozos. Tomate cherry y Albahaca. Las salsas para pasta Mutti utilizan s\u00f3lo tomates de verano 100% italianos de la m\u00e1s alta calidad, recogidos en su punto m\u00e1ximo de madurez. Elegimos cuidadosamente la variedad de tomate espec\u00edfica que mejor combina con nuestros ingredientes italianos \u00fanicos. Aqu\u00ed, el animado tomate cherry se combina con albahaca.<\/p>\n","protected":false},"excerpt":{"rendered":"<p>Vivo, sabroso y con trozos. Tomate cherry y Albahaca. Las salsas para pasta Mutti utilizan s\u00f3lo tomates de verano 100% italianos de la m\u00e1s alta calidad, recogidos en su punto m\u00e1ximo de madurez. Elegimos cuidadosamente la variedad de tomate espec\u00edfica que mejor combina con nuestros ingredientes italianos \u00fanicos. Aqu\u00ed, el animado tomate cherry se combina [&hellip;]<\/p>\n","protected":false},"featured_media":18024,"comment_status":"open","ping_status":"closed","template":"","meta":{"_et_pb_use_builder":"","_et_pb_old_content":"","_et_gb_content_width":"","om_disable_all_campaigns":false,"_monsterinsights_skip_tracking":false,"_monsterinsights_sitenote_active":false,"_monsterinsights_sitenote_note":"","_monsterinsights_sitenote_category":0,"_joinchat":[]},"product_brand":[],"product_cat":[713,717],"product_tag":[],"class_list":{"0":"post-18022","1":"product","2":"type-product","3":"status-publish","4":"has-post-thumbnail","6":"product_cat-aderezos-salsas","7":"product_cat-tomates-importados","9":"first","10":"outofstock","11":"taxable","12":"shipping-taxable","13":"product-type-simple"},"aioseo_notices":[],"_links":{"self":[{"href":"https:\/\/www.oestepizzaparty.com.ar\/index.php?rest_route=\/wp\/v2\/product\/18022","targetHints":{"allow":["GET"]}}],"collection":[{"href":"https:\/\/www.oestepizzaparty.com.ar\/index.php?rest_route=\/wp\/v2\/product"}],"about":[{"href":"https:\/\/www.oestepizzaparty.com.ar\/index.php?rest_route=\/wp\/v2\/types\/product"}],"replies":[{"embeddable":true,"href":"https:\/\/www.oestepizzaparty.com.ar\/index.php?rest_route=%2Fwp%2Fv2%2Fcomments&post=18022"}],"wp:featuredmedia":[{"embeddable":true,"href":"https:\/\/www.oestepizzaparty.com.ar\/index.php?rest_route=\/wp\/v2\/media\/18024"}],"wp:attachment":[{"href":"https:\/\/www.oestepizzaparty.com.ar\/index.php?rest_route=%2Fwp%2Fv2%2Fmedia&parent=18022"}],"wp:term":[{"taxonomy":"product_brand","embeddable":true,"href":"https:\/\/www.oestepizzaparty.com.ar\/index.php?rest_route=%2Fwp%2Fv2%2Fproduct_brand&post=18022"},{"taxonomy":"product_cat","embeddable":true,"href":"https:\/\/www.oestepizzaparty.com.ar\/index.php?rest_route=%2Fwp%2Fv2%2Fproduct_cat&post=18022"},{"taxonomy":"product_tag","embeddable":true,"href":"https:\/\/www.oestepizzaparty.com.ar\/index.php?rest_route=%2Fwp%2Fv2%2Fproduct_tag&post=18022"}],"curies":[{"name":"wp","href":"https:\/\/api.w.org\/{rel}","templated":true}]}}