{"id":18190,"date":"2025-11-21T11:01:37","date_gmt":"2025-11-21T14:01:37","guid":{"rendered":"https:\/\/www.oestepizzaparty.com.ar\/?post_type=product&#038;p=18190"},"modified":"2026-04-16T14:39:34","modified_gmt":"2026-04-16T17:39:34","slug":"raices-organica-semolin-x-25kg","status":"publish","type":"product","link":"https:\/\/www.oestepizzaparty.com.ar\/?product=raices-organica-semolin-x-25kg","title":{"rendered":"SEMOLIN ORGANICO X 25kg RAICES Venc 9\/26"},"content":{"rendered":"<p>Elaborada a partir de trigos org\u00e1nicos de alta calidad seleccionados minuciosamente, nuestra harina cumple con la Norma Org\u00e1nica Argentina Ley 25.127, garantizando la trazabilidad desde el campo hasta el molino. Extra\u00edda del centro del endospermo del grano org\u00e1nico y sometida a una purificaci\u00f3n espec\u00edfica durante la molienda, este producto se distingue por sus part\u00edculas cristalinas de granulometr\u00eda controlada y su bajo contenido de cenizas. Recomendada para elaborar productos artesanales sin cocci\u00f3n y con mucha humedad, como ravioles, \u00f1oquis, fideos y pastas secas<\/p>\n","protected":false},"excerpt":{"rendered":"<p>Elaborada a partir de trigos org\u00e1nicos de alta calidad seleccionados minuciosamente, nuestra harina cumple con la Norma Org\u00e1nica Argentina Ley 25.127, garantizando la trazabilidad desde el campo hasta el molino. Extra\u00edda del centro del endospermo del grano org\u00e1nico y sometida a una purificaci\u00f3n espec\u00edfica durante la molienda, este producto se distingue por sus part\u00edculas cristalinas [&hellip;]<\/p>\n","protected":false},"featured_media":18191,"comment_status":"open","ping_status":"closed","template":"","meta":{"_et_pb_use_builder":"","_et_pb_old_content":"","_et_gb_content_width":"","om_disable_all_campaigns":false,"_monsterinsights_skip_tracking":false,"_monsterinsights_sitenote_active":false,"_monsterinsights_sitenote_note":"","_monsterinsights_sitenote_category":0,"_joinchat":[]},"product_brand":[],"product_cat":[767],"product_tag":[100,128,129,160,161,121,159],"class_list":{"0":"post-18190","1":"product","2":"type-product","3":"status-publish","4":"has-post-thumbnail","6":"product_cat-molino-campodonico-linea-raices-organica","7":"product_tag-gastronomia","8":"product_tag-harina","9":"product_tag-harina-000","10":"product_tag-insumos","11":"product_tag-insumos-gastronomia","12":"product_tag-pizza","13":"product_tag-venta-insumos","15":"first","16":"instock","17":"taxable","18":"shipping-taxable","19":"purchasable","20":"product-type-simple"},"aioseo_notices":[],"_links":{"self":[{"href":"https:\/\/www.oestepizzaparty.com.ar\/index.php?rest_route=\/wp\/v2\/product\/18190","targetHints":{"allow":["GET"]}}],"collection":[{"href":"https:\/\/www.oestepizzaparty.com.ar\/index.php?rest_route=\/wp\/v2\/product"}],"about":[{"href":"https:\/\/www.oestepizzaparty.com.ar\/index.php?rest_route=\/wp\/v2\/types\/product"}],"replies":[{"embeddable":true,"href":"https:\/\/www.oestepizzaparty.com.ar\/index.php?rest_route=%2Fwp%2Fv2%2Fcomments&post=18190"}],"wp:featuredmedia":[{"embeddable":true,"href":"https:\/\/www.oestepizzaparty.com.ar\/index.php?rest_route=\/wp\/v2\/media\/18191"}],"wp:attachment":[{"href":"https:\/\/www.oestepizzaparty.com.ar\/index.php?rest_route=%2Fwp%2Fv2%2Fmedia&parent=18190"}],"wp:term":[{"taxonomy":"product_brand","embeddable":true,"href":"https:\/\/www.oestepizzaparty.com.ar\/index.php?rest_route=%2Fwp%2Fv2%2Fproduct_brand&post=18190"},{"taxonomy":"product_cat","embeddable":true,"href":"https:\/\/www.oestepizzaparty.com.ar\/index.php?rest_route=%2Fwp%2Fv2%2Fproduct_cat&post=18190"},{"taxonomy":"product_tag","embeddable":true,"href":"https:\/\/www.oestepizzaparty.com.ar\/index.php?rest_route=%2Fwp%2Fv2%2Fproduct_tag&post=18190"}],"curies":[{"name":"wp","href":"https:\/\/api.w.org\/{rel}","templated":true}]}}