{"id":18227,"date":"2025-12-03T10:08:51","date_gmt":"2025-12-03T13:08:51","guid":{"rendered":"https:\/\/www.oestepizzaparty.com.ar\/?post_type=product&#038;p=18227"},"modified":"2026-01-08T09:06:56","modified_gmt":"2026-01-08T12:06:56","slug":"harina-italiana-00-magistrale-x-10kg-le-sinfonie","status":"publish","type":"product","link":"https:\/\/www.oestepizzaparty.com.ar\/?product=harina-italiana-00-magistrale-x-10kg-le-sinfonie","title":{"rendered":"Harina Italiana 00 Magistrale x 10kg &#8211; Le sinfonie"},"content":{"rendered":"<p><strong>Harina ideal para productos de panader\u00eda de larga fermentaci\u00f3n, como panettone, veneciana, focaccia, pandoro.<\/strong><\/p>\n<p>Favorece el amasado de masas con ingredientes ricos y grasos. Capaz de asegurar una fermentaci\u00f3n equilibrada durante todas las horas de fermentaci\u00f3n, sin a\u00f1adir dureza a las masas. Aporta suavidad y textura a las masas leudadas sin defectos estructurales. Equilibrado, suave y naturalmente robusto, expresa la combinaci\u00f3n de la necesidad t\u00e9cnica y las necesidades profesionales.<\/p>\n","protected":false},"excerpt":{"rendered":"<p>Harina ideal para productos de panader\u00eda de larga fermentaci\u00f3n, como panettone, veneciana, focaccia, pandoro. Favorece el amasado de masas con ingredientes ricos y grasos. Capaz de asegurar una fermentaci\u00f3n equilibrada durante todas las horas de fermentaci\u00f3n, sin a\u00f1adir dureza a las masas. Aporta suavidad y textura a las masas leudadas sin defectos estructurales. Equilibrado, suave [&hellip;]<\/p>\n","protected":false},"featured_media":18228,"comment_status":"open","ping_status":"closed","template":"","meta":{"_et_pb_use_builder":"","_et_pb_old_content":"","_et_gb_content_width":"","om_disable_all_campaigns":false,"_monsterinsights_skip_tracking":false,"_monsterinsights_sitenote_active":false,"_monsterinsights_sitenote_note":"","_monsterinsights_sitenote_category":0,"_joinchat":[]},"product_brand":[],"product_cat":[689,693],"product_tag":[],"class_list":{"0":"post-18227","1":"product","2":"type-product","3":"status-publish","4":"has-post-thumbnail","6":"product_cat-harinas","7":"product_cat-harinas-importadas","9":"first","10":"outofstock","11":"taxable","12":"shipping-taxable","13":"product-type-simple"},"aioseo_notices":[],"_links":{"self":[{"href":"https:\/\/www.oestepizzaparty.com.ar\/index.php?rest_route=\/wp\/v2\/product\/18227","targetHints":{"allow":["GET"]}}],"collection":[{"href":"https:\/\/www.oestepizzaparty.com.ar\/index.php?rest_route=\/wp\/v2\/product"}],"about":[{"href":"https:\/\/www.oestepizzaparty.com.ar\/index.php?rest_route=\/wp\/v2\/types\/product"}],"replies":[{"embeddable":true,"href":"https:\/\/www.oestepizzaparty.com.ar\/index.php?rest_route=%2Fwp%2Fv2%2Fcomments&post=18227"}],"wp:featuredmedia":[{"embeddable":true,"href":"https:\/\/www.oestepizzaparty.com.ar\/index.php?rest_route=\/wp\/v2\/media\/18228"}],"wp:attachment":[{"href":"https:\/\/www.oestepizzaparty.com.ar\/index.php?rest_route=%2Fwp%2Fv2%2Fmedia&parent=18227"}],"wp:term":[{"taxonomy":"product_brand","embeddable":true,"href":"https:\/\/www.oestepizzaparty.com.ar\/index.php?rest_route=%2Fwp%2Fv2%2Fproduct_brand&post=18227"},{"taxonomy":"product_cat","embeddable":true,"href":"https:\/\/www.oestepizzaparty.com.ar\/index.php?rest_route=%2Fwp%2Fv2%2Fproduct_cat&post=18227"},{"taxonomy":"product_tag","embeddable":true,"href":"https:\/\/www.oestepizzaparty.com.ar\/index.php?rest_route=%2Fwp%2Fv2%2Fproduct_tag&post=18227"}],"curies":[{"name":"wp","href":"https:\/\/api.w.org\/{rel}","templated":true}]}}